{"id":193,"date":"2019-07-30T17:57:10","date_gmt":"2019-07-30T17:57:10","guid":{"rendered":"https:\/\/2019.bratislava.wordcamp.org\/?page_id=193"},"modified":"2019-10-12T10:34:52","modified_gmt":"2019-10-12T08:34:52","slug":"o-wordcamp","status":"publish","type":"page","link":"https:\/\/bratislava.wordcamp.org\/2019\/","title":{"rendered":"O WordCamp"},"content":{"rendered":"\n<div class=\"main-hero\">\n<h1 class=\"title\"><span class=\"strong\">WordCamp<\/span> Bratislava 2019<\/h1>\n<div class=\"buttons\">\n<a href=\"https:\/\/youtu.be\/bbfeB7k_Wkw\" class=\"button button-primary\">LifeStream<\/a>\n<\/div>\n<\/div>\n\n\n\n<p>Konferencia WordCamp je ur\u010den\u00e1 v\u0161etk\u00fdm fan\u00fa\u0161ikom redak\u010dn\u00e9ho syst\u00e9mu&nbsp;<a href=\"https:\/\/wordpress.org\/\">WordPress<\/a>. Kon\u00e1 sa&nbsp;<a href=\"https:\/\/central.wordcamp.org\/\">po celom svete<\/a>&nbsp;a na Slovensku u\u017e&nbsp;<strong>po \u00f4smy rok<\/strong>.<\/p>\n\n\n\n<p>Konferencia bude prebieha\u0165 v priestoroch FIIT STU Bratislava v sobotu 12.10.2019. Tento rok si cca 300 \u00fa\u010dastn\u00edkov bude m\u00f4c\u0165 vybra\u0165 z programu v troch miestnostiach, kde si na svoje pr\u00eddu ako pou\u017e\u00edvatelia, tak aj daveloperi. Tretia miestnos\u0165 bude venovan\u00e1 praktick\u00fdm workshopom. Minim\u00e1lne tretina predn\u00e1\u0161ok bude v angli\u010dtine. <\/p>\n\n\n\n<p style=\"text-align:left\">Na piatok 11.10.2019 je pripraven\u00fd&nbsp;<strong>Contributor Day<\/strong>, po\u010das ktor\u00e9ho sa d\u00e1 priamo&nbsp;<strong>zapoji\u0165<\/strong>&nbsp;k&nbsp;<strong>tvorbe<\/strong>&nbsp;WordPress a&nbsp;<strong>podpori\u0165<\/strong>&nbsp;lok\u00e1lnu komunitu. Po\u010das Contributor Day sa zv\u00e4\u010d\u0161a zaober\u00e1me&nbsp;<strong>slovensk\u00fdm prekladom<\/strong>&nbsp;WordPress a pluginov,&nbsp;<strong>stretnutiam<\/strong>&nbsp;vo vybran\u00fdch mest\u00e1ch a ostatn\u00fdm veciam, ktor\u00e9 prispievaj\u00fa k&nbsp;<strong>zlep\u0161eniu<\/strong>&nbsp;a \u0161\u00edreniu WordPress na Slovenku.<br><br><\/p>\n\n\n\n<h2 class=\"wp-block-heading\">About WordCamp<\/h2>\n\n\n\n<p>WordCamp Bratislava 2019 will be 8th edition of this WordPress open-source community event in Slovakia. <\/p>\n\n\n\n<p>This years venue will be the Faculty of informatics and information technology. WordCamp Bratislava will take place in three conference rooms (users, developers, workshops) and at least one third of the talks will be in English. <br><br>Contributor day will be on Friday October 11th. <\/p>\n","protected":false},"excerpt":{"rendered":"<p>WordCamp Bratislava 2019 LifeStream Konferencia WordCamp je ur\u010den\u00e1 v\u0161etk\u00fdm fan\u00fa\u0161ikom redak\u010dn\u00e9ho syst\u00e9mu&nbsp;WordPress. Kon\u00e1 sa&nbsp;po celom svete&nbsp;a na Slovensku u\u017e&nbsp;po \u00f4smy rok. Konferencia bude prebieha\u0165 v priestoroch FIIT STU Bratislava v sobotu 12.10.2019. Tento rok si cca 300 \u00fa\u010dastn\u00edkov bude m\u00f4c\u0165 vybra\u0165 z programu v troch miestnostiach, kde si na svoje pr\u00eddu ako pou\u017e\u00edvatelia, tak aj [&hellip;]<\/p>\n","protected":false},"author":14938742,"featured_media":0,"parent":0,"menu_order":0,"comment_status":"closed","ping_status":"closed","template":"","meta":{"jetpack_post_was_ever_published":false,"footnotes":""},"class_list":["post-193","page","type-page","status-publish","hentry"],"jetpack_sharing_enabled":true,"jetpack_shortlink":"https:\/\/wp.me\/Paxzx0-37","_links":{"self":[{"href":"https:\/\/bratislava.wordcamp.org\/2019\/wp-json\/wp\/v2\/pages\/193","targetHints":{"allow":["GET"]}}],"collection":[{"href":"https:\/\/bratislava.wordcamp.org\/2019\/wp-json\/wp\/v2\/pages"}],"about":[{"href":"https:\/\/bratislava.wordcamp.org\/2019\/wp-json\/wp\/v2\/types\/page"}],"replies":[{"embeddable":true,"href":"https:\/\/bratislava.wordcamp.org\/2019\/wp-json\/wp\/v2\/comments?post=193"}],"version-history":[{"count":19,"href":"https:\/\/bratislava.wordcamp.org\/2019\/wp-json\/wp\/v2\/pages\/193\/revisions"}],"predecessor-version":[{"id":1335,"href":"https:\/\/bratislava.wordcamp.org\/2019\/wp-json\/wp\/v2\/pages\/193\/revisions\/1335"}],"author":[{"embeddable":true,"href":"https:\/\/bratislava.wordcamp.org\/2019\/wp-json\/wporg\/v1\/users\/webkoder"}],"wp:attachment":[{"href":"https:\/\/bratislava.wordcamp.org\/2019\/wp-json\/wp\/v2\/media?parent=193"}],"curies":[{"name":"wp","href":"https:\/\/api.w.org\/{rel}","templated":true}]}}