{"id":12,"date":"2018-11-23T11:40:27","date_gmt":"2018-11-23T10:40:27","guid":{"rendered":"https:\/\/2019.bratislava.wordcamp.org\/organizers\/"},"modified":"2019-10-04T16:28:40","modified_gmt":"2019-10-04T14:28:40","slug":"organizers","status":"publish","type":"page","link":"https:\/\/bratislava.wordcamp.org\/2019\/organizers\/","title":{"rendered":"Organiz\u00e1tori"},"content":{"rendered":"<p>Zozn\u00e1mte sa s t\u00edmom organiz\u00e1torov konferencie WordCamp Bratislava 2019. Dobrovo\u013ene a bez n\u00e1roku na finan\u010dn\u00fa odmenu venuj\u00fa svoj \u010das, sk\u00fasenosti a energiu, aby sa aj tento rok mohol kona\u0165 WordCamp v Bratislave.<\/p>\n\t<div class=\"wcorg-organizers\">\n\n\t\t\n\t\t\t<div class=\"wcorg-organizer\">\n\t\t\t\t<h2>Peter Nem\u010dok<\/h2>\n\t\t\t\t<div class=\"wcorg-organizer-description\">\n\t\t\t\t\t\t\t\t\t\t<img alt='' src='https:\/\/secure.gravatar.com\/avatar\/e286b52ca6080c7457f0e382fa70e3f4e8780c2df5891b4c3161eeba14c08117?s=100&#038;d=mm&#038;r=g' srcset='https:\/\/secure.gravatar.com\/avatar\/e286b52ca6080c7457f0e382fa70e3f4e8780c2df5891b4c3161eeba14c08117?s=200&#038;d=mm&#038;r=g 2x' class='avatar avatar-100 photo' height='100' width='100' \/>\t\t\t\t\t<p>WordPress som objavil v roku 2008 a hne\u010f som si ho zamiloval pre jeho jednoduchos\u0165 a dostupnos\u0165. Chv\u00ed\u013eu na to som objavil WordPress komunitu, ktor\u00e9 je pre m\u0148a motiv\u00e1ciou pre organizovanie WordCampov a koordinovanie slovensk\u00e9ho prekladu WordPress. Ve\u013emi r\u00e1d sa del\u00edm o moje sk\u00fasenosti a vedomosti formou predn\u00e1\u0161ok a \u0161kolen\u00ed, napr\u00edklad aj v <a href=\"https:\/\/wpacademy.sk\" rel=\"nofollow\">WP Academy<\/a>, \u010di <a href=\"https:\/\/cryptoacademy.sk\">Crypto Academy<\/a>. Z tohto hobby pom\u00e1ha\u0165 ostatn\u00fdm vznikla aj na\u0161a\u00a0<a href=\"https:\/\/webikon.sk\" rel=\"nofollow\">WordPress agent\u00fara Webikon<\/a>, kde tvor\u00edme komplexn\u00e9 webov\u00e9 syst\u00e9my postaven\u00e9 na open-source syst\u00e9moch. T\u00e9mam slobody a kryptomien sa venuje m\u00f4j \u010fal\u0161\u00ed projekt <a href=\"https:\/\/paralelnapolis.sk\">Paraleln\u00e1 Polis<\/a>.<\/p>\n\t\t\t\t<\/div>\n\t\t\t<\/div>\n\n\t\t\n\t\t\t<div class=\"wcorg-organizer\">\n\t\t\t\t<h2>Katar\u00edna Novotn\u00e1<\/h2>\n\t\t\t\t<div class=\"wcorg-organizer-description\">\n\t\t\t\t\t\t\t\t\t\t<img alt='' src='https:\/\/secure.gravatar.com\/avatar\/934752bbd79f5288010f8e937ff2b65744bcc36b3b9aae279b55173ca207c6a6?s=100&#038;d=mm&#038;r=g' srcset='https:\/\/secure.gravatar.com\/avatar\/934752bbd79f5288010f8e937ff2b65744bcc36b3b9aae279b55173ca207c6a6?s=200&#038;d=mm&#038;r=g 2x' class='avatar avatar-100 photo' height='100' width='100' \/>\t\t\t\t\t<p>WordPress som objavila pribli\u017ene 8 rokov dozadu a bola to l\u00e1ska na prv\u00fd poh\u013ead. Viac ako 5 roky som akt\u00edvna vo WordPress komunite.\u00a0Som organiz\u00e1torkou WordCamp Bratislava a pravideln\u00fdch Bratislavsk\u00fdch <a href=\"https:\/\/www.meetup.com\/Bratislava-WordPress-Community\/\">WordPress meetupov<\/a>. Pracujem ako affiliate mana\u017e\u00e9r v sieti <a href=\"https:\/\/www.dognet.sk\" rel=\"nofollow\">Dognet<\/a>. Vo vo\u013enom \u010dase tvor\u00edm webov\u00e9 str\u00e1nky, blogujem na <a href=\"http:\/\/xkatka.sk\">xkatka.sk<\/a> a star\u00e1m sa o svoj eshop <a href=\"http:\/\/vejare.sk\">Vejare.sk<\/a>. SEO, PPC a in\u00e9 skratky s\u00fa mi tie\u017e ve\u013emi bl\u00edzke. Bez internetu dok\u00e1\u017eem pre\u017ei\u0165 maxim\u00e1lne 3 dni #vyskusaneZaVas.<\/p>\n\t\t\t\t<\/div>\n\t\t\t<\/div>\n\n\t\t\n\t\t\t<div class=\"wcorg-organizer\">\n\t\t\t\t<h2>Alexander Mrav\u010d\u00e1k<\/h2>\n\t\t\t\t<div class=\"wcorg-organizer-description\">\n\t\t\t\t\t\t\t\t\t\t<img alt='' src='https:\/\/secure.gravatar.com\/avatar\/bcc1dfcea22251d479e5256ab3132d614dba1ad65905af47a22326aa6d53f357?s=100&#038;d=mm&#038;r=g' srcset='https:\/\/secure.gravatar.com\/avatar\/bcc1dfcea22251d479e5256ab3132d614dba1ad65905af47a22326aa6d53f357?s=200&#038;d=mm&#038;r=g 2x' class='avatar avatar-100 photo' height='100' width='100' \/>\t\t\t\t\t<p>Webov\u00fd dizajn\u00e9r, developer a konzultant. S WordPress pracujem od roku 2008. Riadite\u013e <a href=\"https:\/\/vizio.sk\/\" rel=\"nofollow\">webov\u00e9ho \u0161t\u00fadia Vizio<\/a>.<\/p>\n\t\t\t\t<\/div>\n\t\t\t<\/div>\n\n\t\t\n\t\t\t<div class=\"wcorg-organizer\">\n\t\t\t\t<h2>Tom\u00e1\u0161 Bug\u00e1\u0148<\/h2>\n\t\t\t\t<div class=\"wcorg-organizer-description\">\n\t\t\t\t\t\t\t\t\t\t<img alt='' src='https:\/\/secure.gravatar.com\/avatar\/65f2c3a7a003521cded3b9febc6f07578bf8c0745c7edea0b3031d0c3f0305e9?s=100&#038;d=mm&#038;r=g' srcset='https:\/\/secure.gravatar.com\/avatar\/65f2c3a7a003521cded3b9febc6f07578bf8c0745c7edea0b3031d0c3f0305e9?s=200&#038;d=mm&#038;r=g 2x' class='avatar avatar-100 photo' height='100' width='100' \/>\t\t\t\t\t<p>WordPress som si ob\u013e\u00fabil e\u0161te v roku 2009. Zap\u00e1\u010dilo sa mi \u013eahk\u00e9 pou\u017e\u00edvanie a mo\u017enos\u0165 web r\u00fdchlo roz\u0161irova\u0165 o nov\u00e9 funkcie. Dnes vediem vlastn\u00fa digit\u00e1lnu agent\u00faru, kde vytv\u00e1rame <a href=\"https:\/\/bugesweb.sk\/\" target=\"_blank\" rel=\"noopener noreferrer\">WordPress weby &#8211; BugesWeb<\/a>. Pom\u00e1ham tie\u017e \u013eu\u010fom nau\u010di\u0165 sa tvori\u0165 vlastn\u00e9 weby vo <a href=\"https:\/\/wpacademy.sk\/\" target=\"_blank\" rel=\"noopener noreferrer nofollow\">WPAcademy<\/a> a za\u010d\u00ednaj\u00facim podnikate\u013eom u\u0161etri\u0165 \u010das, peniaze a rozbehn\u00fa\u0165 svoje podnikanie v <a href=\"https:\/\/inspiredbusiness.academy\/\" target=\"_blank\" rel=\"noopener noreferrer\">Inspired Business Academy<\/a>.<\/p>\n\t\t\t\t<\/div>\n\t\t\t<\/div>\n\n\t\t\n\t\t\t<div class=\"wcorg-organizer\">\n\t\t\t\t<h2>Vladim\u00edr Juro\u0161ko<\/h2>\n\t\t\t\t<div class=\"wcorg-organizer-description\">\n\t\t\t\t\t\t\t\t\t\t<img alt='' src='https:\/\/secure.gravatar.com\/avatar\/f6f670903895ce0e0b8096d87e05802a06ee523a580d28047f2ec51e33bb1a9e?s=100&#038;d=mm&#038;r=g' srcset='https:\/\/secure.gravatar.com\/avatar\/f6f670903895ce0e0b8096d87e05802a06ee523a580d28047f2ec51e33bb1a9e?s=200&#038;d=mm&#038;r=g 2x' class='avatar avatar-100 photo' height='100' width='100' \/>\t\t\t\t\t<p>Som WordPress odborn\u00edk a autor \u010dl\u00e1nkov na: <a href=\"https:\/\/wp.sk\" target=\"_blank\" rel=\"noopener\"><strong>WP.sk<\/strong><\/a>, <strong><a href=\"https:\/\/svetwp.cz\" target=\"_blank\" rel=\"noopener\">sv\u011btWP.cz<\/a><\/strong>, <strong><a href=\"https:\/\/wproom.com\" target=\"_blank\" rel=\"noopener\">WProom.com<\/a><\/strong>, <strong><a href=\"https:\/\/wproom.de\" target=\"_blank\" rel=\"noopener\">WProom.de<\/a><\/strong>,\u00a0<strong><a href=\"https:\/\/swiatwp.pl\" target=\"_blank\" rel=\"noopener\">\u015bwiatWP.pl<\/a> <\/strong>a\u00a0<strong><a href=\"https:\/\/wpvilaga.hu\" target=\"_blank\" rel=\"noopener\">WPvil\u00e1ga.hu<\/a><\/strong>.<\/p>\n\t\t\t\t<\/div>\n\t\t\t<\/div>\n\n\t\t\n\t\t\t<div class=\"wcorg-organizer\">\n\t\t\t\t<h2>Veronika Stopkov\u00e1<\/h2>\n\t\t\t\t<div class=\"wcorg-organizer-description\">\n\t\t\t\t\t\t\t\t\t\t<img alt='' src='https:\/\/secure.gravatar.com\/avatar\/5e9de2f8802778e7a06799b62a307370b957105ac15510f68ca86811b2ebf5f7?s=100&#038;d=mm&#038;r=g' srcset='https:\/\/secure.gravatar.com\/avatar\/5e9de2f8802778e7a06799b62a307370b957105ac15510f68ca86811b2ebf5f7?s=200&#038;d=mm&#038;r=g 2x' class='avatar avatar-100 photo' height='100' width='100' \/>\t\t\t\t\t<p>Do WordPress-u ma \u201czasv\u00e4til\u201d man\u017eel pribli\u017ene pred 2 rokmi. Ob\u013e\u00fabila som si ho pre jeho \u0161irok\u00e9 spektrum pou\u017eitia a skvel\u00e9 t\u00e9my. V s\u00fa\u010dasnosti vediem rodinn\u00fa firmu a s prib\u00fadaj\u00facimi sk\u00fasenos\u0165ami <a href=\"https:\/\/smartweb4u.sk\/\" target=\"_blank\" rel=\"noopener noreferrer\">tvor\u00edm weby a eshop<\/a>y nielen pre zn\u00e1mych.<\/p>\n\t\t\t\t<\/div>\n\t\t\t<\/div>\n\n\t\t\n\t\t\t<div class=\"wcorg-organizer\">\n\t\t\t\t<h2>Daniel Stopka<\/h2>\n\t\t\t\t<div class=\"wcorg-organizer-description\">\n\t\t\t\t\t\t\t\t\t\t<img alt='' src='https:\/\/secure.gravatar.com\/avatar\/aa3a71bc9161a7074e93bd332aa0e9ad9920cdd6c576d2eeb3a6b877c4c91aaf?s=100&#038;d=mm&#038;r=g' srcset='https:\/\/secure.gravatar.com\/avatar\/aa3a71bc9161a7074e93bd332aa0e9ad9920cdd6c576d2eeb3a6b877c4c91aaf?s=200&#038;d=mm&#038;r=g 2x' class='avatar avatar-100 photo' height='100' width='100' \/>\t\t\t\t\t<p>K WordPress-u som sa dostal \u00faplnou \u201cn\u00e1hodou\u201d asi pred 5 rokmi. Vtedy som za\u010dal sk\u00fama\u0165 ako funguj\u00fa webov\u00e9 str\u00e1nky a ve\u013emi ma to zaujalo. Rozhodol som sa, \u017ee sa ako samouk nau\u010d\u00edm programova\u0165 a v podstate ma to doteraz st\u00e1le dr\u017e\u00ed. Bav\u00ed ma objavova\u0165 nov\u00e9 technol\u00f3gie a zdokonalova\u0165 sa. Svoju kari\u00e9ru som za\u010d\u00ednal webov\u00fdmi str\u00e1nkami pre zn\u00e1mych, nesk\u00f4r som robil ako freelancer v\u00e4\u010d\u0161inou pre zahrani\u010dn\u00fdch klientov, kde som robil rie\u0161enia od jednoduch\u00fdch webov a\u017e po viacjazy\u010dn\u00e9 eshopy. Moment\u00e1lne spolupracujem so spolo\u010dnos\u0165ou Toptal ako WordPress developer.<\/p>\n\t\t\t\t<\/div>\n\t\t\t<\/div>\n\n\t\t\n\t\t\t<div class=\"wcorg-organizer\">\n\t\t\t\t<h2>Ondrej Lajzo<\/h2>\n\t\t\t\t<div class=\"wcorg-organizer-description\">\n\t\t\t\t\t\t\t\t\t\t<img alt='' src='https:\/\/secure.gravatar.com\/avatar\/74745465c98e65dee8c1e5b8ab7a45b1c7494b6753ae5674479abe723e352b37?s=100&#038;d=mm&#038;r=g' srcset='https:\/\/secure.gravatar.com\/avatar\/74745465c98e65dee8c1e5b8ab7a45b1c7494b6753ae5674479abe723e352b37?s=200&#038;d=mm&#038;r=g 2x' class='avatar avatar-100 photo' height='100' width='100' \/>\t\t\t\t\t<p>WordPress som za\u010dal bra\u0165 ako v\u00e1\u017enu vec pribli\u017ene pred 4 rokmi. Najprv som sk\u00fa\u0161al \u010do v\u0161etko dok\u00e1\u017ee, a po roku som za\u010dal tvori\u0165 str\u00e1nky pre zn\u00e1mych. Samozrejme zo za\u010diatku zadarmo. Nesk\u00f4r, ke\u010f u\u017e toho bolo viac, som sa odv\u00e1\u017eil si aj p\u00fdta\u0165 peniaze za svoju robotu a za\u010dala ma tvorba webu bavi\u0165 e\u0161te viac. Vo vo\u013enom \u010dase popri pr\u00e1ci a \u0161t\u00fadiu sa venujem <a href=\"https:\/\/lajzo.sk\/\" target=\"_blank\" rel=\"noopener noreferrer\">tvorbe a spr\u00e1ve webov\u00fdch str\u00e1nok<\/a> a od roku 2017 sa z\u00fa\u010dast\u0148ujem aj WordCamp Bratislava.<\/p>\n\t\t\t\t<\/div>\n\t\t\t<\/div>\n\n\t\t\n\t\t\t<div class=\"wcorg-organizer\">\n\t\t\t\t<h2>J\u00e1n Bo\u010d\u00ednec<\/h2>\n\t\t\t\t<div class=\"wcorg-organizer-description\">\n\t\t\t\t\t\t\t\t\t\t<img alt='' src='https:\/\/secure.gravatar.com\/avatar\/04a535e3b56d05ac72fc54c0e7bece6060e333035523f7b1772d42653c6f7ea5?s=100&#038;d=mm&#038;r=g' srcset='https:\/\/secure.gravatar.com\/avatar\/04a535e3b56d05ac72fc54c0e7bece6060e333035523f7b1772d42653c6f7ea5?s=200&#038;d=mm&#038;r=g 2x' class='avatar avatar-100 photo' height='100' width='100' \/>\t\t\t\t\t\t\t\t\t<\/div>\n\t\t\t<\/div>\n\n\t\t\n\t\t\t<div class=\"wcorg-organizer\">\n\t\t\t\t<h2>Peter Da\u0148ko<\/h2>\n\t\t\t\t<div class=\"wcorg-organizer-description\">\n\t\t\t\t\t\t\t\t\t\t<img alt='' src='https:\/\/secure.gravatar.com\/avatar\/53c1cc8f7f1355cab4c90bf13dfc034fb1b8a9e5d1311c1ae58661466824e51d?s=100&#038;d=mm&#038;r=g' srcset='https:\/\/secure.gravatar.com\/avatar\/53c1cc8f7f1355cab4c90bf13dfc034fb1b8a9e5d1311c1ae58661466824e51d?s=200&#038;d=mm&#038;r=g 2x' class='avatar avatar-100 photo' height='100' width='100' \/>\t\t\t\t\t<p>V Ko\u0161iciach spoluorganizujem WordPress meetupy a tie\u017e som bol pri oboch ko\u0161ick\u00fdch WordCampoch. Tento rok v\u0161ak priklad\u00e1m ruku aj k tomu bratislavsk\u00e9mu. Okrem toho moment\u00e1lne pracujem ako \u010dlen t\u00edmu WP Masters, kde sa venujeme tvorbe a spr\u00e1ve v\u00fdhradne WordPress webov, popritom som v\u0161ak st\u00e1le \u0161tudentom denn\u00e9ho \u0161t\u00fadia na Technickej univerzite v Ko\u0161iciach.<\/p>\n\t\t\t\t<\/div>\n\t\t\t<\/div>\n\n\t\t\n\t\t\t<div class=\"wcorg-organizer\">\n\t\t\t\t<h2>Peter Nagy<\/h2>\n\t\t\t\t<div class=\"wcorg-organizer-description\">\n\t\t\t\t\t\t\t\t\t\t<img alt='' src='https:\/\/secure.gravatar.com\/avatar\/acfa38b2482f2bf5ecd74bd624f1a7b9dfc4a9c718671c283cfcd51f41a6fd1d?s=100&#038;d=mm&#038;r=g' srcset='https:\/\/secure.gravatar.com\/avatar\/acfa38b2482f2bf5ecd74bd624f1a7b9dfc4a9c718671c283cfcd51f41a6fd1d?s=200&#038;d=mm&#038;r=g 2x' class='avatar avatar-100 photo' height='100' width='100' \/>\t\t\t\t\t\n<p>Zaober\u00e1m sa <strong>vizu\u00e1lnym dizajnom<\/strong> a\u00a0<strong>tvorbou webov\u00fdch str\u00e1nok<\/strong>. V\u00a0s\u00fa\u010dasnosti pracujem na zalo\u017een\u00ed vlastnej digit\u00e1lnej agent\u00fary <strong><a href=\"http:\/\/drossel.sk\">Drossel Studio<\/a><\/strong>.<\/p>\n\t\t\t\t<\/div>\n\t\t\t<\/div>\n\n\t\t\n\t\t\t<div class=\"wcorg-organizer\">\n\t\t\t\t<h2>Tom\u00e1\u0161 Buday<\/h2>\n\t\t\t\t<div class=\"wcorg-organizer-description\">\n\t\t\t\t\t\t\t\t\t\t<img alt='' src='https:\/\/secure.gravatar.com\/avatar\/3a7729fca4352501dbcf50495b9673a1ad79f46b0afb9cf3faf5ba1e3b2c8c13?s=100&#038;d=mm&#038;r=g' srcset='https:\/\/secure.gravatar.com\/avatar\/3a7729fca4352501dbcf50495b9673a1ad79f46b0afb9cf3faf5ba1e3b2c8c13?s=200&#038;d=mm&#038;r=g 2x' class='avatar avatar-100 photo' height='100' width='100' \/>\t\t\t\t\t\t\t\t\t<\/div>\n\t\t\t<\/div>\n\n\t\t\n\t\t\t<div class=\"wcorg-organizer\">\n\t\t\t\t<h2>L\u00edvia Poto\u010d\u0148\u00e1kov\u00e1<\/h2>\n\t\t\t\t<div class=\"wcorg-organizer-description\">\n\t\t\t\t\t\t\t\t\t\t<img alt='' src='https:\/\/secure.gravatar.com\/avatar\/a19407863cdf663a6d9487ec2b41558127863e5da45ca9d2475de15dab6a410c?s=100&#038;d=mm&#038;r=g' srcset='https:\/\/secure.gravatar.com\/avatar\/a19407863cdf663a6d9487ec2b41558127863e5da45ca9d2475de15dab6a410c?s=200&#038;d=mm&#038;r=g 2x' class='avatar avatar-100 photo' height='100' width='100' \/>\t\t\t\t\t\t\t\t\t<\/div>\n\t\t\t<\/div>\n\n\t\t\n\t<\/div><!-- .wcorg-organizers -->\n\t\n","protected":false},"excerpt":{"rendered":"<p>Zozn\u00e1mte sa s t\u00edmom organiz\u00e1torov konferencie WordCamp Bratislava 2019. Dobrovo\u013ene a bez n\u00e1roku na finan\u010dn\u00fa odmenu venuj\u00fa svoj \u010das, sk\u00fasenosti a energiu, aby sa aj tento rok mohol kona\u0165 WordCamp v Bratislave.<\/p>\n","protected":false},"author":14568073,"featured_media":0,"parent":0,"menu_order":0,"comment_status":"closed","ping_status":"closed","template":"","meta":{"jetpack_post_was_ever_published":false,"footnotes":""},"class_list":["post-12","page","type-page","status-publish","hentry"],"jetpack_sharing_enabled":true,"jetpack_shortlink":"https:\/\/wp.me\/Paxzx0-c","_links":{"self":[{"href":"https:\/\/bratislava.wordcamp.org\/2019\/wp-json\/wp\/v2\/pages\/12","targetHints":{"allow":["GET"]}}],"collection":[{"href":"https:\/\/bratislava.wordcamp.org\/2019\/wp-json\/wp\/v2\/pages"}],"about":[{"href":"https:\/\/bratislava.wordcamp.org\/2019\/wp-json\/wp\/v2\/types\/page"}],"author":[{"embeddable":true,"href":"https:\/\/bratislava.wordcamp.org\/2019\/wp-json\/wp\/v2\/users\/14568073"}],"replies":[{"embeddable":true,"href":"https:\/\/bratislava.wordcamp.org\/2019\/wp-json\/wp\/v2\/comments?post=12"}],"version-history":[{"count":5,"href":"https:\/\/bratislava.wordcamp.org\/2019\/wp-json\/wp\/v2\/pages\/12\/revisions"}],"predecessor-version":[{"id":1227,"href":"https:\/\/bratislava.wordcamp.org\/2019\/wp-json\/wp\/v2\/pages\/12\/revisions\/1227"}],"wp:attachment":[{"href":"https:\/\/bratislava.wordcamp.org\/2019\/wp-json\/wp\/v2\/media?parent=12"}],"curies":[{"name":"wp","href":"https:\/\/api.w.org\/{rel}","templated":true}]}}