{"id":17,"date":"2017-11-29T09:38:20","date_gmt":"2017-11-29T09:38:20","guid":{"rendered":"https:\/\/2018.bratislava.wordcamp.org\/contact\/"},"modified":"2018-01-26T16:28:51","modified_gmt":"2018-01-26T15:28:51","slug":"kontakt","status":"publish","type":"page","link":"https:\/\/bratislava.wordcamp.org\/2018\/kontakt\/","title":{"rendered":"Kontakt"},"content":{"rendered":"<p>M\u00e1te nejak\u00e9 ot\u00e1zky oh\u013eadne WordCamp? Pokojne n\u00e1m nap\u00ed\u0161te spr\u00e1vu cez formul\u00e1r.<\/p>\n<p>&nbsp;<\/p>\n<p><strong>Kontakt na hlavn\u00e9ho organiz\u00e1tora:<\/strong><\/p>\n<p>Ing. Katar\u00edna Novotn\u00e1<br \/>\nbratislava@wordcamp.org<br \/>\n0915 355 072<\/p>\n<p>&nbsp;<\/p>\n<div data-test='contact-form'\n\t\t\tid='contact-form-17'\n\t\t\tclass='wp-block-jetpack-contact-form-container '\n\t\t\tdata-wp-interactive='jetpack\/form' data-wp-context='{\"formId\":\"17\",\"formHash\":\"454c6c22de2410096eaa77397ea0f1c77d560833\",\"showErrors\":false,\"errors\":[],\"fields\":[],\"isMultiStep\":false,\"useAjax\":true,\"submissionData\":null,\"formattedSubmissionData\":[],\"submissionSuccess\":false,\"submissionError\":null,\"elementId\":\"jp-form-454c6c22de2410096eaa77397ea0f1c77d560833\",\"isSingleInputForm\":false}'\n\t\t\tdata-wp-watch--scroll-to-wrapper=\"callbacks.scrollToWrapper\"\n\t\t>\n<div class=\"contact-form-submission contact-form-ajax-submission\" data-wp-bind--aria-hidden=\"state.isSuccessMessageAriaHidden\" data-wp-class--submission-success=\"context.submissionSuccess\" id=\"contact-form-success-454c6c22de2410096eaa77397ea0f1c77d560833\" tabindex=\"-1\" aria-labelledby=\"contact-form-success-header-454c6c22de2410096eaa77397ea0f1c77d560833\"><p class=\"go-back-message\"><a class=\"link\" role=\"button\" tabindex=\"0\" data-wp-on--click=\"actions.goBack\" href=\"\/2018\/wp-json\/wp\/v2\/pages\/17\">\u2190 Back<\/a><\/p><h4 data-wp-bind--aria-hidden=\"state.isSuccessMessageAriaHidden\" id=\"contact-form-success-header-454c6c22de2410096eaa77397ea0f1c77d560833\">Your message has been sent<\/h4>\n\n<template data-wp-each--submission=\"context.formattedSubmissionData\">\n\t\t\t\t\t<div class=\"jetpack_forms_contact-form-success-summary\">\n\t\t\t\t\t\t<div class=\"field-name\" data-wp-text=\"context.submission.label\" data-wp-bind--hidden=\"!context.submission.label\"><\/div>\n\t\t\t\t\t\t<div class=\"field-value\" data-wp-text=\"context.submission.value\" data-wp-bind--hidden=\"!context.submission.showPlainValue\"><\/div>\n\t\t\t\t\t\t<a class=\"field-url\" data-wp-bind--href=\"context.submission.url\" data-wp-text=\"context.submission.value\" data-wp-bind--hidden=\"!context.submission.url\" target=\"_blank\" rel=\"noopener noreferrer\"><\/a>\n\t\t\t\t\t\t<div class=\"field-rating\" data-wp-bind--hidden=\"!context.submission.rating\" data-wp-watch=\"callbacks.watchRatingIcons\"><\/div>\n\t\t\t\t\t\t<div class=\"field-images\" data-wp-bind--hidden=\"!context.submission.images\">\n\t\t\t\t\t\t\t<template data-wp-each--image=\"context.submission.images\">\n\t\t\t\t\t\t\t\t<div class=\"field-image-option\" data-wp-class--is-empty=\"!context.image.src\">\n\t\t\t\t\t\t\t\t\t<figure class=\"field-image-option__image\" data-wp-class--is-empty=\"!context.image.src\">\n\t\t\t\t\t\t\t\t\t\t<img data-wp-bind--src=\"context.image.src\" data-wp-bind--hidden=\"!context.image.src\" \/>\n\t\t\t\t\t\t\t\t\t\t<img decoding=\"async\" src=\"data:image\/gif;base64,R0lGODlhAQABAAD\/ACwAAAAAAQABAAACADs=\" data-wp-bind--hidden=\"context.image.src\" \/>\n\t\t\t\t\t\t\t\t\t<\/figure>\n\t\t\t\t\t\t\t\t\t<div class=\"field-image-option__label-wrapper\">\n\t\t\t\t\t\t\t\t\t\t<span class=\"field-image-option__label-code\" data-wp-text=\"context.image.letterCode\"><\/span>\n\t\t\t\t\t\t\t\t\t\t<span class=\"field-image-option__label\" data-wp-text=\"context.image.label\" data-wp-bind--hidden=\"!context.image.label\"><\/span>\n\t\t\t\t\t\t\t\t\t<\/div>\n\t\t\t\t\t\t\t\t<\/div>\n\t\t\t\t\t\t\t<\/template>\n\t\t\t\t\t\t<\/div>\n\t\t\t\t\t\t<div class=\"field-files\" data-wp-bind--hidden=\"!context.submission.files\">\n\t\t\t\t\t\t\t<template data-wp-each--file=\"context.submission.files\">\n\t\t\t\t\t\t\t\t<div class=\"field-file\">\n\t\t\t\t\t\t\t\t\t<div class=\"field-file__thumbnail\" data-wp-style--background-image=\"context.file.previewUrl\" data-wp-style--mask-image=\"context.file.iconUrl\" data-wp-bind--hidden=\"!context.file.hasPreview\"><\/div>\n\t\t\t\t\t\t\t\t\t<svg class=\"field-file__icon\" data-wp-bind--hidden=\"context.file.hasPreview\" width=\"20\" height=\"20\" viewBox=\"0 0 24 24\" fill=\"none\" xmlns=\"http:\/\/www.w3.org\/2000\/svg\" aria-hidden=\"true\">\n\t\t\t\t\t\t\t\t\t\t<path d=\"M14 2H6C4.9 2 4 2.9 4 4V20C4 21.1 4.89 22 5.99 22H18C19.1 22 20 21.1 20 20V8L14 2ZM18 20H6V4H13V9H18V20Z\" fill=\"currentColor\"\/>\n\t\t\t\t\t\t\t\t\t<\/svg>\n\t\t\t\t\t\t\t\t\t<span class=\"field-file__name\" data-wp-text=\"context.file.name\"><\/span>\n\t\t\t\t\t\t\t\t\t<span class=\"field-file__size\" data-wp-text=\"context.file.size\"><\/span>\n\t\t\t\t\t\t\t\t<\/div>\n\t\t\t\t\t\t\t<\/template>\n\t\t\t\t\t\t<\/div>\n\t\t\t\t\t<\/div>\n\t\t\t\t<\/template><\/div><form action='https:\/\/bratislava.wordcamp.org\/2018\/kontakt\/'\n\t\t\t\tid='jp-form-454c6c22de2410096eaa77397ea0f1c77d560833'\n\t\t\t\tmethod='post'\n\t\t\t\tclass='contact-form commentsblock' aria-label=\"Kontakt\"\n\t\t\t\tdata-wp-on--submit=\"actions.onFormSubmit\"\n\t\t\t\tdata-wp-on--reset=\"actions.onFormReset\"\n\t\t\t\tdata-wp-class--submission-success=\"context.submissionSuccess\"\n\t\t\t\tdata-wp-class--is-first-step=\"state.isFirstStep\"\n\t\t\t\tdata-wp-class--is-last-step=\"state.isLastStep\"\n\t\t\t\tdata-wp-class--is-ajax-form=\"context.useAjax\"\n\t\t\t\tnovalidate >\n<input type='hidden' name='jetpack_contact_form_jwt' value='eyJ0eXAiOiJKV1QiLCJhbGciOiJIUzI1NiJ9.eyJlbmNyeXB0ZWRfYXR0cmlidXRlcyI6IjB3S0xsOGlmNzExUDhFQmpteWVvYzlGem1hMm1YNFRDV3hSbHdwMk1PQThNT3Jwb3V0dlNLaVNTQUhKNmJKMUhLMWxJODJaOUZoNFRpU0tud2VDanpaM0k2bWxFaWJ4bThDYUMvNDFkUmtXSGpSSUlNRFVaaHlpdVNXR3NSYjFKQUxuWE51bWRjLzN2YWcyMnl4Sm8vR1lmczhVNmJYTmxraENRL3dBTkV1VTZ3UzdpZmhtVGYrRWxuUUpoMkY0U3RoM0tEMjZyaVBqSVhybWVFT2kxWlVNRklydVVyNTlEV1QwTll0d0JqZU5nVGwzYVJ0K2QvZSttN3hDVzJETXVQOWRCMDRuRFV0eWdXY1daVytZU0dGUnRxc3h1VXFPTzFvM2xQT21tTDlRVXNoempJR08xalZ1V3M5SExRTDFTSmswUVRHK0htemRoc2tpWW5xNVNwbFhzZFU3TVRzNkVjRGJlc2lndzd1V3FEcWxWeDhYN3Q3YU5vZkg5SDdaVE5CeXBIb0MzakwvakpEYWF4ZndoSVlpS3cwSGExK3JuNFRTUVh4UklJOG55S3BMYVFjRDkrUkZhY0Z2Q3hQbDNKa1hiclRMV0xiRDVROEh1UW9PRWZINXhyT2tlMWFBRStCaldWc3JLWnpxS2dYdy9NVkZmbTgvOHBaZmVRK2RpNW5uKzBpYmpRaXd1cXh6OU1nYnhSOEF2Y1hGdWIzM3Q3SHJGcDZpUzhidXkxc040TC9mVjY0VEFPbkx3RFA3U3dCYitIeUZGZUwxY01yazFKMmZBUEFLK083eWs0eEdkOWJIZ3V5YWplR2s5NDVFbWhWSjJGci9YNFBZUWp1c1phdGRCSS9jbUdOVDRvc1B5eGUrN1U2OXh5TEp3ZHM2ckxNNHp0b3RGWEluQzhSeFZzNEtQRXlZbEpNM2ZvQUxkU3h2OGxTOUZXMHV6WHFDaS9Lc1AvTG40U3BUdHVuSkZxbk9oSk5DUGd0aElmdXhKRGVvYkRWRGx3MlNoN3NBRTYzT3gzWmhPSUEvZEdudFFNT1VWMFRwdVlyczBXb21IckpBbHdKM3pCQXJSRlUvL200dW11ZnZWWUlrYjZnaTlZak5NaUxkSWszbWVFWXhNUzZKMC9HMERyUGh6bWV5eEpZeUl3aUZQNTdIcHl5eGZuckl5cXhNN3NnVTlJS2xDIiwiY29udGVudCI6Iltjb250YWN0LWZpZWxkIGxhYmVsPVwiTWVubyAvIE5hbWVcIiB0eXBlPVwibmFtZVwiIHJlcXVpcmVkPVwiMVwiIC9dW2NvbnRhY3QtZmllbGQgbGFiZWw9XCJFbWFpbFwiIHR5cGU9XCJlbWFpbFwiIHJlcXVpcmVkPVwiMVwiIC9dW2NvbnRhY3QtZmllbGQgbGFiZWw9XCJTcHJcdTAwZTF2YSAvIE1lc3NhZ2VcIiB0eXBlPVwidGV4dGFyZWFcIiByZXF1aXJlZD1cIjFcIiAvXSIsImhhc2giOiI0NTRjNmMyMmRlMjQxMDA5NmVhYTc3Mzk3ZWEwZjFjNzdkNTYwODMzIiwic291cmNlIjp7ImVudHJ5X3RpdGxlIjoiS29udGFrdCIsImVudHJ5X3BhZ2UiOjEsInNvdXJjZV9pZCI6MTcsInNvdXJjZV90eXBlIjoic2luZ2xlIiwicmVxdWVzdF91cmwiOiJodHRwczovL2JyYXRpc2xhdmEud29yZGNhbXAub3JnLzIwMTgvd3AtanNvbi93cC92Mi9wYWdlcy8xNyJ9LCJ2ZXJzaW9uIjoyLCJjaXBoZXIiOiJhZXMtMjU2LWdjbSJ9.NHYCu5Do2Pbxgh0bwQBAA43yw3qLatBZKlSJ2C6bfcE' \/>\n\n<div style=\"\"  data-wp-interactive=\"jetpack\/form\" data-wp-context='{\"fieldId\":\"g17-menoname\",\"fieldType\":\"name\",\"fieldLabel\":\"Meno \\\/ Name\",\"fieldValue\":\"\",\"fieldPlaceholder\":\"\",\"fieldIsRequired\":\"1\",\"fieldErrorMessage\":\"\",\"fieldExtra\":[],\"formHash\":\"454c6c22de2410096eaa77397ea0f1c77d560833\"}'  class='grunion-field-name-wrap grunion-field-wrap'  data-wp-init='callbacks.initializeField' data-wp-on--jetpack-form-reset='callbacks.initializeField' >\n<label\n\t\t\t\tfor='g17-menoname' class=\"grunion-field-label name\" >Meno \/ Name<span class=\"grunion-label-required\" aria-hidden=\"true\">(povinn\u00e9)<\/span><\/label>\n<input\n\t\t\t\t\ttype='text'\n\t\t\t\t\tname='g17-menoname'\n\t\t\t\t\tid='g17-menoname'\n\t\t\t\t\tvalue=''\n\n\t\t\t\t\tdata-wp-bind--aria-invalid='state.fieldAriaInvalid'\n\t\t\t\t\tdata-wp-bind--value='state.getFieldValue'\n\t\t\t\t\taria-describedby='g17-menoname-text-error-message'\n\t\t\t\t\tdata-wp-on--input='actions.onFieldChange'\n\t\t\t\t\tdata-wp-on--blur='actions.onFieldBlur'\n\t\t\t\t\tdata-wp-class--has-value='state.hasFieldValue'\n\n\t\t\t\t\tclass='name  grunion-field' \n\t\t\t\t\trequired='true' aria-required='true'  \/>\n \n\t\t\t<div id=\"g17-menoname-text-error\" class=\"contact-form__input-error\" data-wp-class--has-errors=\"state.fieldHasErrors\">\n\t\t\t\t<span class=\"contact-form__warning-icon\" aria-hidden=\"true\">\n\t\t\t\t\t<svg width=\"16\" height=\"16\" viewBox=\"0 0 16 16\" fill=\"none\" xmlns=\"http:\/\/www.w3.org\/2000\/svg\">\n\t\t\t\t\t\t<path d=\"M8.50015 11.6402H7.50015V10.6402H8.50015V11.6402Z\" \/>\n\t\t\t\t\t\t<path d=\"M7.50015 9.64018H8.50015V6.30684H7.50015V9.64018Z\" \/>\n\t\t\t\t\t\t<path fill-rule=\"evenodd\" clip-rule=\"evenodd\" d=\"M6.98331 3.0947C7.42933 2.30177 8.57096 2.30177 9.01698 3.09469L13.8771 11.7349C14.3145 12.5126 13.7525 13.4735 12.8602 13.4735H3.14004C2.24774 13.4735 1.68575 12.5126 2.12321 11.7349L6.98331 3.0947ZM8.14541 3.58496C8.08169 3.47168 7.9186 3.47168 7.85488 3.58496L2.99478 12.2251C2.93229 12.3362 3.01257 12.4735 3.14004 12.4735H12.8602C12.9877 12.4735 13.068 12.3362 13.0055 12.2251L8.14541 3.58496Z\" \/>\n\t\t\t\t\t<\/svg>\n\t\t\t\t<\/span>\n\t\t\t\t<span data-wp-text=\"state.errorMessage\" id=\"g17-menoname-text-error-message\"><\/span>\n\t\t\t<\/div> \n\t<\/div>\n\n<div style=\"\"  data-wp-interactive=\"jetpack\/form\" data-wp-context='{\"fieldId\":\"g17-email\",\"fieldType\":\"email\",\"fieldLabel\":\"Email\",\"fieldValue\":\"\",\"fieldPlaceholder\":\"\",\"fieldIsRequired\":\"1\",\"fieldErrorMessage\":\"\",\"fieldExtra\":[],\"formHash\":\"454c6c22de2410096eaa77397ea0f1c77d560833\"}'  class='grunion-field-email-wrap grunion-field-wrap'  data-wp-init='callbacks.initializeField' data-wp-on--jetpack-form-reset='callbacks.initializeField' >\n<label\n\t\t\t\tfor='g17-email' class=\"grunion-field-label email\" >Email<span class=\"grunion-label-required\" aria-hidden=\"true\">(povinn\u00e9)<\/span><\/label>\n<input\n\t\t\t\t\ttype='email'\n\t\t\t\t\tname='g17-email'\n\t\t\t\t\tid='g17-email'\n\t\t\t\t\tvalue=''\n\n\t\t\t\t\tdata-wp-bind--aria-invalid='state.fieldAriaInvalid'\n\t\t\t\t\tdata-wp-bind--value='state.getFieldValue'\n\t\t\t\t\taria-describedby='g17-email-email-error-message'\n\t\t\t\t\tdata-wp-on--input='actions.onFieldChange'\n\t\t\t\t\tdata-wp-on--blur='actions.onFieldBlur'\n\t\t\t\t\tdata-wp-class--has-value='state.hasFieldValue'\n\n\t\t\t\t\tclass='email  grunion-field' \n\t\t\t\t\trequired='true' aria-required='true'  \/>\n \n\t\t\t<div id=\"g17-email-email-error\" class=\"contact-form__input-error\" data-wp-class--has-errors=\"state.fieldHasErrors\">\n\t\t\t\t<span class=\"contact-form__warning-icon\" aria-hidden=\"true\">\n\t\t\t\t\t<svg width=\"16\" height=\"16\" viewBox=\"0 0 16 16\" fill=\"none\" xmlns=\"http:\/\/www.w3.org\/2000\/svg\">\n\t\t\t\t\t\t<path d=\"M8.50015 11.6402H7.50015V10.6402H8.50015V11.6402Z\" \/>\n\t\t\t\t\t\t<path d=\"M7.50015 9.64018H8.50015V6.30684H7.50015V9.64018Z\" \/>\n\t\t\t\t\t\t<path fill-rule=\"evenodd\" clip-rule=\"evenodd\" d=\"M6.98331 3.0947C7.42933 2.30177 8.57096 2.30177 9.01698 3.09469L13.8771 11.7349C14.3145 12.5126 13.7525 13.4735 12.8602 13.4735H3.14004C2.24774 13.4735 1.68575 12.5126 2.12321 11.7349L6.98331 3.0947ZM8.14541 3.58496C8.08169 3.47168 7.9186 3.47168 7.85488 3.58496L2.99478 12.2251C2.93229 12.3362 3.01257 12.4735 3.14004 12.4735H12.8602C12.9877 12.4735 13.068 12.3362 13.0055 12.2251L8.14541 3.58496Z\" \/>\n\t\t\t\t\t<\/svg>\n\t\t\t\t<\/span>\n\t\t\t\t<span data-wp-text=\"state.errorMessage\" id=\"g17-email-email-error-message\"><\/span>\n\t\t\t<\/div> \n\t<\/div>\n\n<div style=\"\"  data-wp-interactive=\"jetpack\/form\" data-wp-context='{\"fieldId\":\"g17-sprvamessage\",\"fieldType\":\"textarea\",\"fieldLabel\":\"Spr\\u00e1va \\\/ Message\",\"fieldValue\":\"\",\"fieldPlaceholder\":\"\",\"fieldIsRequired\":\"1\",\"fieldErrorMessage\":\"\",\"fieldExtra\":[],\"formHash\":\"454c6c22de2410096eaa77397ea0f1c77d560833\"}'  class='grunion-field-textarea-wrap grunion-field-wrap'  data-wp-init='callbacks.initializeField' data-wp-on--jetpack-form-reset='callbacks.initializeField' >\n<label\n\t\t\t\tfor='contact-form-comment-g17-sprvamessage' class=\"grunion-field-label textarea\" >Spr\u00e1va \/ Message<span class=\"grunion-label-required\" aria-hidden=\"true\">(povinn\u00e9)<\/span><\/label>\n<textarea\n\t\t                style=''\n\t\t                name='g17-sprvamessage'\n\t\t                id='contact-form-comment-g17-sprvamessage'\n\t\t                rows='20'\n\t\t\t\t\t\tdata-wp-text='state.getFieldValue'\n\t\t\t\t\t\tdata-wp-on--input='actions.onFieldChange'\n\t\t\t\t\t\tdata-wp-on--blur='actions.onFieldBlur'\n\t\t\t\t\t\tdata-wp-class--has-value='state.hasFieldValue'\n\t\t\t\t\t\taria-describedby='g17-sprvamessage-textarea-error-message'\n\t\t\t\t\t\tdata-wp-bind--aria-invalid='state.fieldAriaInvalid'\n\t\t\t\t\t\tclass='textarea  grunion-field'  required aria-required='true'><\/textarea>\n \n\t\t\t<div id=\"g17-sprvamessage-textarea-error\" class=\"contact-form__input-error\" data-wp-class--has-errors=\"state.fieldHasErrors\">\n\t\t\t\t<span class=\"contact-form__warning-icon\" aria-hidden=\"true\">\n\t\t\t\t\t<svg width=\"16\" height=\"16\" viewBox=\"0 0 16 16\" fill=\"none\" xmlns=\"http:\/\/www.w3.org\/2000\/svg\">\n\t\t\t\t\t\t<path d=\"M8.50015 11.6402H7.50015V10.6402H8.50015V11.6402Z\" \/>\n\t\t\t\t\t\t<path d=\"M7.50015 9.64018H8.50015V6.30684H7.50015V9.64018Z\" \/>\n\t\t\t\t\t\t<path fill-rule=\"evenodd\" clip-rule=\"evenodd\" d=\"M6.98331 3.0947C7.42933 2.30177 8.57096 2.30177 9.01698 3.09469L13.8771 11.7349C14.3145 12.5126 13.7525 13.4735 12.8602 13.4735H3.14004C2.24774 13.4735 1.68575 12.5126 2.12321 11.7349L6.98331 3.0947ZM8.14541 3.58496C8.08169 3.47168 7.9186 3.47168 7.85488 3.58496L2.99478 12.2251C2.93229 12.3362 3.01257 12.4735 3.14004 12.4735H12.8602C12.9877 12.4735 13.068 12.3362 13.0055 12.2251L8.14541 3.58496Z\" \/>\n\t\t\t\t\t<\/svg>\n\t\t\t\t<\/span>\n\t\t\t\t<span data-wp-text=\"state.errorMessage\" id=\"g17-sprvamessage-textarea-error-message\"><\/span>\n\t\t\t<\/div>\n\t<\/div>\n\t<p class='contact-submit'>\n<div class=\"contact-form__error\" data-wp-class--show-errors=\"state.showFormErrors\"><span class=\"contact-form__warning-icon\" aria-hidden=\"true\"><i><\/i><\/span><span class=\"contact-form__error-message\" tabindex=\"-1\" data-wp-watch=\"callbacks.focusOnValidationError\" data-wp-text=\"state.getFormErrorMessage\"><\/span><ul aria-label=\"Form errors\">\n\t\t\t\t<template data-wp-each=\"state.getErrorList\" data-wp-key=\"context.item.id\">\n\t\t\t\t\t<li><a data-wp-bind--href=\"context.item.anchor\" data-wp-on--click=\"actions.scrollIntoView\" data-wp-text=\"context.item.label\"><\/a><\/li>\n\t\t\t\t<\/template>\n\t\t\t\t<\/ul><\/div><div class=\"contact-form__error\" data-wp-class--show-errors=\"state.showSubmissionError\" data-wp-text=\"context.submissionError\" tabindex=\"-1\" data-wp-watch=\"callbacks.focusOnSubmissionError\"><\/div>\t\t<button type='submit' class='pushbutton-wide'>Zasla\u0165<\/button>\t\t<input type='hidden' name='contact-form-id' value='17' \/>\n\t\t<input type='hidden' name='action' value='grunion-contact-form' \/>\n\t\t<input type='hidden' name='contact-form-hash' value='454c6c22de2410096eaa77397ea0f1c77d560833' \/>\n\t<\/p>\n<p style=\"display: none !important;\" class=\"akismet-fields-container\" data-prefix=\"ak_\"><label>&#916;<textarea name=\"ak_hp_textarea\" cols=\"45\" rows=\"8\" maxlength=\"100\"><\/textarea><\/label><input type=\"hidden\" id=\"ak_js_1\" name=\"ak_js\" value=\"242\"\/><script type=\"text\/javascript\">\n\/* <![CDATA[ *\/\ndocument.getElementById( \"ak_js_1\" ).setAttribute( \"value\", ( new Date() ).getTime() );\n\/* ]]> *\/\n<\/script>\n<\/p><\/form>\n<\/div>\n<p>&nbsp;<\/p>\n<p>Na organizovan\u00ed WordCamp Bratislava 2018 sa podie\u013eaj\u00fa:<\/p>\n<p>&nbsp;<\/p>\n\t<div class=\"wcorg-organizers\">\n\n\t\t\n\t\t\t<div class=\"wcorg-organizer\">\n\t\t\t\t<h2>Katar\u00edna Novotn\u00e1<\/h2>\n\t\t\t\t<div class=\"wcorg-organizer-description\">\n\t\t\t\t\t\t\t\t\t\t<img alt='' src='https:\/\/secure.gravatar.com\/avatar\/934752bbd79f5288010f8e937ff2b65744bcc36b3b9aae279b55173ca207c6a6?s=100&#038;d=mm&#038;r=g' srcset='https:\/\/secure.gravatar.com\/avatar\/934752bbd79f5288010f8e937ff2b65744bcc36b3b9aae279b55173ca207c6a6?s=200&#038;d=mm&#038;r=g 2x' class='avatar avatar-100 photo' height='100' width='100' \/>\t\t\t\t\t<p>Venujem sa WordPressu u\u017e nejak\u00fd ten piatok. M\u00f4\u017eete ma stretn\u00fa\u0165 na pravideln\u00fdch WordPress meetupoch v Bratislave, ktor\u00e9 pom\u00e1ham aj organizova\u0165.<\/p>\n\t\t\t\t<\/div>\n\t\t\t<\/div>\n\n\t\t\n\t\t\t<div class=\"wcorg-organizer\">\n\t\t\t\t<h2>Luk\u00e1\u0161 Franko<\/h2>\n\t\t\t\t<div class=\"wcorg-organizer-description\">\n\t\t\t\t\t\t\t\t\t\t<img alt='' src='https:\/\/secure.gravatar.com\/avatar\/3f0fe3bccbac485270fa00625a1a0e6d4e4c31ed4a232e2f51a08b16af44f02e?s=100&#038;d=mm&#038;r=g' srcset='https:\/\/secure.gravatar.com\/avatar\/3f0fe3bccbac485270fa00625a1a0e6d4e4c31ed4a232e2f51a08b16af44f02e?s=200&#038;d=mm&#038;r=g 2x' class='avatar avatar-100 photo' height='100' width='100' \/>\t\t\t\t\t<p>Do WordPress som sa \u201ezabuchol\u201c ke\u010f som v\u010faka blogu a str\u00e1nke z\u00edskal prv\u00fdch fan\u00fa\u0161ikov, klientov i kamar\u00e1tov. Som digit\u00e1lny architekt a konzultant. Tvor\u00edm obsah a strat\u00e9gie pre soci\u00e1lne m\u00e9dia \u2013 soci\u00e1lne siete, vyh\u013ead\u00e1va\u010de, webstr\u00e1nky a blogy. Pracujem ako \u0161pecialista a konzultant v t\u00edme Social Media Mana\u017e\u00e9r.<\/p>\n\t\t\t\t<\/div>\n\t\t\t<\/div>\n\n\t\t\n\t\t\t<div class=\"wcorg-organizer\">\n\t\t\t\t<h2>Nat\u00e1lia Klenovsk\u00e1<\/h2>\n\t\t\t\t<div class=\"wcorg-organizer-description\">\n\t\t\t\t\t\t\t\t\t\t<img alt='' src='https:\/\/secure.gravatar.com\/avatar\/fd51ee98dca08ad9c40d5d33dc6e691b6e3aeb62a719af3b93dbf9299e82e7fd?s=100&#038;d=mm&#038;r=g' srcset='https:\/\/secure.gravatar.com\/avatar\/fd51ee98dca08ad9c40d5d33dc6e691b6e3aeb62a719af3b93dbf9299e82e7fd?s=200&#038;d=mm&#038;r=g 2x' class='avatar avatar-100 photo' height='100' width='100' \/>\t\t\t\t\t<p>Od 2007 organizuje MFF Cinematik Pie\u0161\u0165any, kde po prv\u00fd kr\u00e1t pracovala s WordPress. Od roku 2013 pracuje aj ako project manager pre Foliovision. Pr\u00edle\u017eitostne sa venuje vlastn\u00fdm projektom, ktor\u00e9 m\u00f4\u017eu ale nemusia s\u00favisie\u0165 s WordPress.<\/p>\n\t\t\t\t<\/div>\n\t\t\t<\/div>\n\n\t\t\n\t\t\t<div class=\"wcorg-organizer\">\n\t\t\t\t<h2>Igor Lopa\u0161ovsk\u00fd<\/h2>\n\t\t\t\t<div class=\"wcorg-organizer-description\">\n\t\t\t\t\t\t\t\t\t\t<img alt='' src='https:\/\/secure.gravatar.com\/avatar\/a14547b71f94bb44118d40705adb2b6dbf3753e87fe1041863fb67c012522892?s=100&#038;d=mm&#038;r=g' srcset='https:\/\/secure.gravatar.com\/avatar\/a14547b71f94bb44118d40705adb2b6dbf3753e87fe1041863fb67c012522892?s=200&#038;d=mm&#038;r=g 2x' class='avatar avatar-100 photo' height='100' width='100' \/>\t\t\t\t\t<p>Som fronten\u010f\u00e1k telom aj du\u0161ou, spoluzakladate\u013e web design \u0161t\u00fadia broccoli.design, moment\u00e1lne v plnom nasaden\u00ed pre <a href=\"https:\/\/lj.studio\"><strong>ljstudio<\/strong>creatives<\/a>.<\/p>\n<p>Technol\u00f3gi\u00e1m sa venujem posledn\u00fdch 15 rokov. Pre\u0161iel som \u0165a\u017ek\u00fdm korpor\u00e1tnym prostred\u00edm ako Windows Server Engineer &amp; Architect, ale skuto\u010dn\u00fa v\u00e1\u0161e\u0148 som na\u0161iel a\u017e vo web designe. Okrem online sveta sa naplno venujem pot\u00e1paniu, zjazdov\u00e9mu bikovaniu a splitboardingu. Pova\u017eujem sa za ochrancu oce\u00e1nov a r\u00e1d pracujem s \u013eu\u010fmi bez domova.<\/p>\n\t\t\t\t<\/div>\n\t\t\t<\/div>\n\n\t\t\n\t\t\t<div class=\"wcorg-organizer\">\n\t\t\t\t<h2>Zuzana Luk\u00e1\u010dov\u00e1<\/h2>\n\t\t\t\t<div class=\"wcorg-organizer-description\">\n\t\t\t\t\t\t\t\t\t\t<img alt='' src='https:\/\/secure.gravatar.com\/avatar\/ec22eb520fc96d6a861f05371389f97665a87ac2403280c484e5fec613a9fd38?s=100&#038;d=mm&#038;r=g' srcset='https:\/\/secure.gravatar.com\/avatar\/ec22eb520fc96d6a861f05371389f97665a87ac2403280c484e5fec613a9fd38?s=200&#038;d=mm&#038;r=g 2x' class='avatar avatar-100 photo' height='100' width='100' \/>\t\t\t\t\t<p>Som spokojn\u00fd freelancer, ktor\u00fd m\u00e1 r\u00e1d slobodu a rob\u00ed to, \u010do ho bav\u00ed. Prezentujem sa najm\u00e4 pod n\u00e1zvom\u00a0<a href=\"http:\/\/zuza.digital\/\" target=\"_blank\" rel=\"noopener\">zuza.digital<\/a>. Venujem sa tvorbe webov a e-shopov cez WordPress, a komplexnej spr\u00e1ve obsahu webu. Bav\u00ed ma tie\u017e p\u00edsanie \u010dl\u00e1nkov na r\u00f4zne t\u00e9my, najm\u00e4 o cestovan\u00ed. V s\u00fa\u010dasnosti sa star\u00e1m o nieko\u013eko webov ako je\u00a0<a href=\"http:\/\/foodkut.sk\/\" target=\"_blank\" rel=\"noopener\">foodkut.sk<\/a>,\u00a0<a href=\"http:\/\/freedu.sk\/\" target=\"_blank\" rel=\"noopener\">freedu.sk<\/a>, \u010di lab.cafe.<\/p>\n\t\t\t\t<\/div>\n\t\t\t<\/div>\n\n\t\t\n\t<\/div><!-- .wcorg-organizers -->\n\t\n","protected":false},"excerpt":{"rendered":"<p>M\u00e1te nejak\u00e9 ot\u00e1zky oh\u013eadne WordCamp? Pokojne n\u00e1m nap\u00ed\u0161te spr\u00e1vu cez formul\u00e1r. &nbsp; Kontakt na hlavn\u00e9ho organiz\u00e1tora: Ing. Katar\u00edna Novotn\u00e1 bratislava@wordcamp.org 0915 355 072 &nbsp; &nbsp; Na organizovan\u00ed WordCamp Bratislava 2018 sa podie\u013eaj\u00fa: &nbsp;<\/p>\n","protected":false},"author":13706582,"featured_media":0,"parent":0,"menu_order":0,"comment_status":"closed","ping_status":"closed","template":"","meta":{"jetpack_post_was_ever_published":false,"footnotes":""},"class_list":["post-17","page","type-page","status-publish","hentry"],"jetpack_sharing_enabled":true,"jetpack_shortlink":"https:\/\/wp.me\/P9tyMv-h","jetpack_likes_enabled":true,"_links":{"self":[{"href":"https:\/\/bratislava.wordcamp.org\/2018\/wp-json\/wp\/v2\/pages\/17","targetHints":{"allow":["GET"]}}],"collection":[{"href":"https:\/\/bratislava.wordcamp.org\/2018\/wp-json\/wp\/v2\/pages"}],"about":[{"href":"https:\/\/bratislava.wordcamp.org\/2018\/wp-json\/wp\/v2\/types\/page"}],"author":[{"embeddable":true,"href":"https:\/\/bratislava.wordcamp.org\/2018\/wp-json\/wp\/v2\/users\/13706582"}],"replies":[{"embeddable":true,"href":"https:\/\/bratislava.wordcamp.org\/2018\/wp-json\/wp\/v2\/comments?post=17"}],"version-history":[{"count":5,"href":"https:\/\/bratislava.wordcamp.org\/2018\/wp-json\/wp\/v2\/pages\/17\/revisions"}],"predecessor-version":[{"id":329,"href":"https:\/\/bratislava.wordcamp.org\/2018\/wp-json\/wp\/v2\/pages\/17\/revisions\/329"}],"wp:attachment":[{"href":"https:\/\/bratislava.wordcamp.org\/2018\/wp-json\/wp\/v2\/media?parent=17"}],"curies":[{"name":"wp","href":"https:\/\/api.w.org\/{rel}","templated":true}]}}