{"id":144,"date":"2017-11-29T13:49:43","date_gmt":"2017-11-29T12:49:43","guid":{"rendered":"https:\/\/2018.bratislava.wordcamp.org\/?page_id=144"},"modified":"2018-03-21T17:36:14","modified_gmt":"2018-03-21T16:36:14","slug":"o-wordcamp","status":"publish","type":"page","link":"https:\/\/bratislava.wordcamp.org\/2018\/o-wordcamp\/","title":{"rendered":"O WordCamp"},"content":{"rendered":"<p>R\u00fdchla navig\u00e1cia: <a href=\"https:\/\/2018.bratislava.wordcamp.org\/lokalita\/\">Lokalita<\/a>, <a href=\"https:\/\/2018.bratislava.wordcamp.org\/program\/\">Program<\/a>,\u00a0<a href=\"https:\/\/2018.bratislava.wordcamp.org\/listky\/\">L\u00edstky<\/a>, <a href=\"https:\/\/2018.bratislava.wordcamp.org\/kontakt\/\">Kontakt<\/a>, <a href=\"https:\/\/2018.bratislava.wordcamp.org\/o-wordcamp\/kodex-spravania\/\">K\u00f3dex<\/a><\/p>\n<p>&nbsp;<\/p>\n<p>Konferencia WordCamp je ur\u010den\u00e1 v\u0161etk\u00fdm fan\u00fa\u0161ikom redak\u010dn\u00e9ho syst\u00e9mu\u00a0<a href=\"https:\/\/wordpress.org\/\">WordPress<\/a>. Kon\u00e1 sa\u00a0<a href=\"https:\/\/central.wordcamp.org\/\">po celom svete<\/a>\u00a0a na Slovensku u\u017e\u00a0<strong>po siedmy rok<\/strong>.<br \/>\n<strong>WordCamp Bratislava 2018<\/strong>\u00a0je rozdelen\u00fd do\u00a0<strong>dvoch blokov<\/strong>\u00a0pre\u00a0<strong>pou\u017e\u00edvate\u013eov<\/strong>\u00a0a\u00a0<strong>v\u00fdvoj\u00e1rov\u00a0<\/strong>a vyst\u00fapi na \u0148om <strong>viac ako\u00a014 speakrov<\/strong>. Konferencia bude prebieha\u0165 v priestoroch Paneur\u00f3pskej vysokej \u0161koly v Bratislave v sobotu 28. apr\u00edla 2018.<\/p>\n<p>Na nede\u013eu 29. apr\u00edla 2018 je pripraven\u00fd\u00a0<strong>Contributor Day<\/strong>, po\u010das ktor\u00e9ho sa d\u00e1 priamo\u00a0<strong>zapoji\u0165<\/strong>\u00a0k\u00a0<strong>tvorbe<\/strong>\u00a0WordPress a\u00a0<strong>podpori\u0165<\/strong>\u00a0lok\u00e1lnu komunitu. Po\u010das Contributor Day sa zv\u00e4\u010d\u0161a zaober\u00e1me\u00a0<strong>slovensk\u00fdm prekladom<\/strong>\u00a0WordPress a pluginov,\u00a0<strong>stretnutiam<\/strong>\u00a0vo vybran\u00fdch mest\u00e1ch a ostatn\u00fdm veciam, ktor\u00e9 prispievaj\u00fa k\u00a0<strong>zlep\u0161eniu<\/strong>\u00a0a \u0161\u00edreniu WordPress na Slovenku.<\/p>\n<p><strong><a href=\"https:\/\/2018.bratislava.wordcamp.org\/listky\/\">Registr\u00e1cia je spusten\u00e1<\/a>\u00a0a bude akt\u00edvna do 25. 4. 2018 17:00.<\/strong>\u00a0L\u00edstok si na mieste nebude mo\u017en\u00e9 k\u00fapi\u0165.<\/p>\n<p>&nbsp;<\/p>\n<p><strong>WordCamp Bratislava 2018 sa uskuto\u010dn\u00ed 28.4.2018<\/strong>\u00a0na adrese:<\/p>\n<p>\u0420aneur\u00f3pska vysok\u00e1 \u0161kola<br \/>\nTemat\u00ednska 10<br \/>\n851 05 Bratislava<\/p>\n<p>&nbsp;<\/p>\n","protected":false},"excerpt":{"rendered":"<p>R\u00fdchla navig\u00e1cia: Lokalita, Program,\u00a0L\u00edstky, Kontakt, K\u00f3dex &nbsp; Konferencia WordCamp je ur\u010den\u00e1 v\u0161etk\u00fdm fan\u00fa\u0161ikom redak\u010dn\u00e9ho syst\u00e9mu\u00a0WordPress. Kon\u00e1 sa\u00a0po celom svete\u00a0a na Slovensku u\u017e\u00a0po siedmy rok. WordCamp Bratislava 2018\u00a0je rozdelen\u00fd do\u00a0dvoch blokov\u00a0pre\u00a0pou\u017e\u00edvate\u013eov\u00a0a\u00a0v\u00fdvoj\u00e1rov\u00a0a vyst\u00fapi na \u0148om viac ako\u00a014 speakrov. Konferencia bude prebieha\u0165 v &hellip; <a href=\"https:\/\/bratislava.wordcamp.org\/2018\/o-wordcamp\/\">\u010c\u00edta\u0165 \u010falej <span class=\"assistive-text\">O WordCamp<\/span>  <span class=\"meta-nav\">&rarr;<\/span><\/a><\/p>\n","protected":false},"author":13706582,"featured_media":0,"parent":0,"menu_order":0,"comment_status":"closed","ping_status":"closed","template":"","meta":{"_crdt_document":"","footnotes":""},"class_list":["post-144","page","type-page","status-publish","hentry"],"jetpack_sharing_enabled":true,"jetpack_shortlink":"https:\/\/wp.me\/PheLLP-2k","jetpack_likes_enabled":true,"_links":{"self":[{"href":"https:\/\/bratislava.wordcamp.org\/2018\/wp-json\/wp\/v2\/pages\/144","targetHints":{"allow":["GET"]}}],"collection":[{"href":"https:\/\/bratislava.wordcamp.org\/2018\/wp-json\/wp\/v2\/pages"}],"about":[{"href":"https:\/\/bratislava.wordcamp.org\/2018\/wp-json\/wp\/v2\/types\/page"}],"author":[{"embeddable":true,"href":"https:\/\/bratislava.wordcamp.org\/2018\/wp-json\/wp\/v2\/users\/13706582"}],"replies":[{"embeddable":true,"href":"https:\/\/bratislava.wordcamp.org\/2018\/wp-json\/wp\/v2\/comments?post=144"}],"version-history":[{"count":4,"href":"https:\/\/bratislava.wordcamp.org\/2018\/wp-json\/wp\/v2\/pages\/144\/revisions"}],"predecessor-version":[{"id":696,"href":"https:\/\/bratislava.wordcamp.org\/2018\/wp-json\/wp\/v2\/pages\/144\/revisions\/696"}],"wp:attachment":[{"href":"https:\/\/bratislava.wordcamp.org\/2018\/wp-json\/wp\/v2\/media?parent=144"}],"curies":[{"name":"wp","href":"https:\/\/api.w.org\/{rel}","templated":true}]}}