{"id":133,"date":"2017-11-29T13:47:09","date_gmt":"2017-11-29T12:47:09","guid":{"rendered":"https:\/\/2018.bratislava.wordcamp.org\/?page_id=133"},"modified":"2018-04-27T17:12:35","modified_gmt":"2018-04-27T16:12:35","slug":"lokalita","status":"publish","type":"page","link":"https:\/\/bratislava.wordcamp.org\/2018\/lokalita\/","title":{"rendered":"Lokalita"},"content":{"rendered":"<p><strong>Kde sa uskuto\u010dn\u00ed WordCamp?<\/strong><\/p>\n<p>Tohtoro\u010dn\u00fd WordCamp Bratislava 2018 sa uskuto\u010dn\u00ed 28.4.2018 <strong>na Paneur\u00f3pskej vysokej \u0161kole<\/strong> v Bratislave, v mestskej \u010dasti Petr\u017ealka.<\/p>\n<p><a href=\"https:\/\/i0.wp.com\/2018.bratislava.wordcamp.org\/files\/2018\/02\/paneuroni.jpg?ssl=1\"><img data-recalc-dims=\"1\" loading=\"lazy\" decoding=\"async\" class=\"aligncenter wp-image-482 size-full\" src=\"https:\/\/i0.wp.com\/2018.bratislava.wordcamp.org\/files\/2018\/02\/paneuroni.jpg?resize=640%2C348&#038;ssl=1\" alt=\"\" width=\"640\" height=\"348\" srcset=\"https:\/\/i0.wp.com\/bratislava.wordcamp.org\/2018\/files\/2018\/02\/paneuroni.jpg?w=1305&amp;ssl=1 1305w, https:\/\/i0.wp.com\/bratislava.wordcamp.org\/2018\/files\/2018\/02\/paneuroni.jpg?resize=300%2C163&amp;ssl=1 300w, https:\/\/i0.wp.com\/bratislava.wordcamp.org\/2018\/files\/2018\/02\/paneuroni.jpg?resize=768%2C418&amp;ssl=1 768w, https:\/\/i0.wp.com\/bratislava.wordcamp.org\/2018\/files\/2018\/02\/paneuroni.jpg?resize=1024%2C557&amp;ssl=1 1024w, https:\/\/i0.wp.com\/bratislava.wordcamp.org\/2018\/files\/2018\/02\/paneuroni.jpg?resize=500%2C272&amp;ssl=1 500w, https:\/\/i0.wp.com\/bratislava.wordcamp.org\/2018\/files\/2018\/02\/paneuroni.jpg?resize=1000%2C544&amp;ssl=1 1000w\" sizes=\"auto, (max-width: 640px) 100vw, 640px\" \/><\/a><\/p>\n<p>&nbsp;<\/p>\n<p><strong>Adresa:<\/strong><\/p>\n<p>\u0420aneur\u00f3pska vysok\u00e1 \u0161kola<br \/>\nTemat\u00ednska 10<br \/>\n851 05 Bratislava<\/p>\n<p><strong>GPS:<\/strong>\u00a048.107575, 17.112078<\/p>\n<div class=\"googlemaps\">\n\t\t\t\t<iframe loading=\"lazy\" width=\"600\" height=\"450\" frameborder=\"0\" scrolling=\"no\" marginheight=\"0\" marginwidth=\"0\"  src=\"https:\/\/www.google.com\/maps\/embed?pb=!1m14!1m8!1m3!1d5328.29782980738!2d17.112056!3d48.107363!3m2!1i1024!2i768!4f13.1!3m3!1m2!1s0x476c89baf59c9d9f:0xf3756495ea8a9805!2sTemat\u00ednska%203246\/10,%20851%2005%20Petr\u017ealka!5e0!3m2!1ssk!2ssk!4v1518454712672\"><\/iframe>\n\t\t\t<\/div>\n<p>&nbsp;<\/p>\n<h3>Ako sa k n\u00e1m dostanete<\/h3>\n<p>Paneur\u00f3pska vysok\u00e1 \u0161kola sa nach\u00e1dza v Petr\u017ealke a m\u00e1 v\u00fdborn\u00fa dostupnos\u0165 ako autom, tak aj verejnou dopravou. Av\u0161ak je ukryt\u00e1 medzi jazerom a panelovou z\u00e1stavbou.<\/p>\n<h4>MHD \/ verejn\u00e1 doprava<\/h4>\n<p>Z hlavnej vlakovej stanice:<\/p>\n<ul>\n<li>nast\u00fapte na spoj \u010d\u00edslo 93 smer &#8222;Petr\u017ealka, Vy\u0161ehradsk\u00e1&#8220; a po 9 zast\u00e1vkach vyst\u00fapte na\u00a0Jir\u00e1skova (pozor: zast\u00e1vka na znamenie &#8211; treba stla\u010di\u0165 gomb\u00edk)<\/li>\n<li>na zast\u00e1vke Jir\u00e1skova\u00a0(pozor: zast\u00e1vka na znamenie &#8211; treba m\u00e1va\u0165) prest\u00fapte na autobus \u010d\u00edslo 99 a vyst\u00fapte na zast\u00e1vke s n\u00e1zvom Technopol<\/li>\n<\/ul>\n<p>Z autobusovej stanice Nivy:<\/p>\n<ul>\n<li>nast\u00fapte na autobus \u010d\u00edslo 88 smer \u201cMost SNP cez Petr\u017ealku\u201d a po \u0161tyroch zast\u00e1vkach vyst\u00fapte na zast\u00e1vke\u00a0Ekonomick\u00e1 univerzita<\/li>\n<li>nast\u00fapte na\u00a0autobus \u010d\u00edslo 98 smer \u201cPetr\u017ealka, Jasovsk\u00e1\u201d a po \u0161tyroch zast\u00e1vkach vyst\u00fapte na zast\u00e1vke\u00a0Technopol<\/li>\n<\/ul>\n<h4>Autom<\/h4>\n<p><strong>Zo smeru \u017dilina,\u00a0Nitra,\u2026<\/strong>\u00a0cho\u010fte st\u00e1\u00e1\u00e1\u00e1le rovno z D-1 na\u00a0obchvat. Udr\u017eujte smer Brno a\u017e k\u00fdm neuvid\u00edte Dunaj. Na konci mosta uvid\u00edte odbo\u010dku vpravo \u2013 \u010cunovo\/Centrum\/Dvory\/V\u00fdst. Incheba. Tu odbo\u010dte a dr\u017ete sa v\u013eavo. Po p\u00e1r metroch bude nasledova\u0165\u00a0odbo\u010dka v\u013eavo \u2013 \u010cunovo\/L\u00faky\/H\u00e1je. Odbo\u010dte a n\u00e1sledne cho\u010fte rovno. Po troch kilometroch (cca 300m za pumpou Agip) odbo\u010dte doprava. Po asi kilometri odpo\u010dte do\u013eava na druhej svetelnej kri\u017eovatke k panel\u00e1kom. Pre panel\u00e1kom do\u013eava a hne\u010f doprava. Dr\u017ete sa n\u00e1sledne vpravo a pr\u00eddete priamo pred budovu.\u00a0\u00a0\ud83d\ude09\u00a0Tad\u00e1\u00e1\u00e1<\/p>\n<p><strong>Zo smeru Brno\u2026<\/strong>\u00a0dr\u017ete sa D-2 a cho\u010fte smerom na Viede\u0148 a\u017e k\u00fdm neuvid\u00edte Dunaj. Na konci mosta Lafranconi odbo\u010dte vpravo\u00a0\u2013 \u017dilina\/Kom\u00e1rno\/Centrum\/Dvory. Dr\u017ete sa v prav\u00fdch jazdn\u00fdch pruhoch. Po cca 3km uvid\u00edte\u00a0Shell \u010derpa\u010dku po pravej strane. Za \u0148ou za\u010d\u00edna odbo\u010dka doprava \u2013 \u010cunovo\/L\u00faky\/H\u00e1je.\u00a0Odbo\u010dte a n\u00e1sledne cho\u010fte rovno. Po troch kilometroch (cca 300m za pumpou Agip) odbo\u010dte doprava. Po asi kilometri odpo\u010dte do\u013eava na druhej svetelnej kri\u017eovatke k panel\u00e1kom. Pre panel\u00e1kom do\u013eava a hne\u010f doprava. Dr\u017ete sa n\u00e1sledne vpravo a pr\u00eddete priamo pred budovu.\u00a0\ud83d\ude09\u00a0Tad\u00e1\u00e1\u00e1<\/p>\n<p><strong>Parkovanie<\/strong> je bezplatn\u00e9 priamo pred budovou alebo za br\u00e1nou, ktor\u00e1 sa nach\u00e1dza na pravej strane od budovy (br\u00e1na bude pre v\u0161etk\u00fdch otvoren\u00e1).<\/p>\n<p>&nbsp;<\/p>\n<p><strong style=\"font-size: 1.5em\">Kde sa uskuto\u010dn\u00ed Contributor day 29.4.?<\/strong><\/p>\n<p>Contibutor Day sa uskuto\u010dn\u00ed\u00a0<strong>v priestoroch nov\u00e9ho coworkingu\u00a0<a href=\"https:\/\/www.progressbar.sk\/\">ProgressBar Hackerspace<\/a>.<\/strong><\/p>\n<p>Progressbar Hackerspace<br \/>\nDunajsk\u00e1 7495\/14<br \/>\nBratislava 811 08<\/p>\n","protected":false},"excerpt":{"rendered":"<p>Kde sa uskuto\u010dn\u00ed WordCamp? Tohtoro\u010dn\u00fd WordCamp Bratislava 2018 sa uskuto\u010dn\u00ed 28.4.2018 na Paneur\u00f3pskej vysokej \u0161kole v Bratislave, v mestskej \u010dasti Petr\u017ealka. &nbsp; Adresa: \u0420aneur\u00f3pska vysok\u00e1 \u0161kola Temat\u00ednska 10 851 05 Bratislava GPS:\u00a048.107575, 17.112078 &nbsp; Ako sa k n\u00e1m dostanete Paneur\u00f3pska &hellip; <a href=\"https:\/\/bratislava.wordcamp.org\/2018\/lokalita\/\">\u010c\u00edta\u0165 \u010falej <span class=\"assistive-text\">Lokalita<\/span>  <span class=\"meta-nav\">&rarr;<\/span><\/a><\/p>\n","protected":false},"author":13706582,"featured_media":0,"parent":0,"menu_order":0,"comment_status":"closed","ping_status":"closed","template":"","meta":{"_crdt_document":"","footnotes":""},"class_list":["post-133","page","type-page","status-publish","hentry"],"jetpack_sharing_enabled":true,"jetpack_shortlink":"https:\/\/wp.me\/PheLLP-29","jetpack_likes_enabled":true,"_links":{"self":[{"href":"https:\/\/bratislava.wordcamp.org\/2018\/wp-json\/wp\/v2\/pages\/133","targetHints":{"allow":["GET"]}}],"collection":[{"href":"https:\/\/bratislava.wordcamp.org\/2018\/wp-json\/wp\/v2\/pages"}],"about":[{"href":"https:\/\/bratislava.wordcamp.org\/2018\/wp-json\/wp\/v2\/types\/page"}],"author":[{"embeddable":true,"href":"https:\/\/bratislava.wordcamp.org\/2018\/wp-json\/wp\/v2\/users\/13706582"}],"replies":[{"embeddable":true,"href":"https:\/\/bratislava.wordcamp.org\/2018\/wp-json\/wp\/v2\/comments?post=133"}],"version-history":[{"count":14,"href":"https:\/\/bratislava.wordcamp.org\/2018\/wp-json\/wp\/v2\/pages\/133\/revisions"}],"predecessor-version":[{"id":1312,"href":"https:\/\/bratislava.wordcamp.org\/2018\/wp-json\/wp\/v2\/pages\/133\/revisions\/1312"}],"wp:attachment":[{"href":"https:\/\/bratislava.wordcamp.org\/2018\/wp-json\/wp\/v2\/media?parent=133"}],"curies":[{"name":"wp","href":"https:\/\/api.w.org\/{rel}","templated":true}]}}