{"id":11,"date":"2017-11-29T09:38:20","date_gmt":"2017-11-29T09:38:20","guid":{"rendered":"https:\/\/2018.bratislava.wordcamp.org\/location\/"},"modified":"2018-04-24T13:02:05","modified_gmt":"2018-04-24T12:02:05","slug":"location","status":"publish","type":"page","link":"https:\/\/bratislava.wordcamp.org\/2018\/en\/location\/","title":{"rendered":"Location"},"content":{"rendered":"<p>This year&#8217;s WordCamp Bratislava 2018 will take place on April 28, 2018 at\u00a0the Pan-European University in Bratislava, Petr\u017ealka.<\/p>\n<p><a href=\"https:\/\/i0.wp.com\/2018.bratislava.wordcamp.org\/files\/2018\/02\/paneuroni.jpg?ssl=1\"><img data-recalc-dims=\"1\" loading=\"lazy\" decoding=\"async\" class=\"aligncenter wp-image-482 size-full\" src=\"https:\/\/i0.wp.com\/2018.bratislava.wordcamp.org\/files\/2018\/02\/paneuroni.jpg?resize=640%2C348&#038;ssl=1\" alt=\"\" width=\"640\" height=\"348\" srcset=\"https:\/\/i0.wp.com\/bratislava.wordcamp.org\/2018\/files\/2018\/02\/paneuroni.jpg?w=1305&amp;ssl=1 1305w, https:\/\/i0.wp.com\/bratislava.wordcamp.org\/2018\/files\/2018\/02\/paneuroni.jpg?resize=300%2C163&amp;ssl=1 300w, https:\/\/i0.wp.com\/bratislava.wordcamp.org\/2018\/files\/2018\/02\/paneuroni.jpg?resize=768%2C418&amp;ssl=1 768w, https:\/\/i0.wp.com\/bratislava.wordcamp.org\/2018\/files\/2018\/02\/paneuroni.jpg?resize=1024%2C557&amp;ssl=1 1024w, https:\/\/i0.wp.com\/bratislava.wordcamp.org\/2018\/files\/2018\/02\/paneuroni.jpg?resize=500%2C272&amp;ssl=1 500w, https:\/\/i0.wp.com\/bratislava.wordcamp.org\/2018\/files\/2018\/02\/paneuroni.jpg?resize=1000%2C544&amp;ssl=1 1000w\" sizes=\"auto, (max-width: 640px) 100vw, 640px\" \/><\/a><\/p>\n<p>&nbsp;<\/p>\n<p><strong>Address:<\/strong><\/p>\n<p>The Pan-European University (\u0420aneur\u00f3pska vysok\u00e1 \u0161kola)<br \/>\nTemat\u00ednska 10<br \/>\n851 05 Bratislava<\/p>\n<p><strong>GPS:<\/strong>\u00a048.107575, 17.112078<\/p>\n<div class=\"googlemaps\">\n\t\t\t\t<iframe loading=\"lazy\" width=\"600\" height=\"450\" frameborder=\"0\" scrolling=\"no\" marginheight=\"0\" marginwidth=\"0\"  src=\"https:\/\/www.google.com\/maps\/embed?pb=!1m14!1m8!1m3!1d5328.29782980738!2d17.112056!3d48.107363!3m2!1i1024!2i768!4f13.1!3m3!1m2!1s0x476c89baf59c9d9f:0xf3756495ea8a9805!2sTemat\u00ednska%203246\/10,%20851%2005%20Petr\u017ealka!5e0!3m2!1ssk!2ssk!4v1518454712672\"><\/iframe>\n\t\t\t<\/div>\n<p>&nbsp;<\/p>\n<h3>How to get there<\/h3>\n<p>The Pan-European University is located in Petr\u017ealka and has excellent accessibility both by car and by public transport. However, it is hidden between a lake and a panel building.<\/p>\n<h4>Public transport<\/h4>\n<p>From main train station:<\/p>\n<ul>\n<li>get on line number 98 to &#8222;Petr\u017ealka, Vy\u0161ehradsk\u00e1&#8220; and after 9 stops get of at the Jir\u00e1skova stop (note: stop on sign &#8211; press button)<\/li>\n<li>at the Jir\u00e1skova stop (note: stop for a sign &#8211; wave) take the bus number 99 and get off at the stop called Technopol<\/li>\n<\/ul>\n<p>From main bus Station:<\/p>\n<ul>\n<li>take the bus number 88 to &#8222;Most SNP cez Petr\u017ealku\u201d and take the four stops to the Ekonomick\u00e1 univerzita<\/li>\n<li>get on bus number 98 direction &#8222;Petr\u017ealka, Jasovsk\u00e1&#8220; and after four stops take the stop at Technopol<\/li>\n<\/ul>\n<h4>By car<\/h4>\n<p><strong>From the direction of \u017dilina, Nitra<\/strong>, &#8230; go straight from the D-1. Keep in the direction to Brno until you see the Danube. At the end of the bridge you will see a turn to the right &#8211; \u010cunovo \/ Centrum \/ Dvory \/ V\u00fdst. Incheba. Turn here and hold on the left. After a couple of meters, there will be a left turn &#8211; \u010cunovo \/ L\u00faky \/ H\u00e1je. Turn and then go straight. After three kilometers (about 300 meters behind the Agip pump), turn right. After about one kilometer, take a left on the second lights. Then turn left and right. Stay to the right and you will arrive directly in front of the building. \ud83d\ude09<\/p>\n<p><strong>From the direction of Brno<\/strong>&#8230; hold the D-2 and head towards Vienna until you see the Danube. At the end of the Lafranconi bridge turn right &#8211; \u017dilina \/ Kom\u00e1rno \/ Centrum \/ Dvory. Stay in the right lanes. After approx. 3km, you will see Shell Pump on the right. Behind it starts turning to the right &#8211; \u010cunovo \/ L\u00faky \/ H\u00e1je. Turn and then go straight. After three kilometers (about 300 meters behind the Agip pump), turn right. After about one kilometer, take a left on the second lights. Then turn left and right. Stay to the right and you will arrive directly in front of the building. \ud83d\ude09<\/p>\n<p>Parking is free right in front of the building or behind the gate located on the right side of the building (the gate will be open to all).<\/p>\n<p>&nbsp;<\/p>\n<p><strong style=\"font-size: 1.5em\">Location of Contributor day<\/strong><\/p>\n<p>Progressbar Hackerspace<br \/>\nDunajsk\u00e1 7495\/14<br \/>\nBratislava 811 08<\/p>\n","protected":false},"excerpt":{"rendered":"<p>This year&#8217;s WordCamp Bratislava 2018 will take place on April 28, 2018 at\u00a0the Pan-European University in Bratislava, Petr\u017ealka. &nbsp; Address: The Pan-European University (\u0420aneur\u00f3pska vysok\u00e1 \u0161kola) Temat\u00ednska 10 851 05 Bratislava GPS:\u00a048.107575, 17.112078 &nbsp; How to get there The Pan-European &hellip; <a href=\"https:\/\/bratislava.wordcamp.org\/2018\/en\/location\/\">\u010c\u00edta\u0165 \u010falej <span class=\"assistive-text\">Location<\/span>  <span class=\"meta-nav\">&rarr;<\/span><\/a><\/p>\n","protected":false},"author":13706582,"featured_media":0,"parent":135,"menu_order":0,"comment_status":"closed","ping_status":"closed","template":"","meta":{"_crdt_document":"","footnotes":""},"class_list":["post-11","page","type-page","status-publish","hentry"],"jetpack_sharing_enabled":true,"jetpack_shortlink":"https:\/\/wp.me\/PheLLP-b","jetpack_likes_enabled":true,"_links":{"self":[{"href":"https:\/\/bratislava.wordcamp.org\/2018\/wp-json\/wp\/v2\/pages\/11","targetHints":{"allow":["GET"]}}],"collection":[{"href":"https:\/\/bratislava.wordcamp.org\/2018\/wp-json\/wp\/v2\/pages"}],"about":[{"href":"https:\/\/bratislava.wordcamp.org\/2018\/wp-json\/wp\/v2\/types\/page"}],"author":[{"embeddable":true,"href":"https:\/\/bratislava.wordcamp.org\/2018\/wp-json\/wp\/v2\/users\/13706582"}],"replies":[{"embeddable":true,"href":"https:\/\/bratislava.wordcamp.org\/2018\/wp-json\/wp\/v2\/comments?post=11"}],"version-history":[{"count":4,"href":"https:\/\/bratislava.wordcamp.org\/2018\/wp-json\/wp\/v2\/pages\/11\/revisions"}],"predecessor-version":[{"id":1221,"href":"https:\/\/bratislava.wordcamp.org\/2018\/wp-json\/wp\/v2\/pages\/11\/revisions\/1221"}],"up":[{"embeddable":true,"href":"https:\/\/bratislava.wordcamp.org\/2018\/wp-json\/wp\/v2\/pages\/135"}],"wp:attachment":[{"href":"https:\/\/bratislava.wordcamp.org\/2018\/wp-json\/wp\/v2\/media?parent=11"}],"curies":[{"name":"wp","href":"https:\/\/api.w.org\/{rel}","templated":true}]}}