{"id":450,"date":"2017-03-12T22:20:15","date_gmt":"2017-03-12T22:20:15","guid":{"rendered":"https:\/\/2017.bratislava.wordcamp.org\/?page_id=450"},"modified":"2017-04-10T11:28:58","modified_gmt":"2017-04-10T11:28:58","slug":"pre-media","status":"publish","type":"page","link":"https:\/\/bratislava.wordcamp.org\/2017\/pre-media\/","title":{"rendered":"Pre m\u00e9di\u00e1"},"content":{"rendered":"<p>Radi by ste nap\u00edsali o konferencii WordCamp Bratislava 2017? Alebo by ste sa chceli nie\u010do dozvedie\u0165?<\/p>\n<p>Nap\u00ed\u0161te n\u00e1m a my v\u00e1m odpovieme hne\u010f ako to bude mo\u017en\u00e9.<\/p>\n<p><strong>Kontaktn\u00e1 osoba:<\/strong><br \/>\nKatar\u00edna Novotn\u00e1<br \/>\n<a href=\"mailto:wordcamp@wp.sk\">wordcamp@wp.sk<\/a><br \/>\n0915 355 072<\/p>\n<p>&nbsp;<\/p>\n<p><strong>Tla\u010dov\u00e9 spr\u00e1vy:<\/strong><\/p>\n<ul>\n<li><a href=\"https:\/\/2017.bratislava.wordcamp.org\/tlacova-sprava-c-1\/\">1. tla\u010dov\u00e1 spr\u00e1va<\/a>\u00a0(12.3.2017)<\/li>\n<li><a href=\"https:\/\/2017.bratislava.wordcamp.org\/tlacova-sprava-c-2\/\">2. tla\u010dov\u00e1 spr\u00e1va<\/a>\u00a0(12.3.2017)<\/li>\n<li><a href=\"https:\/\/2017.bratislava.wordcamp.org\/tlacova-sprava-c-3\/\">3. tla\u010dov\u00e1 spr\u00e1va<\/a>\u00a0(12.3.2017)<\/li>\n<li><a href=\"https:\/\/2017.bratislava.wordcamp.org\/tlacova-sprava-c-4-odhalenie-speakrov\/\">4. tla\u010dov\u00e1 spr\u00e1va<\/a> (10.4.2017, odhalenie speakerov)<\/li>\n<\/ul>\n<p><strong>Logo:<\/strong><\/p>\n<ul>\n<li><a href=\"https:\/\/2017.bratislava.wordcamp.org\/files\/2017\/03\/Wordcamp_BA_2017.pdf\">.pdf<\/a><\/li>\n<\/ul>\n","protected":false},"excerpt":{"rendered":"<p>Radi by ste nap\u00edsali o konferencii WordCamp Bratislava 2017? Alebo by ste sa chceli nie\u010do dozvedie\u0165? Nap\u00ed\u0161te n\u00e1m a my v\u00e1m odpovieme hne\u010f ako to bude mo\u017en\u00e9. Kontaktn\u00e1 osoba: Katar\u00edna Novotn\u00e1 wordcamp@wp.sk 0915 355 072 &nbsp; Tla\u010dov\u00e9 spr\u00e1vy: 1. tla\u010dov\u00e1 spr\u00e1va\u00a0(12.3.2017) 2. tla\u010dov\u00e1 spr\u00e1va\u00a0(12.3.2017) 3. tla\u010dov\u00e1 spr\u00e1va\u00a0(12.3.2017) 4. tla\u010dov\u00e1 spr\u00e1va (10.4.2017, odhalenie speakerov) Logo: .pdf<\/p>\n","protected":false},"author":13706582,"featured_media":0,"parent":0,"menu_order":0,"comment_status":"closed","ping_status":"closed","template":"","meta":{"_crdt_document":"","jetpack_post_was_ever_published":false,"footnotes":""},"class_list":["post-450","page","type-page","status-publish","hentry"],"jetpack_sharing_enabled":true,"jetpack_shortlink":"https:\/\/wp.me\/PheMR0-7g","jetpack_likes_enabled":true,"_links":{"self":[{"href":"https:\/\/bratislava.wordcamp.org\/2017\/wp-json\/wp\/v2\/pages\/450","targetHints":{"allow":["GET"]}}],"collection":[{"href":"https:\/\/bratislava.wordcamp.org\/2017\/wp-json\/wp\/v2\/pages"}],"about":[{"href":"https:\/\/bratislava.wordcamp.org\/2017\/wp-json\/wp\/v2\/types\/page"}],"author":[{"embeddable":true,"href":"https:\/\/bratislava.wordcamp.org\/2017\/wp-json\/wp\/v2\/users\/13706582"}],"replies":[{"embeddable":true,"href":"https:\/\/bratislava.wordcamp.org\/2017\/wp-json\/wp\/v2\/comments?post=450"}],"version-history":[{"count":7,"href":"https:\/\/bratislava.wordcamp.org\/2017\/wp-json\/wp\/v2\/pages\/450\/revisions"}],"predecessor-version":[{"id":793,"href":"https:\/\/bratislava.wordcamp.org\/2017\/wp-json\/wp\/v2\/pages\/450\/revisions\/793"}],"wp:attachment":[{"href":"https:\/\/bratislava.wordcamp.org\/2017\/wp-json\/wp\/v2\/media?parent=450"}],"curies":[{"name":"wp","href":"https:\/\/api.w.org\/{rel}","templated":true}]}}