{"id":38,"date":"2017-02-13T09:38:26","date_gmt":"2017-02-13T09:38:26","guid":{"rendered":"https:\/\/2017.bratislava.wordcamp.org\/?page_id=38"},"modified":"2017-04-27T13:00:55","modified_gmt":"2017-04-27T13:00:55","slug":"miesto","status":"publish","type":"page","link":"https:\/\/bratislava.wordcamp.org\/2017\/o-wordcamp\/miesto\/","title":{"rendered":"Miesto"},"content":{"rendered":"<h2>Lokalita WordCamp Bratislava 2017<\/h2>\n<p>Tohtoro\u010dn\u00fd WordCamp sa bude kona\u0165 v priestoroch Ekonomickej Univerzity v Bratislave.<\/p>\n<p>Ekonomick\u00e1 univerzita sa sklad\u00e1 z viacer\u00fdch budov, my sa budeme nach\u00e1dza\u0165 v tzv. novej budove. Vchod do novej budovy sa nach\u00e1dza v pravej \u010dasti.<\/p>\n<div id=\"attachment_929\" style=\"width: 635px\" class=\"wp-caption alignleft\"><a href=\"https:\/\/2017.bratislava.wordcamp.org\/files\/2017\/02\/EUBA_1-1024x768.jpg\"><img loading=\"lazy\" decoding=\"async\" aria-describedby=\"caption-attachment-929\" class=\"wp-image-929 size-large\" src=\"https:\/\/2017.bratislava.wordcamp.org\/files\/2017\/02\/EUBA_1-1024x768-1024x768.jpg\" alt=\"\" width=\"625\" height=\"469\" srcset=\"https:\/\/bratislava.wordcamp.org\/2017\/files\/2017\/02\/EUBA_1-1024x768.jpg 1024w, https:\/\/bratislava.wordcamp.org\/2017\/files\/2017\/02\/EUBA_1-1024x768-300x225.jpg 300w, https:\/\/bratislava.wordcamp.org\/2017\/files\/2017\/02\/EUBA_1-1024x768-768x576.jpg 768w, https:\/\/bratislava.wordcamp.org\/2017\/files\/2017\/02\/EUBA_1-1024x768-400x300.jpg 400w, https:\/\/bratislava.wordcamp.org\/2017\/files\/2017\/02\/EUBA_1-1024x768-624x468.jpg 624w\" sizes=\"auto, (max-width: 625px) 100vw, 625px\" \/><\/a><p id=\"caption-attachment-929\" class=\"wp-caption-text\">Poh\u013ead na nov\u00fa budovu Ekonomickej univerzity a jej vchod<\/p><\/div>\n<div id=\"attachment_931\" style=\"width: 635px\" class=\"wp-caption alignleft\"><a href=\"https:\/\/2017.bratislava.wordcamp.org\/files\/2017\/02\/ekonomicka-univerzita.jpg\"><img loading=\"lazy\" decoding=\"async\" aria-describedby=\"caption-attachment-931\" class=\"size-large wp-image-931\" src=\"https:\/\/2017.bratislava.wordcamp.org\/files\/2017\/02\/ekonomicka-univerzita-1024x373.jpg\" alt=\"\" width=\"625\" height=\"228\" srcset=\"https:\/\/bratislava.wordcamp.org\/2017\/files\/2017\/02\/ekonomicka-univerzita-1024x373.jpg 1024w, https:\/\/bratislava.wordcamp.org\/2017\/files\/2017\/02\/ekonomicka-univerzita-300x109.jpg 300w, https:\/\/bratislava.wordcamp.org\/2017\/files\/2017\/02\/ekonomicka-univerzita-768x280.jpg 768w, https:\/\/bratislava.wordcamp.org\/2017\/files\/2017\/02\/ekonomicka-univerzita-500x182.jpg 500w, https:\/\/bratislava.wordcamp.org\/2017\/files\/2017\/02\/ekonomicka-univerzita-624x227.jpg 624w, https:\/\/bratislava.wordcamp.org\/2017\/files\/2017\/02\/ekonomicka-univerzita.jpg 1900w\" sizes=\"auto, (max-width: 625px) 100vw, 625px\" \/><\/a><p id=\"caption-attachment-931\" class=\"wp-caption-text\">Poh\u013ead na Ekonomick\u00fa univerzitu z autobusovej zast\u00e1vky. Na prejdenie na druh\u00fa stranu pou\u017eite podchod &#8211; nie tu dieru v plote \ud83d\ude09<\/p><\/div>\n<p><strong>Adresa:<br \/>\n<\/strong>Ekonomick\u00e1 univerzita<br \/>\nDolnozemsk\u00e1 cesta 1<br \/>\n852 35 Bratislava<\/p>\n<div class=\"googlemaps\">\n\t\t\t\t<iframe loading=\"lazy\" width=\"600\" height=\"450\" frameborder=\"0\" scrolling=\"no\" marginheight=\"0\" marginwidth=\"0\"  src=\"https:\/\/www.google.com\/maps\/embed?pb=!1m14!1m8!1m3!1d10652.776089158027!2d17.1332155!3d48.1257816!3m2!1i1024!2i768!4f13.1!3m3!1m2!1s0x0:0x9a91f771765fed59!2sEkonomick\u00e1%20Univerzita%20v%20Bratislave!5e0!3m2!1ssk!2ssk!4v1487545665772\"><\/iframe>\n\t\t\t<\/div>\n<p>&nbsp;<\/p>\n<h2>Ako sa k n\u00e1m dostanete<\/h2>\n<p>Ekonomick\u00e1 univerzita patr\u00ed medzi najzn\u00e1mej\u0161ie univerzity v Bratislave. Nach\u00e1dza sa v Petr\u017ealke a m\u00e1 v\u00fdborn\u00fa dostupnos\u0165 ako autom, tak aj verejnou dopravou.<\/p>\n<h3>MHD \/ verejn\u00e1 doprava<\/h3>\n<p>Z hlavnej vlakovej stanice:<\/p>\n<ul>\n<li>nast\u00fapte na trolejbus \u010d\u00edslo 201 alebo 210 a odvezte sa 5 zast\u00e1vok na\u00a0Salezi\u00e1ni<\/li>\n<li>na zast\u00e1vke Salezi\u00e1ni prest\u00fapte na autobus \u010d\u00edslo 68 a vyst\u00fapte na zast\u00e1vke s n\u00e1zvom Ekonomick\u00e1 univerzita<\/li>\n<\/ul>\n<p>Z autobusovej stanice Nivy:<\/p>\n<ul>\n<li>nast\u00fapte na autobus \u010d\u00edslo 88 smer &#8220;Most SNP cez Petr\u017ealku&#8221; a po \u0161tyroch zast\u00e1vkach budete priamo na zast\u00e1vke\u00a0Ekonomick\u00e1 univerzita<\/li>\n<\/ul>\n<h3>Autom<\/h3>\n<p><strong>Zo smeru \u017dilina,\u00a0Nitra,&#8230;<\/strong>\u00a0cho\u010fte st\u00e1\u00e1\u00e1\u00e1le rovno z D-1 na\u00a0obchvat. Udr\u017eujte smer Brno a\u017e k\u00fdm neuvid\u00edte Dunaj. Na konci mosta uvid\u00edte odbo\u010dku vpravo &#8211; \u010cunovo\/Centrum\/Dvory\/V\u00fdst. Incheba. Tu odbo\u010dte a dr\u017ete sa v\u013eavo. Po p\u00e1r metroch bude nasledova\u0165\u00a0odbo\u010dka v\u013eavo &#8211; \u010cunovo\/L\u00faky\/H\u00e1je. Odbo\u010dte a n\u00e1sledne cho\u010fte rovno. Na 1. svetelnej kri\u017eovatke odbo\u010dte do\u013eava \ud83d\ude09 Tad\u00e1\u00e1\u00e1<\/p>\n<p><strong>Zo smeru Brno&#8230;<\/strong>\u00a0dr\u017ete sa D-2 a cho\u010fte smerom na Viede\u0148 a\u017e k\u00fdm neuvid\u00edte Dunaj. Na konci mosta Lafranconi odbo\u010dte vpravo\u00a0&#8211; \u017dilina\/Kom\u00e1rno\/Centrum\/Dvory. Dr\u017ete sa v prav\u00fdch jazdn\u00fdch pruhoch. Po cca 3km uvid\u00edte\u00a0Shell \u010derpa\u010dku po pravej strane. Za \u0148ou za\u010d\u00edna odbo\u010dka doprava &#8211; \u010cunovo\/L\u00faky\/H\u00e1je. Po odbo\u010dke sa dr\u017ete v\u013eavo. Na 1. svetelnej kri\u017eovatke odbo\u010dte do\u013eava \ud83d\ude09 Tad\u00e1\u00e1\u00e1<\/p>\n<p><strong>Parkovisko<\/strong> sa nach\u00e1dza priamo pred budovou Ekonomickej univerzity. Ke\u010f budete prich\u00e1dza\u0165 z obchvatu (z jednej alebo druhej strany), univerzitu uvid\u00edte na \u013eavej strane. <strong>Na prvej svetelnej kri\u017eovatke odbo\u010dte do\u013eava<\/strong> a hne\u010f za \u013eavoto\u010divou z\u00e1krutou n\u00e1jdete otvoren\u00fa z\u00e1voru na parkovisko Ekonomickej univerzity \ud83d\ude09<\/p>\n<p><img loading=\"lazy\" decoding=\"async\" class=\"size-full wp-image-933 aligncenter\" src=\"https:\/\/2017.bratislava.wordcamp.org\/files\/2017\/02\/mapa-ako-sa-k-nam-dostanete.jpg\" alt=\"\" width=\"924\" height=\"662\" srcset=\"https:\/\/bratislava.wordcamp.org\/2017\/files\/2017\/02\/mapa-ako-sa-k-nam-dostanete.jpg 924w, https:\/\/bratislava.wordcamp.org\/2017\/files\/2017\/02\/mapa-ako-sa-k-nam-dostanete-300x215.jpg 300w, https:\/\/bratislava.wordcamp.org\/2017\/files\/2017\/02\/mapa-ako-sa-k-nam-dostanete-768x550.jpg 768w, https:\/\/bratislava.wordcamp.org\/2017\/files\/2017\/02\/mapa-ako-sa-k-nam-dostanete-419x300.jpg 419w, https:\/\/bratislava.wordcamp.org\/2017\/files\/2017\/02\/mapa-ako-sa-k-nam-dostanete-624x447.jpg 624w\" sizes=\"auto, (max-width: 924px) 100vw, 924px\" \/><\/p>\n<p>&nbsp;<\/p>\n<h2>Lokalita Contributors day 2017<\/h2>\n<p><strong>Adresa:<\/strong><br \/>\nPS: Digital<br \/>\n\u0160ustekova 5<br \/>\n85104 Bratislava<\/p>\n<p>&nbsp;<\/p>\n<div class=\"googlemaps\">\n\t\t\t\t<iframe loading=\"lazy\" width=\"600\" height=\"450\" frameborder=\"0\" scrolling=\"no\" marginheight=\"0\" marginwidth=\"0\"  src=\"https:\/\/www.google.com\/maps\/embed?pb=!1m18!1m12!1m3!1d3166.9375181672026!2d17.123023439756356!3d48.12824273832427!2m3!1f0!2f0!3f0!3m2!1i1024!2i768!4f13.1!3m3!1m2!1s0x476c891020f49143:0x21b64d20be176a8!2s\u0160ustekova%202689\/5,%20851%2004%20Petr\u017ealka!5e0!3m2!1ssk!2ssk!4v1492935823427\"><\/iframe>\n\t\t\t<\/div>\n<p><img loading=\"lazy\" decoding=\"async\" class=\"alignleft size-large wp-image-1234\" src=\"https:\/\/2017.bratislava.wordcamp.org\/files\/2017\/04\/contributor0-1024x497.jpg\" alt=\"\" width=\"625\" height=\"303\" srcset=\"https:\/\/bratislava.wordcamp.org\/2017\/files\/2017\/04\/contributor0-1024x497.jpg 1024w, https:\/\/bratislava.wordcamp.org\/2017\/files\/2017\/04\/contributor0-300x146.jpg 300w, https:\/\/bratislava.wordcamp.org\/2017\/files\/2017\/04\/contributor0-768x372.jpg 768w, https:\/\/bratislava.wordcamp.org\/2017\/files\/2017\/04\/contributor0-500x243.jpg 500w, https:\/\/bratislava.wordcamp.org\/2017\/files\/2017\/04\/contributor0-624x303.jpg 624w, https:\/\/bratislava.wordcamp.org\/2017\/files\/2017\/04\/contributor0.jpg 1200w\" sizes=\"auto, (max-width: 625px) 100vw, 625px\" \/><\/p>\n<p><img loading=\"lazy\" decoding=\"async\" class=\"alignleft size-large wp-image-1235\" src=\"https:\/\/2017.bratislava.wordcamp.org\/files\/2017\/04\/contributor1-1024x624.jpg\" alt=\"\" width=\"625\" height=\"381\" srcset=\"https:\/\/bratislava.wordcamp.org\/2017\/files\/2017\/04\/contributor1-1024x624.jpg 1024w, https:\/\/bratislava.wordcamp.org\/2017\/files\/2017\/04\/contributor1-300x183.jpg 300w, https:\/\/bratislava.wordcamp.org\/2017\/files\/2017\/04\/contributor1-768x468.jpg 768w, https:\/\/bratislava.wordcamp.org\/2017\/files\/2017\/04\/contributor1-492x300.jpg 492w, https:\/\/bratislava.wordcamp.org\/2017\/files\/2017\/04\/contributor1-624x380.jpg 624w, https:\/\/bratislava.wordcamp.org\/2017\/files\/2017\/04\/contributor1.jpg 1200w\" sizes=\"auto, (max-width: 625px) 100vw, 625px\" \/><\/p>\n<p><a href=\"https:\/\/2017.bratislava.wordcamp.org\/files\/2017\/04\/contributor2.jpg\"><img loading=\"lazy\" decoding=\"async\" class=\"alignleft size-large wp-image-1236\" src=\"https:\/\/2017.bratislava.wordcamp.org\/files\/2017\/04\/contributor2-1024x768.jpg\" alt=\"\" width=\"625\" height=\"469\" srcset=\"https:\/\/bratislava.wordcamp.org\/2017\/files\/2017\/04\/contributor2-1024x768.jpg 1024w, https:\/\/bratislava.wordcamp.org\/2017\/files\/2017\/04\/contributor2-300x225.jpg 300w, https:\/\/bratislava.wordcamp.org\/2017\/files\/2017\/04\/contributor2-768x576.jpg 768w, https:\/\/bratislava.wordcamp.org\/2017\/files\/2017\/04\/contributor2-400x300.jpg 400w, https:\/\/bratislava.wordcamp.org\/2017\/files\/2017\/04\/contributor2-624x468.jpg 624w, https:\/\/bratislava.wordcamp.org\/2017\/files\/2017\/04\/contributor2.jpg 1200w\" sizes=\"auto, (max-width: 625px) 100vw, 625px\" \/><\/a><\/p>\n","protected":false},"excerpt":{"rendered":"<p>Lokalita WordCamp Bratislava 2017 Tohtoro\u010dn\u00fd WordCamp sa bude kona\u0165 v priestoroch Ekonomickej Univerzity v Bratislave. Ekonomick\u00e1 univerzita sa sklad\u00e1 z viacer\u00fdch budov, my sa budeme nach\u00e1dza\u0165 v tzv. novej budove. Vchod do novej budovy sa nach\u00e1dza v pravej \u010dasti. Adresa: Ekonomick\u00e1 univerzita Dolnozemsk\u00e1 cesta 1 852 35 Bratislava &nbsp; Ako sa k n\u00e1m dostanete Ekonomick\u00e1 [&hellip;]<\/p>\n","protected":false},"author":13706582,"featured_media":0,"parent":36,"menu_order":0,"comment_status":"closed","ping_status":"closed","template":"","meta":{"_crdt_document":"","jetpack_post_was_ever_published":false,"footnotes":""},"class_list":["post-38","page","type-page","status-publish","hentry"],"jetpack_sharing_enabled":true,"jetpack_shortlink":"https:\/\/wp.me\/PheMR0-C","jetpack_likes_enabled":true,"_links":{"self":[{"href":"https:\/\/bratislava.wordcamp.org\/2017\/wp-json\/wp\/v2\/pages\/38","targetHints":{"allow":["GET"]}}],"collection":[{"href":"https:\/\/bratislava.wordcamp.org\/2017\/wp-json\/wp\/v2\/pages"}],"about":[{"href":"https:\/\/bratislava.wordcamp.org\/2017\/wp-json\/wp\/v2\/types\/page"}],"author":[{"embeddable":true,"href":"https:\/\/bratislava.wordcamp.org\/2017\/wp-json\/wp\/v2\/users\/13706582"}],"replies":[{"embeddable":true,"href":"https:\/\/bratislava.wordcamp.org\/2017\/wp-json\/wp\/v2\/comments?post=38"}],"version-history":[{"count":10,"href":"https:\/\/bratislava.wordcamp.org\/2017\/wp-json\/wp\/v2\/pages\/38\/revisions"}],"predecessor-version":[{"id":1238,"href":"https:\/\/bratislava.wordcamp.org\/2017\/wp-json\/wp\/v2\/pages\/38\/revisions\/1238"}],"up":[{"embeddable":true,"href":"https:\/\/bratislava.wordcamp.org\/2017\/wp-json\/wp\/v2\/pages\/36"}],"wp:attachment":[{"href":"https:\/\/bratislava.wordcamp.org\/2017\/wp-json\/wp\/v2\/media?parent=38"}],"curies":[{"name":"wp","href":"https:\/\/api.w.org\/{rel}","templated":true}]}}