{"id":36,"date":"2017-02-13T09:38:09","date_gmt":"2017-02-13T09:38:09","guid":{"rendered":"https:\/\/2017.bratislava.wordcamp.org\/?page_id=36"},"modified":"2017-04-24T13:09:39","modified_gmt":"2017-04-24T13:09:39","slug":"o-wordcamp","status":"publish","type":"page","link":"https:\/\/bratislava.wordcamp.org\/2017\/o-wordcamp\/","title":{"rendered":"O WordCamp"},"content":{"rendered":"<p>Konferencia WordCamp je ur\u010den\u00e1 v\u0161etk\u00fdm fan\u00fa\u0161ikom redak\u010dn\u00e9ho syst\u00e9mu <a href=\"https:\/\/wordpress.org\">WordPress<\/a>. Kon\u00e1 sa <a href=\"https:\/\/central.wordcamp.org\">po celom svete<\/a> a na Slovensku u\u017e <strong>po \u0161iesty rok<\/strong>.<br \/>\n<strong>WordCamp Bratislava 2017<\/strong> je rozdelen\u00fd do <strong>dvoch blokov<\/strong> pre <strong>pou\u017e\u00edvate\u013eov<\/strong> a <strong>v\u00fdvoj\u00e1rov<\/strong> a vyst\u00fapi na \u0148om <strong>14 speakrov<\/strong>. Konferencia bude prebieha\u0165 v priestoroch Ekonomickej univerzity v Bratislave v sobotu 29. apr\u00edla 2017.<\/p>\n<p>Na nede\u013eu 30. apr\u00edla 2017 je pripraven\u00fd <strong>Contributor Day<\/strong>, po\u010das ktor\u00e9ho sa d\u00e1 priamo <strong>zapoji\u0165<\/strong> k <strong>tvorbe<\/strong> WordPress a <strong>podpori\u0165<\/strong> lok\u00e1lnu komunitu. Po\u010das Contrinutor Day sa zv\u00e4\u010d\u0161a zaober\u00e1me <strong>slovensk\u00fdm prekladom<\/strong> WordPress a pluginov, <strong>stretnutiam<\/strong> vo vybran\u00fdch mest\u00e1ch a ostatn\u00fdm veciam, ktor\u00e9 prispievaj\u00fa k <strong>zlep\u0161eniu<\/strong> a \u0161\u00edreniu WordPress na Slovenku.<\/p>\n<p><strong><a href=\"https:\/\/2017.bratislava.wordcamp.org\/listky\/\">Registr\u00e1cia je spusten\u00e1<\/a> a bude akt\u00edvna do 28. 4. 2017 17:00.<\/strong> L\u00edstok si na mieste nebude mo\u017en\u00e9 k\u00fapi\u0165.\u00a0Svoju \u00fa\u010das\u0165 m\u00f4\u017eete potvrdi\u0165 aj na\u00a0<a href=\"https:\/\/www.facebook.com\/events\/1756250804691690\/\">Facebooku<\/a>.<\/p>\n<p>&nbsp;<\/p>\n<p><strong>WordCamp Bratislava 2017 sa uskuto\u010dn\u00ed 29.4.2017<\/strong> na adrese:<\/p>\n<p>Ekonomick\u00e1 univerzita<br \/>\nDolnozemsk\u00e1 cesta 1<br \/>\n852 35 Bratislava<\/p>\n<p><strong>Contributors day 2017 sa uskuto\u010dn\u00ed 30.4.2017<\/strong> na adrese:<\/p>\n<p>PS: Digital<br \/>\n\u0160ustekova 5<br \/>\n85104 Bratislava<\/p>\n<p><a href=\"https:\/\/2017.bratislava.wordcamp.org\/o-wordcamp\/miesto\/\">Viac o lokalite<\/a><\/p>\n","protected":false},"excerpt":{"rendered":"<p>Konferencia WordCamp je ur\u010den\u00e1 v\u0161etk\u00fdm fan\u00fa\u0161ikom redak\u010dn\u00e9ho syst\u00e9mu WordPress. Kon\u00e1 sa po celom svete a na Slovensku u\u017e po \u0161iesty rok. WordCamp Bratislava 2017 je rozdelen\u00fd do dvoch blokov pre pou\u017e\u00edvate\u013eov a v\u00fdvoj\u00e1rov a vyst\u00fapi na \u0148om 14 speakrov. Konferencia bude prebieha\u0165 v priestoroch Ekonomickej univerzity v Bratislave v sobotu 29. apr\u00edla 2017. Na nede\u013eu [&hellip;]<\/p>\n","protected":false},"author":13706582,"featured_media":0,"parent":0,"menu_order":0,"comment_status":"closed","ping_status":"closed","template":"","meta":{"jetpack_post_was_ever_published":false,"footnotes":""},"class_list":["post-36","page","type-page","status-publish","hentry"],"jetpack_sharing_enabled":true,"jetpack_shortlink":"https:\/\/wp.me\/P8oGMJ-A","jetpack_likes_enabled":true,"_links":{"self":[{"href":"https:\/\/bratislava.wordcamp.org\/2017\/wp-json\/wp\/v2\/pages\/36","targetHints":{"allow":["GET"]}}],"collection":[{"href":"https:\/\/bratislava.wordcamp.org\/2017\/wp-json\/wp\/v2\/pages"}],"about":[{"href":"https:\/\/bratislava.wordcamp.org\/2017\/wp-json\/wp\/v2\/types\/page"}],"author":[{"embeddable":true,"href":"https:\/\/bratislava.wordcamp.org\/2017\/wp-json\/wp\/v2\/users\/13706582"}],"replies":[{"embeddable":true,"href":"https:\/\/bratislava.wordcamp.org\/2017\/wp-json\/wp\/v2\/comments?post=36"}],"version-history":[{"count":10,"href":"https:\/\/bratislava.wordcamp.org\/2017\/wp-json\/wp\/v2\/pages\/36\/revisions"}],"predecessor-version":[{"id":1158,"href":"https:\/\/bratislava.wordcamp.org\/2017\/wp-json\/wp\/v2\/pages\/36\/revisions\/1158"}],"wp:attachment":[{"href":"https:\/\/bratislava.wordcamp.org\/2017\/wp-json\/wp\/v2\/media?parent=36"}],"curies":[{"name":"wp","href":"https:\/\/api.w.org\/{rel}","templated":true}]}}