{"id":8,"date":"2016-01-13T19:33:53","date_gmt":"2016-01-13T19:33:53","guid":{"rendered":"https:\/\/2016.bratislava.wordcamp.org\/speakers\/"},"modified":"2016-04-10T14:17:36","modified_gmt":"2016-04-10T13:17:36","slug":"speakers","status":"publish","type":"page","link":"https:\/\/bratislava.wordcamp.org\/2016\/speakers\/","title":{"rendered":"Sp\u00edkri"},"content":{"rendered":"\n\t<div class=\"wcorg-speakers\">\n\n\t\t\n\t\t\t<!-- Organizers note: The id attribute is deprecated and only remains for backwards compatibility, please use the corresponding class to target individual speakers -->\n\t\t\t<div id=\"wcorg-speaker-borek-bernard\" class=\"wcorg-speaker wcorg-speaker-borek-bernard wcorg-track-pokrocili\">\n\t\t\t\t<h2>\n\t\t\t\t\t\n\t\t\t\t\t\tBorek Bernard\n\t\t\t\t\t\t\t\t\t<\/h2>\n\n\t\t\t\t<div class=\"wcorg-speaker-description\">\n\t\t\t\t\t<img alt='' src='https:\/\/secure.gravatar.com\/avatar\/67c29b1c856079e9bac1ad3b97d9077abdc21b90ac0b4fee88508363b1167b6b?s=100&#038;d=mm&#038;r=g' srcset='https:\/\/secure.gravatar.com\/avatar\/67c29b1c856079e9bac1ad3b97d9077abdc21b90ac0b4fee88508363b1167b6b?s=200&#038;d=mm&#038;r=g 2x' class='avatar avatar-100 photo' height='100' width='100' \/>\t\t\t\t\t<p>Borek je v\u00fdvoj\u00e1\u0159 a zakladatel VersionPressu, kolem kter\u00e9ho \u0159\u00edd\u00ed i stejnojmennou firmu. Kdy\u017e zrovna s kolegy ne\u0159e\u0161\u00ed z\u00e1ludnosti WordPressu jako platformy, v\u011bnuje se sv\u00e9 rodin\u011b nebo p\u0159edn\u00e1\u0161\u00ed na nejbli\u017e\u0161\u00edch WordCampech. Na Twitteru ho najdete jako @borekb.<\/p>\n\t\t\t\t<\/div>\n\t\t\t<\/div>\n\n\t\t\n\t\t\t<!-- Organizers note: The id attribute is deprecated and only remains for backwards compatibility, please use the corresponding class to target individual speakers -->\n\t\t\t<div id=\"wcorg-speaker-vladimir-rejholec\" class=\"wcorg-speaker wcorg-speaker-vladimir-rejholec wcorg-track-zaciatocnici\">\n\t\t\t\t<h2>\n\t\t\t\t\t\n\t\t\t\t\t\tVladim\u00edr Rejholec\n\t\t\t\t\t\t\t\t\t<\/h2>\n\n\t\t\t\t<div class=\"wcorg-speaker-description\">\n\t\t\t\t\t<img alt='' src='https:\/\/secure.gravatar.com\/avatar\/801d4107ee2774459d1209fb59742ff87df62799cf7fb6a5446a876031bad013?s=100&#038;d=mm&#038;r=g' srcset='https:\/\/secure.gravatar.com\/avatar\/801d4107ee2774459d1209fb59742ff87df62799cf7fb6a5446a876031bad013?s=200&#038;d=mm&#038;r=g 2x' class='avatar avatar-100 photo' height='100' width='100' \/>\t\t\t\t\t<p>Som Vladim\u00edr Rejholec, internetov\u00fd podnikate\u013e. Venujem sa affiliate marketingu a monetiz\u00e1cii organickej n\u00e1v\u0161tevnosti. Budujem nieko\u013eko t\u00e9matick\u00fdch slovensk\u00fdch a \u010desk\u00fdch port\u00e1lov. Som autorom zdravotn\u00edckeho port\u00e1lu <a href=\"http:\/\/www.zdravoteka.sk\/\">Zdravot\u00e9ka.sk<\/a>.<\/p>\n\t\t\t\t<\/div>\n\t\t\t<\/div>\n\n\t\t\n\t\t\t<!-- Organizers note: The id attribute is deprecated and only remains for backwards compatibility, please use the corresponding class to target individual speakers -->\n\t\t\t<div id=\"wcorg-speaker-martin-krcho\" class=\"wcorg-speaker wcorg-speaker-martin-krcho wcorg-track-pokrocili\">\n\t\t\t\t<h2>\n\t\t\t\t\t\n\t\t\t\t\t\tMartin Krcho\n\t\t\t\t\t\t\t\t\t<\/h2>\n\n\t\t\t\t<div class=\"wcorg-speaker-description\">\n\t\t\t\t\t<img alt='' src='https:\/\/secure.gravatar.com\/avatar\/d9bb5d2f13b025c545df0bdc93b0ae03947a132f318f92f69e1795d649601a6a?s=100&#038;d=mm&#038;r=g' srcset='https:\/\/secure.gravatar.com\/avatar\/d9bb5d2f13b025c545df0bdc93b0ae03947a132f318f92f69e1795d649601a6a?s=200&#038;d=mm&#038;r=g 2x' class='avatar avatar-100 photo' height='100' width='100' \/>\t\t\t\t\t<p>U\u017e takmer 10 rokov sa venujem webov\u00fdm technol\u00f3gi\u00e1m ako developer, architekt, tester, projektov\u00fd mana\u017e\u00e9r a server administr\u00e1tor &#8211; pod\u013ea toho, \u010do pr\u00e1ve treba :) Pracujem ako lead developer pre firmu Virtual Studio, ktor\u00e1 stoj\u00ed za jedn\u00fdm z ve\u013ek\u00fdch slovensk\u00fdch WordPress webov &#8211; <a href=\"http:\/\/www.mojandroid.sk\">www.mojandroid.sk<\/a>. R\u00e1d odovzd\u00e1vam svoje vedomosti \u010falej a chcel by som pom\u00f4c\u0165 mlad\u00fdm WordPress developerom vypracova\u0165 sa na prof\u00edkov.<\/p>\n\t\t\t\t<\/div>\n\t\t\t<\/div>\n\n\t\t\n\t\t\t<!-- Organizers note: The id attribute is deprecated and only remains for backwards compatibility, please use the corresponding class to target individual speakers -->\n\t\t\t<div id=\"wcorg-speaker-luca-sartoni\" class=\"wcorg-speaker wcorg-speaker-luca-sartoni wcorg-track-pokrocili\">\n\t\t\t\t<h2>\n\t\t\t\t\t\n\t\t\t\t\t\tLuca Sartoni\n\t\t\t\t\t\t\t\t\t<\/h2>\n\n\t\t\t\t<div class=\"wcorg-speaker-description\">\n\t\t\t\t\t<img alt='' src='https:\/\/secure.gravatar.com\/avatar\/977d1ed12f4aa5875261bde52d70676ca9985d3cd1ac164441add8cc11e96b32?s=100&#038;d=mm&#038;r=g' srcset='https:\/\/secure.gravatar.com\/avatar\/977d1ed12f4aa5875261bde52d70676ca9985d3cd1ac164441add8cc11e96b32?s=200&#038;d=mm&#038;r=g 2x' class='avatar avatar-100 photo' height='100' width='100' \/>\t\t\t\t\t<p>Luca is a Growth Engineer at Automattic \/\u00a0<a href=\"http:\/\/wordpress.com\/\" target=\"_blank\">WordPress.com<\/a>. He is active in the\u00a0international WordPress Community, co-organizer of WordCamp Europe 2016, co-editor on\u00a0<a href=\"http:\/\/it.wordpress.org\/\" target=\"_blank\">http:\/\/it.wordpress.org\/<\/a><\/p>\n\t\t\t\t<\/div>\n\t\t\t<\/div>\n\n\t\t\n\t\t\t<!-- Organizers note: The id attribute is deprecated and only remains for backwards compatibility, please use the corresponding class to target individual speakers -->\n\t\t\t<div id=\"wcorg-speaker-roman-hraska\" class=\"wcorg-speaker wcorg-speaker-roman-hraska wcorg-track-zaciatocnici\">\n\t\t\t\t<h2>\n\t\t\t\t\t\n\t\t\t\t\t\tRoman Hra\u0161ka\n\t\t\t\t\t\t\t\t\t<\/h2>\n\n\t\t\t\t<div class=\"wcorg-speaker-description\">\n\t\t\t\t\t<img alt='' src='https:\/\/secure.gravatar.com\/avatar\/3708e1db18fa61c570dc289bc9512b4dbe30e19307fad323337042e787fa8ad5?s=100&#038;d=mm&#038;r=g' srcset='https:\/\/secure.gravatar.com\/avatar\/3708e1db18fa61c570dc289bc9512b4dbe30e19307fad323337042e787fa8ad5?s=200&#038;d=mm&#038;r=g 2x' class='avatar avatar-100 photo' height='100' width='100' \/>\t\t\t\t\t<p>Som Yablko. Rob\u00edm str\u00e1nky. U\u010d\u00edm \u013eud\u00ed programova\u0165. Som autorom kurzu <a href=\"http:\/\/webrebel.sk\/\" target=\"_blank\">webrebel.sk<\/a>. Ke\u010f nep\u00ed\u0161em k\u00f3d, p\u00ed\u0161em \u010dl\u00e1nky o Tom\u00e1\u0161ovi Ma\u0161tal\u00edrovi. Ke\u010f neto\u010d\u00edm videon\u00e1vody, to\u010d\u00edm vide\u00e1, kde nah\u00e1\u0148am \u013eud\u00ed s ban\u00e1nom po ulici. Ale toto je o WordPresse. Nau\u010d\u00edm \u0165a spravi\u0165 WordPress t\u00e9mu, aj ke\u010f nevie\u0161 PHP. Ale mus\u00ed\u0161 vedie\u0165 HTML.<\/p>\n\t\t\t\t<\/div>\n\t\t\t<\/div>\n\n\t\t\n\t\t\t<!-- Organizers note: The id attribute is deprecated and only remains for backwards compatibility, please use the corresponding class to target individual speakers -->\n\t\t\t<div id=\"wcorg-speaker-alexandra-draghici\" class=\"wcorg-speaker wcorg-speaker-alexandra-draghici wcorg-track-zaciatocnici\">\n\t\t\t\t<h2>\n\t\t\t\t\t\n\t\t\t\t\t\tAlexandra Draghici\n\t\t\t\t\t\t\t\t\t<\/h2>\n\n\t\t\t\t<div class=\"wcorg-speaker-description\">\n\t\t\t\t\t<img alt='' src='https:\/\/secure.gravatar.com\/avatar\/91109da90398230248af04009d502c89f8a5dfb11edab668cf036d4c7731cccd?s=100&#038;d=mm&#038;r=g' srcset='https:\/\/secure.gravatar.com\/avatar\/91109da90398230248af04009d502c89f8a5dfb11edab668cf036d4c7731cccd?s=200&#038;d=mm&#038;r=g 2x' class='avatar avatar-100 photo' height='100' width='100' \/>\t\t\t\t\t<p>Alexandra Draghici is the Product Owner of CaptainForm, WordPress forms and surveys plugin. In the past, she managed other projects of 123ContactForm, the mother company, mainly the development of new features and integrations based on market analysis. As a side project, she founded Rapidul de Engleza (The English Express), currently the most popular website for learning English in Romania. She likes riding bikes and cars, swimming, playing tennis and doing crossword puzzles.<\/p>\n\t\t\t\t<\/div>\n\t\t\t<\/div>\n\n\t\t\n\t\t\t<!-- Organizers note: The id attribute is deprecated and only remains for backwards compatibility, please use the corresponding class to target individual speakers -->\n\t\t\t<div id=\"wcorg-speaker-karol-voros\" class=\"wcorg-speaker wcorg-speaker-karol-voros wcorg-track-zaciatocnici\">\n\t\t\t\t<h2>\n\t\t\t\t\t\n\t\t\t\t\t\tKarol V\u00f6r\u00f6s\n\t\t\t\t\t\t\t\t\t<\/h2>\n\n\t\t\t\t<div class=\"wcorg-speaker-description\">\n\t\t\t\t\t<img alt='' src='https:\/\/secure.gravatar.com\/avatar\/615c49ff2edccdf199250c26f5b19bdc61ad7ecf241171f46f2b1e2f8e7b8126?s=100&#038;d=mm&#038;r=g' srcset='https:\/\/secure.gravatar.com\/avatar\/615c49ff2edccdf199250c26f5b19bdc61ad7ecf241171f46f2b1e2f8e7b8126?s=200&#038;d=mm&#038;r=g 2x' class='avatar avatar-100 photo' height='100' width='100' \/>\t\t\t\t\t<p>Vo Webglobe &#8211; Yegon riadim marketing, v\u00fdvoj produktov a stoj\u00edm za optimalizovan\u00fdm hostingom pre WordPress. V r\u00e1mci slovenskej WordPress komunity organizujem bratislavsk\u00e9 meetupy, pom\u00e1ham s prekladmi modulov a predn\u00e1\u0161am na r\u00f4znych podujatiach. Spolu s mojou sestrou sme zalo\u017eili \u0161t\u00fadio pre tehotn\u00e9 GraviFit, v ktorom na WordPress pred\u00e1vame aj online kurzy. \u017divotn\u00fa energiu \u010derp\u00e1m zo \u0161portu, ktor\u00e9mu som sa venoval aj profesion\u00e1lne.<\/p>\n\t\t\t\t<\/div>\n\t\t\t<\/div>\n\n\t\t\n\t\t\t<!-- Organizers note: The id attribute is deprecated and only remains for backwards compatibility, please use the corresponding class to target individual speakers -->\n\t\t\t<div id=\"wcorg-speaker-tomas-kocifaj\" class=\"wcorg-speaker wcorg-speaker-tomas-kocifaj wcorg-track-pokrocili\">\n\t\t\t\t<h2>\n\t\t\t\t\t\n\t\t\t\t\t\tTom\u00e1\u0161 Kocifaj\n\t\t\t\t\t\t\t\t\t<\/h2>\n\n\t\t\t\t<div class=\"wcorg-speaker-description\">\n\t\t\t\t\t<img alt='' src='https:\/\/secure.gravatar.com\/avatar\/e9dcefdf8cdb7831ba73ee1ab1c7dfbaafea692ce9d29da50351c1de3e936851?s=100&#038;d=mm&#038;r=g' srcset='https:\/\/secure.gravatar.com\/avatar\/e9dcefdf8cdb7831ba73ee1ab1c7dfbaafea692ce9d29da50351c1de3e936851?s=200&#038;d=mm&#038;r=g 2x' class='avatar avatar-100 photo' height='100' width='100' \/>\t\t\t\t\t<p>Za\u010d\u00ednal jsem jako b\u011b\u017en\u00fd freelancer s programov\u00e1n\u00edm ve WordPressu. Za za\u010d\u00e1tku jsem vyu\u017e\u00edval r\u016fzn\u00e9 n\u00e1stroje t\u0159et\u00edch stran \u2013 a\u0165 to byly pluginy nebo zakoupen\u00e9 \u0161ablony. Postupem \u010dasu jsem za\u010dal \u0159e\u0161it v\u011bt\u0161\u00ed webov\u00e9 str\u00e1nky nebo projekty, kde bylo pot\u0159eba za\u010d\u00edt s pl\u00e1nov\u00e1n\u00edm, u\u017eivatelsk\u00fdm v\u00fdzkumem, n\u00e1vrhem, testov\u00e1n\u00edm, UX, d\u016fkladn\u011bj\u0161\u00edmu programov\u00e1n\u00ed na m\u00edru, optimalizac\u00ed webov\u00fdch str\u00e1nek z hlediska rychlosti, atd. Za\u010dal jsem se tedy d\u016fkladn\u011bji v\u011bnovat WordPressu samotn\u00e9mu, abych mohl \u0161ablonu vytvo\u0159it v\u016f\u010di v\u0161em okoln\u00edm faktor\u016fm a ne, abych okoln\u00ed faktory a pot\u0159eby klient\u016f (nebo n\u00e1v\u0161t\u011bvn\u00edk\u016f) p\u0159izp\u016fsobil \u0161ablon\u011b, kterou jsem zakoupil. Jsem podeps\u00e1n nap\u0159\u00edklad pod projektem <a href=\"http:\/\/www.wpframework.cz\/\">WPframework<\/a>.<\/p>\n\t\t\t\t<\/div>\n\t\t\t<\/div>\n\n\t\t\n\t\t\t<!-- Organizers note: The id attribute is deprecated and only remains for backwards compatibility, please use the corresponding class to target individual speakers -->\n\t\t\t<div id=\"wcorg-speaker-peter-nemcok\" class=\"wcorg-speaker wcorg-speaker-peter-nemcok wcorg-track-zaciatocnici wcorg-track-contribution-day\">\n\t\t\t\t<h2>\n\t\t\t\t\t\n\t\t\t\t\t\tPeter Nem\u010dok\n\t\t\t\t\t\t\t\t\t<\/h2>\n\n\t\t\t\t<div class=\"wcorg-speaker-description\">\n\t\t\t\t\t<img alt='' src='https:\/\/secure.gravatar.com\/avatar\/0cd69f728ecf819e729bfd251f962eed506787781761ff079eed7263ab825540?s=100&#038;d=mm&#038;r=g' srcset='https:\/\/secure.gravatar.com\/avatar\/0cd69f728ecf819e729bfd251f962eed506787781761ff079eed7263ab825540?s=200&#038;d=mm&#038;r=g 2x' class='avatar avatar-100 photo' height='100' width='100' \/>\t\t\t\t\t<p>Zakladate\u013e komunitn\u00e9ho port\u00e1lu <a href=\"https:\/\/wp.sk\/\" target=\"_blank\" rel=\"noopener\">WordPress Slovensko<\/a> a l\u00edder v slobodnej firme Webikon. S WordPress pracuje od roku 2007. Okrem prekladania WordPress do sloven\u010diny organizuje WordPress meetup Bratislava a WordCamp Slovensko.<\/p>\n\t\t\t\t<\/div>\n\t\t\t<\/div>\n\n\t\t\n\t\t\t<!-- Organizers note: The id attribute is deprecated and only remains for backwards compatibility, please use the corresponding class to target individual speakers -->\n\t\t\t<div id=\"wcorg-speaker-jan-bocinec\" class=\"wcorg-speaker wcorg-speaker-jan-bocinec wcorg-track-pokrocili\">\n\t\t\t\t<h2>\n\t\t\t\t\t\n\t\t\t\t\t\tJ\u00e1n Bo\u010d\u00ednec\n\t\t\t\t\t\t\t\t\t<\/h2>\n\n\t\t\t\t<div class=\"wcorg-speaker-description\">\n\t\t\t\t\t<img alt='' src='https:\/\/secure.gravatar.com\/avatar\/04a535e3b56d05ac72fc54c0e7bece6060e333035523f7b1772d42653c6f7ea5?s=100&#038;d=mm&#038;r=g' srcset='https:\/\/secure.gravatar.com\/avatar\/04a535e3b56d05ac72fc54c0e7bece6060e333035523f7b1772d42653c6f7ea5?s=200&#038;d=mm&#038;r=g 2x' class='avatar avatar-100 photo' height='100' width='100' \/>\t\t\t\t\t<p>V\u00e1\u0161niv\u00fd v\u00fdvoj\u00e1r webov\u00fdch rie\u0161en\u00ed, ktor\u00fd r\u00e1d objavuje nov\u00e9 technol\u00f3gie a postupy v internetovom svete. Je tie\u017e milovn\u00edkom exotick\u00e9ho jedla, ku ktor\u00e9mu patr\u00ed spr\u00e1vne vychladen\u00e9 pivo. In\u0161pir\u00e1ciu vie nabra\u0165 pri prech\u00e1dzkach a nepohrdne ani dobr\u00fdm filmom. Ako akt\u00edvny \u010dlen WordPress komunity sa s\u00e1m podie\u013eal na organizovan\u00ed u\u017e nieko\u013ek\u00fdch WordCampov. Je s\u00fa\u010das\u0165ou t\u00edmu v slobodnej firme <a href=\"http:\/\/www.webikon.sk\/\" rel=\"nofollow\">Webikon<\/a>, kde pln\u00ed \u00falohu senior porgram\u00e1tora. R\u00e1d sa s vami podel\u00ed o svoje know-how a poropr\u00e1va v\u00e1m o mo\u017enosti vyu\u017eitia WordPress. Nev\u00e1hajte sa mu ozva\u0165 na jeho Twitter <a href=\"https:\/\/twitter.com\/JohnnyPea\">@johnnypea<\/a><\/p>\n\t\t\t\t<\/div>\n\t\t\t<\/div>\n\n\t\t\n\t\t\t<!-- Organizers note: The id attribute is deprecated and only remains for backwards compatibility, please use the corresponding class to target individual speakers -->\n\t\t\t<div id=\"wcorg-speaker-alexandra-kovacova\" class=\"wcorg-speaker wcorg-speaker-alexandra-kovacova wcorg-track-zaciatocnici\">\n\t\t\t\t<h2>\n\t\t\t\t\t\n\t\t\t\t\t\tAlexandra Kova\u010dov\u00e1\n\t\t\t\t\t\t\t\t\t<\/h2>\n\n\t\t\t\t<div class=\"wcorg-speaker-description\">\n\t\t\t\t\t<img alt='' src='https:\/\/secure.gravatar.com\/avatar\/a506d3c72a3f470938ac9148c92dffd5724ef9522b713431a3669cc3bfc06447?s=100&#038;d=mm&#038;r=g' srcset='https:\/\/secure.gravatar.com\/avatar\/a506d3c72a3f470938ac9148c92dffd5724ef9522b713431a3669cc3bfc06447?s=200&#038;d=mm&#038;r=g 2x' class='avatar avatar-100 photo' height='100' width='100' \/>\t\t\t\t\t<p>Ako jedin\u00e1 Slovenka sa \u017eiv\u00edm blogom o cestovan\u00ed u\u017e od septembra 2010, blog patr\u00ed ku 150 najlep\u0161\u00edm na svete. V\u010faka blogu som u\u017e nav\u0161t\u00edvila 50 kraj\u00edn sveta, kde som spolupracovala s viac ako 300 sponzormi a objavila som sa v mnoh\u00fdch m\u00e9di\u00e1ch na Slovensku ako aj v zahrani\u010d\u00ed.<\/p>\n\t\t\t\t<\/div>\n\t\t\t<\/div>\n\n\t\t\n\t\t\t<!-- Organizers note: The id attribute is deprecated and only remains for backwards compatibility, please use the corresponding class to target individual speakers -->\n\t\t\t<div id=\"wcorg-speaker-juraj-kiss\" class=\"wcorg-speaker wcorg-speaker-juraj-kiss wcorg-track-pokrocili\">\n\t\t\t\t<h2>\n\t\t\t\t\t\n\t\t\t\t\t\tJuraj Kiss\n\t\t\t\t\t\t\t\t\t<\/h2>\n\n\t\t\t\t<div class=\"wcorg-speaker-description\">\n\t\t\t\t\t<img alt='' src='https:\/\/secure.gravatar.com\/avatar\/8b8c4f8df9771e35c5d353424f5cb9cd8ab2fae3a9957ed36e1b71e763775e1b?s=100&#038;d=mm&#038;r=g' srcset='https:\/\/secure.gravatar.com\/avatar\/8b8c4f8df9771e35c5d353424f5cb9cd8ab2fae3a9957ed36e1b71e763775e1b?s=200&#038;d=mm&#038;r=g 2x' class='avatar avatar-100 photo' height='100' width='100' \/>\t\t\t\t\t<p>WP theme developer @ Webikon (<a href=\"http:\/\/webikon.sk\" rel=\"nofollow\">http:\/\/webikon.sk<\/a>), Mobile soundsystem builder, operator, selector @ CykloKuchyna (<a href=\"http:\/\/bike.kitchen\">http:\/\/bike.kitchen<\/a>)<br \/>\nJuraj zmaturoval z informatiky a\u017e na druhykr\u00e1t, preto\u017ee pou\u017eil google. Vo WordPress-e sa za\u010dal v\u0155ta\u0165 v roku 2007 a ke\u010f pr\u00e1ve nek\u00f3di klientske alebo neziskov\u00e9 projekty, venuje sa komunitnej dielni CykloKuchyna.<\/p>\n\t\t\t\t<\/div>\n\t\t\t<\/div>\n\n\t\t\n\t\t\t<!-- Organizers note: The id attribute is deprecated and only remains for backwards compatibility, please use the corresponding class to target individual speakers -->\n\t\t\t<div id=\"wcorg-speaker-michal-kopecky\" class=\"wcorg-speaker wcorg-speaker-michal-kopecky wcorg-track-zaciatocnici\">\n\t\t\t\t<h2>\n\t\t\t\t\t\n\t\t\t\t\t\tMichal Kopeck\u00fd\n\t\t\t\t\t\t\t\t\t<\/h2>\n\n\t\t\t\t<div class=\"wcorg-speaker-description\">\n\t\t\t\t\t<img alt='' src='https:\/\/secure.gravatar.com\/avatar\/caef45af49d468d38d74f35002e7704c4689979259997920679493c8c8adcdad?s=100&#038;d=mm&#038;r=g' srcset='https:\/\/secure.gravatar.com\/avatar\/caef45af49d468d38d74f35002e7704c4689979259997920679493c8c8adcdad?s=200&#038;d=mm&#038;r=g 2x' class='avatar avatar-100 photo' height='100' width='100' \/>\t\t\t\t\t<p>Zakladate\u013e najpopul\u00e1rnej\u0161ieho slovensk\u00e9ho blogu o mu\u017eoch, \u017een\u00e1ch a vz\u0165ahoch <a href=\"http:\/\/akozbalit.sk\/\">akozbalit.sk<\/a>, ktor\u00fd nav\u0161t\u00edvilo viac ako 1,8mil. \u013eud\u00ed<\/p>\n\t\t\t\t<\/div>\n\t\t\t<\/div>\n\n\t\t\n\t\t\t<!-- Organizers note: The id attribute is deprecated and only remains for backwards compatibility, please use the corresponding class to target individual speakers -->\n\t\t\t<div id=\"wcorg-speaker-jozef-sudolsky\" class=\"wcorg-speaker wcorg-speaker-jozef-sudolsky wcorg-track-pokrocili\">\n\t\t\t\t<h2>\n\t\t\t\t\t\n\t\t\t\t\t\tJozef Sudolsk\u00fd\n\t\t\t\t\t\t\t\t\t<\/h2>\n\n\t\t\t\t<div class=\"wcorg-speaker-description\">\n\t\t\t\t\t<img alt='' src='https:\/\/secure.gravatar.com\/avatar\/?s=100&#038;d=mm&#038;r=g' srcset='https:\/\/secure.gravatar.com\/avatar\/?s=200&#038;d=mm&#038;r=g 2x' class='avatar avatar-100 photo avatar-default' height='100' width='100' \/>\t\t\t\t\t<p>Jeden zo zakladate\u013eov popredn\u00e9ho slovensk\u00e9ho webhostingov\u00e9ho poskytovate\u013ea, <a href=\"http:\/\/www.elbiahosting.sk\" rel=\"nofollow\">ELBIA, s. r. o. <\/a>Svojim z\u00e1ujmom, medzi ktor\u00e9 patr\u00ed aj programovanie, linux, open source a informa\u010dn\u00e1 bezpe\u010dnos\u0165, sa venuje od strednej \u0161koly. Po ukon\u010den\u00ed matematick\u00e9ho gymn\u00e1zia v \u0161t\u00fadiu pokra\u010doval na Fakulte matematiky, fyziky a informatiky Univerzity Komensk\u00e9ho v Bratislave a posledn\u00fdch 10 rokov p\u00f4sob\u00ed ako hlavn\u00fd program\u00e1tor a administr\u00e1tor v ELBIA, s. r. o. Od roku 2011 je \u010dlenom organiz\u00e1ci\u00ed Mensa Slovensko a Mensa International.<\/p>\n\t\t\t\t<\/div>\n\t\t\t<\/div>\n\n\t\t\n\t<\/div>\n\n\t\n<p>&nbsp;<\/p>\n","protected":false},"excerpt":{"rendered":"<p>&nbsp;<\/p>\n","protected":false},"author":13802142,"featured_media":0,"parent":0,"menu_order":0,"comment_status":"closed","ping_status":"closed","template":"","meta":{"jetpack_post_was_ever_published":false,"footnotes":""},"class_list":["post-8","page","type-page","status-publish","hentry"],"jetpack_sharing_enabled":true,"jetpack_shortlink":"https:\/\/wp.me\/P77Ksd-8","_links":{"self":[{"href":"https:\/\/bratislava.wordcamp.org\/2016\/wp-json\/wp\/v2\/pages\/8","targetHints":{"allow":["GET"]}}],"collection":[{"href":"https:\/\/bratislava.wordcamp.org\/2016\/wp-json\/wp\/v2\/pages"}],"about":[{"href":"https:\/\/bratislava.wordcamp.org\/2016\/wp-json\/wp\/v2\/types\/page"}],"author":[{"embeddable":true,"href":"https:\/\/bratislava.wordcamp.org\/2016\/wp-json\/wp\/v2\/users\/13802142"}],"replies":[{"embeddable":true,"href":"https:\/\/bratislava.wordcamp.org\/2016\/wp-json\/wp\/v2\/comments?post=8"}],"version-history":[{"count":5,"href":"https:\/\/bratislava.wordcamp.org\/2016\/wp-json\/wp\/v2\/pages\/8\/revisions"}],"predecessor-version":[{"id":620,"href":"https:\/\/bratislava.wordcamp.org\/2016\/wp-json\/wp\/v2\/pages\/8\/revisions\/620"}],"wp:attachment":[{"href":"https:\/\/bratislava.wordcamp.org\/2016\/wp-json\/wp\/v2\/media?parent=8"}],"curies":[{"name":"wp","href":"https:\/\/api.w.org\/{rel}","templated":true}]}}