{"id":7,"date":"2016-01-13T19:33:53","date_gmt":"2016-01-13T19:33:53","guid":{"rendered":"https:\/\/2016.bratislava.wordcamp.org\/schedule\/"},"modified":"2016-04-22T08:46:54","modified_gmt":"2016-04-22T07:46:54","slug":"program","status":"publish","type":"page","link":"https:\/\/bratislava.wordcamp.org\/2016\/program\/","title":{"rendered":"Program"},"content":{"rendered":"<p>&nbsp;<\/p>\n<h1>Program WordCamp Bratislava 2016<\/h1>\n<h2>Sobota, 23.4.2016<\/h2>\n<p>Program bude rozdelen\u00fd do dvoch miestnost\u00ed.<\/p>\n<table class=\"wcpt-schedule\" border=\"0\"><thead><tr><th class=\"wcpt-col-time\">\u010cas<\/th><th class=\"wcpt-col-track\"> <span class=\"wcpt-track-name\">Za\u010diato\u010dn\u00edci | Webglobe - Yegon room<\/span> <span class=\"wcpt-track-description\"><\/span> <\/th><\/tr><\/thead><tbody><tr class=\"wcpt-time-830 global-session registrcia-astnkov\"><td class=\"wcpt-time\">8:30<\/td><td colspan=\"1\" class=\"wcb-track-pokrocili wcb-track-zaciatocnici wcpt-session-type-custom wcb-session-registracia-ucastnikov\" data-track-title=\"Pokro\u010dil\u00ed, Za\u010diato\u010dn\u00edci | Webglobe - Yegon room\" data-session-id=\"124\"><div class=\"wcb-session-cell-content\"><span class=\"wcpt-session-title\">Registr\u00e1cia \u00fa\u010dastn\u00edkov<\/span><\/div><\/td><\/tr><tr class=\"wcpt-time-900 global-session spolon-vod\"><td class=\"wcpt-time\">9:00<\/td><td colspan=\"1\" class=\"wcb-track-zaciatocnici wcpt-session-type-custom wcb-session-spolocny-uvod\" data-track-title=\"Za\u010diato\u010dn\u00edci | Webglobe - Yegon room\" data-session-id=\"122\"><div class=\"wcb-session-cell-content\"><span class=\"wcpt-session-title\">Spolo\u010dn\u00fd \u00favod<\/span><\/div><\/td><\/tr><tr class=\"wcpt-time-930 global-session 7-krokov-ako-vytvori-populrny-blog-na-wordpresse\"><td class=\"wcpt-time\">9:30<\/td><td colspan=\"1\" class=\"wcb-speaker-michal-kopecky wcb-track-zaciatocnici wcpt-session-type-session wcb-session-7-krokov-ako-vytvorit-popularny-blog-na-wordpresse\" data-track-title=\"Za\u010diato\u010dn\u00edci | Webglobe - Yegon room\" data-session-id=\"388\"><div class=\"wcb-session-cell-content\"><a class=\"wcpt-session-title\" href=\"https:\/\/bratislava.wordcamp.org\/2016\/session\/7-krokov-ako-vytvorit-popularny-blog-na-wordpresse\/\">7 krokov, ako vytvori\u0165 popul\u00e1rny blog na WordPresse<\/a> <span class=\"wcpt-session-speakers\"><a href=\"https:\/\/bratislava.wordcamp.org\/2016\/speakers\/#wcorg-speaker-michal-kopecky\">Michal Kopeck\u00fd<\/a><\/span><\/div><div class=\"wcb-session-favourite-icon\"><a href=\"#\" role=\"button\" class=\"fav-session-button\" aria-pressed=\"false\"><span class=\"screen-reader-text\">Favorite session: 7 krokov, ako vytvori\u0165 popul\u00e1rny blog na WordPresse<\/span><span class=\"dashicons dashicons-star-filled\"><\/span><\/a><\/div><\/td><\/tr><tr class=\"wcpt-time-1015 global-session ako-postupova-pri-hacknutom-blogu\"><td class=\"wcpt-time\">10:15<\/td><td colspan=\"1\" class=\"wcb-speaker-alexandra-kovacova wcb-track-zaciatocnici wcpt-session-type-session wcb-session-ako-postupovat-pri-hacknutom-blogu\" data-track-title=\"Za\u010diato\u010dn\u00edci | Webglobe - Yegon room\" data-session-id=\"465\"><div class=\"wcb-session-cell-content\"><a class=\"wcpt-session-title\" href=\"https:\/\/bratislava.wordcamp.org\/2016\/session\/ako-postupovat-pri-hacknutom-blogu\/\">Ako postupova\u0165 pri hacknutom blogu?<\/a> <span class=\"wcpt-session-speakers\"><a href=\"https:\/\/bratislava.wordcamp.org\/2016\/speakers\/#wcorg-speaker-alexandra-kovacova\">Alexandra Kova\u010dov\u00e1<\/a><\/span><\/div><div class=\"wcb-session-favourite-icon\"><a href=\"#\" role=\"button\" class=\"fav-session-button\" aria-pressed=\"false\"><span class=\"screen-reader-text\">Favorite session: Ako postupova\u0165 pri hacknutom blogu?<\/span><span class=\"dashicons dashicons-star-filled\"><\/span><\/a><\/div><\/td><\/tr><tr class=\"wcpt-time-1115 global-session budcnos-wordpress-na-slovensku\"><td class=\"wcpt-time\">11:15<\/td><td colspan=\"1\" class=\"wcb-speaker-peter-nemcok wcb-track-zaciatocnici wcpt-session-type-session wcb-session-buducnost-wordpress-na-slovensku\" data-track-title=\"Za\u010diato\u010dn\u00edci | Webglobe - Yegon room\" data-session-id=\"468\"><div class=\"wcb-session-cell-content\"><a class=\"wcpt-session-title\" href=\"https:\/\/bratislava.wordcamp.org\/2016\/session\/buducnost-wordpress-na-slovensku\/\">Bud\u00facnos\u0165 WordPress na Slovensku<\/a> <span class=\"wcpt-session-speakers\"><a href=\"https:\/\/bratislava.wordcamp.org\/2016\/speakers\/#wcorg-speaker-peter-nemcok\">Peter Nem\u010dok<\/a><\/span><\/div><div class=\"wcb-session-favourite-icon\"><a href=\"#\" role=\"button\" class=\"fav-session-button\" aria-pressed=\"false\"><span class=\"screen-reader-text\">Favorite session: Bud\u00facnos\u0165 WordPress na Slovensku<\/span><span class=\"dashicons dashicons-star-filled\"><\/span><\/a><\/div><\/td><\/tr><tr class=\"wcpt-time-1200 global-session sprav-si-wordpress-tmu-aj-ke-nevie-php\"><td class=\"wcpt-time\">12:00<\/td><td colspan=\"1\" class=\"wcb-speaker-roman-hraska wcb-track-zaciatocnici wcpt-session-type-session wcb-session-sprav-si-wordpress-temu-aj-ked-nevies-php\" data-track-title=\"Za\u010diato\u010dn\u00edci | Webglobe - Yegon room\" data-session-id=\"588\"><div class=\"wcb-session-cell-content\"><a class=\"wcpt-session-title\" href=\"https:\/\/bratislava.wordcamp.org\/2016\/session\/sprav-si-wordpress-temu-aj-ked-nevies-php\/\">Sprav si WordPress t\u00e9mu, aj ke\u010f nevie\u0161 PHP<\/a> <span class=\"wcpt-session-speakers\"><a href=\"https:\/\/bratislava.wordcamp.org\/2016\/speakers\/#wcorg-speaker-roman-hraska\">Roman Hra\u0161ka<\/a><\/span><\/div><div class=\"wcb-session-favourite-icon\"><a href=\"#\" role=\"button\" class=\"fav-session-button\" aria-pressed=\"false\"><span class=\"screen-reader-text\">Favorite session: Sprav si WordPress t\u00e9mu, aj ke\u010f nevie\u0161 PHP<\/span><span class=\"dashicons dashicons-star-filled\"><\/span><\/a><\/div><\/td><\/tr><tr class=\"wcpt-time-1245 global-session obed\"><td class=\"wcpt-time\">12:45<\/td><td colspan=\"1\" class=\"wcb-track-pokrocili wcb-track-zaciatocnici wcpt-session-type-custom wcb-session-odhalime-coskoro\" data-track-title=\"Pokro\u010dil\u00ed, Za\u010diato\u010dn\u00edci | Webglobe - Yegon room\" data-session-id=\"493\"><div class=\"wcb-session-cell-content\"><span class=\"wcpt-session-title\">Obed<\/span><\/div><\/td><\/tr><tr class=\"wcpt-time-1400 global-session rchly-wordpress-pre-nvtevnka-aj-sprvcu\"><td class=\"wcpt-time\">14:00<\/td><td colspan=\"1\" class=\"wcb-speaker-karol-voros wcb-track-zaciatocnici wcpt-session-type-session wcb-session-rychly-wordpress-pre-navstevnika-aj-spravcu\" data-track-title=\"Za\u010diato\u010dn\u00edci | Webglobe - Yegon room\" data-session-id=\"431\"><div class=\"wcb-session-cell-content\"><a class=\"wcpt-session-title\" href=\"https:\/\/bratislava.wordcamp.org\/2016\/session\/rychly-wordpress-pre-navstevnika-aj-spravcu\/\">R\u00fdchly WordPress pre n\u00e1v\u0161tevn\u00edka aj spr\u00e1vcu<\/a> <span class=\"wcpt-session-speakers\"><a href=\"https:\/\/bratislava.wordcamp.org\/2016\/speakers\/#wcorg-speaker-karol-voros\">Karol V\u00f6r\u00f6s<\/a><\/span><\/div><div class=\"wcb-session-favourite-icon\"><a href=\"#\" role=\"button\" class=\"fav-session-button\" aria-pressed=\"false\"><span class=\"screen-reader-text\">Favorite session: R\u00fdchly WordPress pre n\u00e1v\u0161tevn\u00edka aj spr\u00e1vcu<\/span><span class=\"dashicons dashicons-star-filled\"><\/span><\/a><\/div><\/td><\/tr><tr class=\"wcpt-time-1500 global-session ako-tvori-internetov-obsah\"><td class=\"wcpt-time\">15:00<\/td><td colspan=\"1\" class=\"wcb-speaker-vladimir-rejholec wcb-track-zaciatocnici wcpt-session-type-session wcb-session-ako-tvorit-internetovy-obsah\" data-track-title=\"Za\u010diato\u010dn\u00edci | Webglobe - Yegon room\" data-session-id=\"429\"><div class=\"wcb-session-cell-content\"><a class=\"wcpt-session-title\" href=\"https:\/\/bratislava.wordcamp.org\/2016\/session\/ako-tvorit-internetovy-obsah\/\">Ako tvori\u0165 internetov\u00fd obsah<\/a> <span class=\"wcpt-session-speakers\"><a href=\"https:\/\/bratislava.wordcamp.org\/2016\/speakers\/#wcorg-speaker-vladimir-rejholec\">Vladim\u00edr Rejholec<\/a><\/span><\/div><div class=\"wcb-session-favourite-icon\"><a href=\"#\" role=\"button\" class=\"fav-session-button\" aria-pressed=\"false\"><span class=\"screen-reader-text\">Favorite session: Ako tvori\u0165 internetov\u00fd obsah<\/span><span class=\"dashicons dashicons-star-filled\"><\/span><\/a><\/div><\/td><\/tr><tr class=\"wcpt-time-1600 global-session breaking-into-a-crowded-market-niche-case-study-on-wordpress-plugin-captainform\"><td class=\"wcpt-time\">16:00<\/td><td colspan=\"1\" class=\"wcb-speaker-alexandra-draghici wcb-track-zaciatocnici wcpt-session-type-session wcb-session-breaking-into-a-crowded-market-niche-case-study-on-wordpress-plugin-captainform\" data-track-title=\"Za\u010diato\u010dn\u00edci | Webglobe - Yegon room\" data-session-id=\"578\"><div class=\"wcb-session-cell-content\"><a class=\"wcpt-session-title\" href=\"https:\/\/bratislava.wordcamp.org\/2016\/session\/breaking-into-a-crowded-market-niche-case-study-on-wordpress-plugin-captainform\/\">Breaking into a crowded market niche. Case study on WordPress plugin CaptainForm<\/a> <span class=\"wcpt-session-speakers\"><a href=\"https:\/\/bratislava.wordcamp.org\/2016\/speakers\/#wcorg-speaker-alexandra-draghici\">Alexandra Draghici<\/a><\/span><\/div><div class=\"wcb-session-favourite-icon\"><a href=\"#\" role=\"button\" class=\"fav-session-button\" aria-pressed=\"false\"><span class=\"screen-reader-text\">Favorite session: Breaking into a crowded market niche. Case study on WordPress plugin CaptainForm<\/span><span class=\"dashicons dashicons-star-filled\"><\/span><\/a><\/div><\/td><\/tr><\/tbody><\/table>\n\t<div class=\"email-form fav-session-email-form-hide\">\n\t\t<!-- Tab links -->\n\t\t<div class=\"fav-session-share-tab\">\n\t\t\t\t\t\t\t<div class=\"fav-session-tablinks\" id=\"fav-session-btn-email\">\n\t\t\t\t\tEmail\t\t\t\t<\/div>\n\t\t\t\n\t\t\t<div class=\"fav-session-tablinks\" id=\"fav-session-btn-link\">\n\t\t\t\tOdkaz\t\t\t<\/div>\n\n\t\t\t<div class=\"fav-session-tablinks\" id=\"fav-session-btn-print\">\n\t\t\t\tTla\u010di\u0165\t\t\t<\/div>\n\t\t<\/div>\n\n\t\t<!-- Tab content -->\n\t\t\t\t\t<div id=\"fav-session-tab-email\" class=\"fav-session-share-tabcontent\">\n\t\t\t\t<div id=\"fav-session-email-form\">\n\t\t\t\t\tSend me my favorite sessions:\n\t\t\t\t\t<form id=\"fav-sessions-form\">\n\t\t\t\t\t\t<input\n\t\t\t\t\t\t\ttype=\"text\"\n\t\t\t\t\t\t\tname=\"email_address\"\n\t\t\t\t\t\t\tid=\"fav-sessions-email-address\"\n\t\t\t\t\t\t\tplaceholder=\"me@protonmail.com\"\n\t\t\t\t\t\t\/>\n\t\t\t\t\t\t<input type=\"submit\" value=\"Odosla\u0165\" \/>\n\t\t\t\t\t<\/form>\n\t\t\t\t<\/div>\n\n\t\t\t\t<div class=\"fav-session-email-wait-spinner\"><\/div>\n\t\t\t\t<div class=\"fav-session-email-result\"><\/div>\n\t\t\t<\/div>\n\t\t\n\t\t<div id=\"fav-session-tab-link\" class=\"fav-session-share-tabcontent\">\n\t\t\tShareable link:\t\t\t<br \/>\n\t\t\t<a id=\"fav-sessions-link\" href=\"\"><\/a>\n\t\t<\/div>\n\n\t\t<div id=\"fav-session-tab-print\" class=\"fav-session-share-tabcontent\">\n\t\t\t<button id=\"fav-session-print\">\n\t\t\t\tPrint favorite sessions\t\t\t<\/button>\n\t\t<\/div>\n\t<\/div>\n\n\t<a class=\"show-email-form\" href=\"javascript:\">\n\t\t<span class=\"dashicons dashicons-star-filled\"><\/span>\n\t\t<span class=\"dashicons dashicons-email-alt\"><\/span>\n\t<\/a>\n\n\t\n<p>&nbsp;<\/p>\n<table class=\"wcpt-schedule\" border=\"0\"><thead><tr><th class=\"wcpt-col-time\">\u010cas<\/th><th class=\"wcpt-col-track\"> <span class=\"wcpt-track-name\">Pokro\u010dil\u00ed<\/span> <span class=\"wcpt-track-description\"><\/span> <\/th><\/tr><\/thead><tbody><tr class=\"wcpt-time-830 global-session registrcia-astnkov\"><td class=\"wcpt-time\">8:30<\/td><td colspan=\"1\" class=\"wcb-track-pokrocili wcb-track-zaciatocnici wcpt-session-type-custom wcb-session-registracia-ucastnikov\" data-track-title=\"Pokro\u010dil\u00ed, Za\u010diato\u010dn\u00edci | Webglobe - Yegon room\" data-session-id=\"124\"><div class=\"wcb-session-cell-content\"><span class=\"wcpt-session-title\">Registr\u00e1cia \u00fa\u010dastn\u00edkov<\/span><\/div><\/td><\/tr><tr class=\"wcpt-time-930 global-session zklady-komunikace-s-klientem-aneb-smolek-a-jeskyky\"><td class=\"wcpt-time\">9:30<\/td><td colspan=\"1\" class=\"wcb-speaker-tomas-kocifaj wcb-track-pokrocili wcpt-session-type-session wcb-session-zaklady-komunikace-s-klientem-aneb-smolicek-a-jeskynky\" data-track-title=\"Pokro\u010dil\u00ed\" data-session-id=\"556\"><div class=\"wcb-session-cell-content\"><a class=\"wcpt-session-title\" href=\"https:\/\/bratislava.wordcamp.org\/2016\/session\/zaklady-komunikace-s-klientem-aneb-smolicek-a-jeskynky\/\">Z\u00e1klady komunikace s klientem aneb Smol\u00ed\u010dek a jesky\u0148ky<\/a> <span class=\"wcpt-session-speakers\"><a href=\"https:\/\/bratislava.wordcamp.org\/2016\/speakers\/#wcorg-speaker-tomas-kocifaj\">Tom\u00e1\u0161 Kocifaj<\/a><\/span><\/div><div class=\"wcb-session-favourite-icon\"><a href=\"#\" role=\"button\" class=\"fav-session-button\" aria-pressed=\"false\"><span class=\"screen-reader-text\">Favorite session: Z\u00e1klady komunikace s klientem aneb Smol\u00ed\u010dek a jesky\u0148ky<\/span><span class=\"dashicons dashicons-star-filled\"><\/span><\/a><\/div><\/td><\/tr><tr class=\"wcpt-time-1015 global-session tipy-a-triky-pri-tvorbe-vlastnej-wordpress-ablny\"><td class=\"wcpt-time\">10:15<\/td><td colspan=\"1\" class=\"wcb-speaker-juraj-kiss wcb-track-pokrocili wcpt-session-type-session wcb-session-tipy-a-triky-pri-tvorbe-vlastnej-wordpress-sablony\" data-track-title=\"Pokro\u010dil\u00ed\" data-session-id=\"533\"><div class=\"wcb-session-cell-content\"><a class=\"wcpt-session-title\" href=\"https:\/\/bratislava.wordcamp.org\/2016\/session\/tipy-a-triky-pri-tvorbe-vlastnej-wordpress-sablony\/\">Tipy a triky pri tvorbe vlastnej WordPress \u0161abl\u00f3ny<\/a> <span class=\"wcpt-session-speakers\"><a href=\"https:\/\/bratislava.wordcamp.org\/2016\/speakers\/#wcorg-speaker-juraj-kiss\">Juraj Kiss<\/a><\/span><\/div><div class=\"wcb-session-favourite-icon\"><a href=\"#\" role=\"button\" class=\"fav-session-button\" aria-pressed=\"false\"><span class=\"screen-reader-text\">Favorite session: Tipy a triky pri tvorbe vlastnej WordPress \u0161abl\u00f3ny<\/span><span class=\"dashicons dashicons-star-filled\"><\/span><\/a><\/div><\/td><\/tr><tr class=\"wcpt-time-1115 global-session kdime-wordpress-plugin\"><td class=\"wcpt-time\">11:15<\/td><td colspan=\"1\" class=\"wcb-speaker-martin-krcho wcb-track-pokrocili wcpt-session-type-session wcb-session-ako-vytvorit-basic-plugin\" data-track-title=\"Pokro\u010dil\u00ed\" data-session-id=\"604\"><div class=\"wcb-session-cell-content\"><a class=\"wcpt-session-title\" href=\"https:\/\/bratislava.wordcamp.org\/2016\/session\/ako-vytvorit-basic-plugin\/\">K\u00f3dime WordPress plugin<\/a> <span class=\"wcpt-session-speakers\"><a href=\"https:\/\/bratislava.wordcamp.org\/2016\/speakers\/#wcorg-speaker-martin-krcho\">Martin Krcho<\/a><\/span><\/div><div class=\"wcb-session-favourite-icon\"><a href=\"#\" role=\"button\" class=\"fav-session-button\" aria-pressed=\"false\"><span class=\"screen-reader-text\">Favorite session: K\u00f3dime WordPress plugin<\/span><span class=\"dashicons dashicons-star-filled\"><\/span><\/a><\/div><\/td><\/tr><tr class=\"wcpt-time-1200 global-session woocommerce-pre-developerov\"><td class=\"wcpt-time\">12:00<\/td><td colspan=\"1\" class=\"wcb-speaker-jan-bocinec wcb-track-pokrocili wcpt-session-type-session wcb-session-woocommerce-pre-developerov\" data-track-title=\"Pokro\u010dil\u00ed\" data-session-id=\"535\"><div class=\"wcb-session-cell-content\"><a class=\"wcpt-session-title\" href=\"https:\/\/bratislava.wordcamp.org\/2016\/session\/woocommerce-pre-developerov\/\">Woocommerce pre developerov<\/a> <span class=\"wcpt-session-speakers\"><a href=\"https:\/\/bratislava.wordcamp.org\/2016\/speakers\/#wcorg-speaker-jan-bocinec\">J\u00e1n Bo\u010d\u00ednec<\/a><\/span><\/div><div class=\"wcb-session-favourite-icon\"><a href=\"#\" role=\"button\" class=\"fav-session-button\" aria-pressed=\"false\"><span class=\"screen-reader-text\">Favorite session: Woocommerce pre developerov<\/span><span class=\"dashicons dashicons-star-filled\"><\/span><\/a><\/div><\/td><\/tr><tr class=\"wcpt-time-1245 global-session obed\"><td class=\"wcpt-time\">12:45<\/td><td colspan=\"1\" class=\"wcb-track-pokrocili wcb-track-zaciatocnici wcpt-session-type-custom wcb-session-odhalime-coskoro\" data-track-title=\"Pokro\u010dil\u00ed, Za\u010diato\u010dn\u00edci | Webglobe - Yegon room\" data-session-id=\"493\"><div class=\"wcb-session-cell-content\"><span class=\"wcpt-session-title\">Obed<\/span><\/div><\/td><\/tr><tr class=\"wcpt-time-1400 global-session versionpress-pro-jak-a-za-kolik\"><td class=\"wcpt-time\">14:00<\/td><td colspan=\"1\" class=\"wcb-speaker-borek-bernard wcb-track-pokrocili wcpt-session-type-session wcb-session-version-press\" data-track-title=\"Pokro\u010dil\u00ed\" data-session-id=\"369\"><div class=\"wcb-session-cell-content\"><a class=\"wcpt-session-title\" href=\"https:\/\/bratislava.wordcamp.org\/2016\/session\/version-press\/\">VersionPress: pro\u010d, jak a za kolik<\/a> <span class=\"wcpt-session-speakers\"><a href=\"https:\/\/bratislava.wordcamp.org\/2016\/speakers\/#wcorg-speaker-borek-bernard\">Borek Bernard<\/a><\/span><\/div><div class=\"wcb-session-favourite-icon\"><a href=\"#\" role=\"button\" class=\"fav-session-button\" aria-pressed=\"false\"><span class=\"screen-reader-text\">Favorite session: VersionPress: pro\u010d, jak a za kolik<\/span><span class=\"dashicons dashicons-star-filled\"><\/span><\/a><\/div><\/td><\/tr><tr class=\"wcpt-time-1500 global-session growth-methodologies-in-a-distributed-environment\"><td class=\"wcpt-time\">15:00<\/td><td colspan=\"1\" class=\"wcb-speaker-luca-sartoni wcb-track-pokrocili wcpt-session-type-session wcb-session-growth-methodologies-in-a-distributed-environment\" data-track-title=\"Pokro\u010dil\u00ed\" data-session-id=\"584\"><div class=\"wcb-session-cell-content\"><a class=\"wcpt-session-title\" href=\"https:\/\/bratislava.wordcamp.org\/2016\/session\/growth-methodologies-in-a-distributed-environment\/\">Growth methodologies in a distributed environment<\/a> <span class=\"wcpt-session-speakers\"><a href=\"https:\/\/bratislava.wordcamp.org\/2016\/speakers\/#wcorg-speaker-luca-sartoni\">Luca Sartoni<\/a><\/span><\/div><div class=\"wcb-session-favourite-icon\"><a href=\"#\" role=\"button\" class=\"fav-session-button\" aria-pressed=\"false\"><span class=\"screen-reader-text\">Favorite session: Growth methodologies in a distributed environment<\/span><span class=\"dashicons dashicons-star-filled\"><\/span><\/a><\/div><\/td><\/tr><tr class=\"wcpt-time-1600 global-session praktick-sksenosti-s-hostovanm-wp\"><td class=\"wcpt-time\">16:00<\/td><td colspan=\"1\" class=\"wcb-speaker-jozef-sudolsky wcb-track-pokrocili wcpt-session-type-session wcb-session-hostujeme-wp\" data-track-title=\"Pokro\u010dil\u00ed\" data-session-id=\"308\"><div class=\"wcb-session-cell-content\"><a class=\"wcpt-session-title\" href=\"https:\/\/bratislava.wordcamp.org\/2016\/session\/hostujeme-wp\/\">Praktick\u00e9 sk\u00fasenosti s hostovan\u00edm WP<\/a> <span class=\"wcpt-session-speakers\"><a href=\"https:\/\/bratislava.wordcamp.org\/2016\/speakers\/#wcorg-speaker-jozef-sudolsky\">Jozef Sudolsk\u00fd<\/a><\/span><\/div><div class=\"wcb-session-favourite-icon\"><a href=\"#\" role=\"button\" class=\"fav-session-button\" aria-pressed=\"false\"><span class=\"screen-reader-text\">Favorite session: Praktick\u00e9 sk\u00fasenosti s hostovan\u00edm WP<\/span><span class=\"dashicons dashicons-star-filled\"><\/span><\/a><\/div><\/td><\/tr><\/tbody><\/table>\n<p>&nbsp;<\/p>\n<h2>After party<\/h2>\n<p>Hne\u010f po WordCamp Bratislava 2016 v Patr\u00f3nskom pivovare. <a href=\"https:\/\/2016.bratislava.wordcamp.org\/afterparty\/\">Viac info.<\/a><\/p>\n<p>&nbsp;<\/p>\n<h1>Program Contributors day<\/h1>\n<h2>Nede\u013ea, 24.4.2016<\/h2>\n<p>Pros\u00edm, prineste si notebooky!<\/p>\n<table class=\"wcpt-schedule\" border=\"0\"><thead><tr><th class=\"wcpt-col-time\">\u010cas<\/th><th class=\"wcpt-col-track\"> <span class=\"wcpt-track-name\">Contribution day<\/span> <span class=\"wcpt-track-description\"><\/span> <\/th><\/tr><\/thead><tbody><tr class=\"wcpt-time-900 global-session registrcia-astnkov\"><td class=\"wcpt-time\">9:00<\/td><td colspan=\"1\" class=\"wcb-track-contribution-day wcpt-session-type-custom wcb-session-registracia-ucastnikov-2\" data-track-title=\"Contribution day\" data-session-id=\"129\"><div class=\"wcb-session-cell-content\"><span class=\"wcpt-session-title\">Registr\u00e1cia \u00fa\u010dastn\u00edkov<\/span><\/div><\/td><\/tr><tr class=\"wcpt-time-930 global-session spolon-vod\"><td class=\"wcpt-time\">9:30<\/td><td colspan=\"1\" class=\"wcb-track-contribution-day wcpt-session-type-custom wcb-session-slovo-na-uvod\" data-track-title=\"Contribution day\" data-session-id=\"959\"><div class=\"wcb-session-cell-content\"><span class=\"wcpt-session-title\">Spolo\u010dn\u00fd \u00favod<\/span><\/div><\/td><\/tr><tr class=\"wcpt-time-1000 global-session prekladanie-wordpress-do-sloveniny\"><td class=\"wcpt-time\">10:00<\/td><td colspan=\"1\" class=\"wcb-speaker-peter-nemcok wcb-track-contribution-day wcpt-session-type-session wcb-session-uvod\" data-track-title=\"Contribution day\" data-session-id=\"131\"><div class=\"wcb-session-cell-content\"><a class=\"wcpt-session-title\" href=\"https:\/\/bratislava.wordcamp.org\/2016\/session\/uvod\/\">Prekladanie WordPress do sloven\u010diny<\/a> <span class=\"wcpt-session-speakers\"><a href=\"https:\/\/bratislava.wordcamp.org\/2016\/speakers\/#wcorg-speaker-peter-nemcok\">Peter Nem\u010dok<\/a><\/span><\/div><div class=\"wcb-session-favourite-icon\"><a href=\"#\" role=\"button\" class=\"fav-session-button\" aria-pressed=\"false\"><span class=\"screen-reader-text\">Favorite session: Prekladanie WordPress do sloven\u010diny<\/span><span class=\"dashicons dashicons-star-filled\"><\/span><\/a><\/div><\/td><\/tr><tr class=\"wcpt-time-1100 global-session pracovn-blok--1\"><td class=\"wcpt-time\">11:00<\/td><td colspan=\"1\" class=\"wcb-track-contribution-day wcpt-session-type-custom wcb-session-pracujeme\" data-track-title=\"Contribution day\" data-session-id=\"133\"><div class=\"wcb-session-cell-content\"><span class=\"wcpt-session-title\">Pracovn\u00fd blok \u010d. 1<\/span><\/div><\/td><\/tr><tr class=\"wcpt-time-1300 global-session obed\"><td class=\"wcpt-time\">13:00<\/td><td colspan=\"1\" class=\"wcb-track-contribution-day wcpt-session-type-custom wcb-session-obed\" data-track-title=\"Contribution day\" data-session-id=\"135\"><div class=\"wcb-session-cell-content\"><span class=\"wcpt-session-title\">Obed ;)<\/span><\/div><\/td><\/tr><tr class=\"wcpt-time-1400 global-session pracovn-blok--2\"><td class=\"wcpt-time\">14:00<\/td><td colspan=\"1\" class=\"wcb-track-contribution-day wcpt-session-type-custom wcb-session-zase-pracujeme\" data-track-title=\"Contribution day\" data-session-id=\"137\"><div class=\"wcb-session-cell-content\"><span class=\"wcpt-session-title\">Pracovn\u00fd blok \u010d. 2<\/span><\/div><\/td><\/tr><tr class=\"wcpt-time-1630 global-session ukonenie\"><td class=\"wcpt-time\">16:30<\/td><td colspan=\"1\" class=\"wcb-track-contribution-day wcpt-session-type-custom wcb-session-ukoncenie\" data-track-title=\"Contribution day\" data-session-id=\"967\"><div class=\"wcb-session-cell-content\"><span class=\"wcpt-session-title\">Ukon\u010denie<\/span><\/div><\/td><\/tr><\/tbody><\/table>\n<p>&nbsp;<\/p>\n<p>&nbsp;<\/p>\n","protected":false},"excerpt":{"rendered":"<p>&nbsp; Program WordCamp Bratislava 2016 Sobota, 23.4.2016 Program bude rozdelen\u00fd do dvoch miestnost\u00ed. &nbsp; &nbsp; After party Hne\u010f po WordCamp Bratislava 2016 v Patr\u00f3nskom pivovare. Viac info. &nbsp; Program Contributors day Nede\u013ea, 24.4.2016 Pros\u00edm, prineste si notebooky! &nbsp; &nbsp;<\/p>\n","protected":false},"author":13802142,"featured_media":0,"parent":0,"menu_order":0,"comment_status":"closed","ping_status":"closed","template":"","meta":{"jetpack_post_was_ever_published":false,"footnotes":""},"class_list":["post-7","page","type-page","status-publish","hentry"],"jetpack_sharing_enabled":true,"jetpack_shortlink":"https:\/\/wp.me\/P77Ksd-7","_links":{"self":[{"href":"https:\/\/bratislava.wordcamp.org\/2016\/wp-json\/wp\/v2\/pages\/7","targetHints":{"allow":["GET"]}}],"collection":[{"href":"https:\/\/bratislava.wordcamp.org\/2016\/wp-json\/wp\/v2\/pages"}],"about":[{"href":"https:\/\/bratislava.wordcamp.org\/2016\/wp-json\/wp\/v2\/types\/page"}],"author":[{"embeddable":true,"href":"https:\/\/bratislava.wordcamp.org\/2016\/wp-json\/wp\/v2\/users\/13802142"}],"replies":[{"embeddable":true,"href":"https:\/\/bratislava.wordcamp.org\/2016\/wp-json\/wp\/v2\/comments?post=7"}],"version-history":[{"count":15,"href":"https:\/\/bratislava.wordcamp.org\/2016\/wp-json\/wp\/v2\/pages\/7\/revisions"}],"predecessor-version":[{"id":1000,"href":"https:\/\/bratislava.wordcamp.org\/2016\/wp-json\/wp\/v2\/pages\/7\/revisions\/1000"}],"wp:attachment":[{"href":"https:\/\/bratislava.wordcamp.org\/2016\/wp-json\/wp\/v2\/media?parent=7"}],"curies":[{"name":"wp","href":"https:\/\/api.w.org\/{rel}","templated":true}]}}