{"id":624,"date":"2016-04-11T10:43:03","date_gmt":"2016-04-11T09:43:03","guid":{"rendered":"https:\/\/2016.bratislava.wordcamp.org\/?page_id=624"},"modified":"2016-04-12T16:36:43","modified_gmt":"2016-04-12T15:36:43","slug":"tlacova-sprava-11-04-2016","status":"publish","type":"page","link":"https:\/\/bratislava.wordcamp.org\/2016\/tlacova-sprava-11-04-2016\/","title":{"rendered":"Tla\u010dov\u00e1 spr\u00e1va II."},"content":{"rendered":"<p><b>WordCamp Bratislava 2016 <\/b><br \/>\n<i><span style=\"font-weight: 400\">Pr\u00edpravy konferencie WordCamp Bratislava vrcholia a my m\u00e1me pre v\u00e1s aktu\u00e1lne novinky.<\/span><\/i><\/p>\n<p><img loading=\"lazy\" decoding=\"async\" data-attachment-id=\"644\" data-permalink=\"https:\/\/bratislava.wordcamp.org\/2016\/tlacova-sprava-11-04-2016\/ba_wordcamp_2\/\" data-orig-file=\"https:\/\/bratislava.wordcamp.org\/2016\/files\/2016\/04\/ba_wordcamp_2.png\" data-orig-size=\"3858,647\" data-comments-opened=\"1\" data-image-meta=\"{&quot;aperture&quot;:&quot;0&quot;,&quot;credit&quot;:&quot;&quot;,&quot;camera&quot;:&quot;&quot;,&quot;caption&quot;:&quot;&quot;,&quot;created_timestamp&quot;:&quot;0&quot;,&quot;copyright&quot;:&quot;&quot;,&quot;focal_length&quot;:&quot;0&quot;,&quot;iso&quot;:&quot;0&quot;,&quot;shutter_speed&quot;:&quot;0&quot;,&quot;title&quot;:&quot;&quot;,&quot;orientation&quot;:&quot;0&quot;}\" data-image-title=\"ba_wordcamp_2\" data-image-description=\"\" data-image-caption=\"\" data-medium-file=\"https:\/\/bratislava.wordcamp.org\/2016\/files\/2016\/04\/ba_wordcamp_2-300x50.png\" data-large-file=\"https:\/\/bratislava.wordcamp.org\/2016\/files\/2016\/04\/ba_wordcamp_2-1024x172.png\" class=\"size-full wp-image-644 aligncenter\" src=\"https:\/\/2016.bratislava.wordcamp.org\/files\/2016\/04\/ba_wordcamp_2.png\" alt=\"ba_wordcamp_2\" width=\"3858\" height=\"647\" srcset=\"https:\/\/bratislava.wordcamp.org\/2016\/files\/2016\/04\/ba_wordcamp_2.png 3858w, https:\/\/bratislava.wordcamp.org\/2016\/files\/2016\/04\/ba_wordcamp_2-150x25.png 150w, https:\/\/bratislava.wordcamp.org\/2016\/files\/2016\/04\/ba_wordcamp_2-300x50.png 300w, https:\/\/bratislava.wordcamp.org\/2016\/files\/2016\/04\/ba_wordcamp_2-1024x172.png 1024w, https:\/\/bratislava.wordcamp.org\/2016\/files\/2016\/04\/ba_wordcamp_2-500x84.png 500w, https:\/\/bratislava.wordcamp.org\/2016\/files\/2016\/04\/ba_wordcamp_2-624x105.png 624w\" sizes=\"auto, (max-width: 3858px) 100vw, 3858px\" \/><\/p>\n<p><b>Bratislava, 11.04. 2016 \u2013 <\/b><span style=\"font-weight: 400\">Nad\u0161en\u00ed fan\u00fa\u0161ikovia <\/span><a href=\"http:\/\/w3techs.com\/\"><span style=\"font-weight: 400\">najpou\u017e\u00edvanej\u0161ieho<\/span><\/a><span style=\"font-weight: 400\"> redak\u010dn\u00e9ho syst\u00e9mu WordPress sa pravidelne delia so svojimi sk\u00fasenos\u0165ami a vedomos\u0165ami na celosvetov\u00fdch neform\u00e1lnych konferenci\u00e1ch s n\u00e1zvom WordCamp. Bratislava u\u017e piaty rok nebude v\u00fdnimkou.<\/span><\/p>\n<p><span style=\"font-weight: 400\">WordPress pon\u00faka jednoduch\u00fa mo\u017enos\u0165 zriadenia funk\u010dnej web str\u00e1nky, blogu \u010di e-shopu, pri\u010dom ka\u017ed\u00fdm d\u0148om na svet prich\u00e1dzuj\u00fa nov\u00e9 moduly a t\u00e9my, v\u010faka ktor\u00fdm m\u00e1 ka\u017ed\u00fd pr\u00edle\u017eitos\u0165 prisp\u00f4sobi\u0165 si web str\u00e1nky pod\u013ea vlastn\u00fdch predst\u00e1v.<\/span><\/p>\n<p><span style=\"font-weight: 400\">Komunita \u013eud\u00ed, ktor\u00e1 sa okolo neho vytv\u00e1ra aj na Slovensku ka\u017ed\u00fdm rokom silnie, \u010doho d\u00f4kazom s\u00fa nielen pravideln\u00e9 stretnutia organizovan\u00e9 v mest\u00e1ch ako napr\u00edklad Nitra, \u017dilina, Bratislava a Bansk\u00e1 \u0160tiavnica, ale aj rozdelenie konferencie WordCamp Slovensko na WordCamp Ko\u0161ice, WordCamp \u017dilina a WordCamp Bratislava.<\/span><\/p>\n<p><span style=\"font-weight: 400\">Posledne menovan\u00fd <\/span><b><a href=\"https:\/\/2016.bratislava.wordcamp.org\/o-wordcamp\/\">WordCamp Bratislava 2016<\/a><\/b><span style=\"font-weight: 400\">\u00a0sa uskuto\u010dn\u00ed v sobotu <\/span><b>23. apr\u00edla 2016<\/b><span style=\"font-weight: 400\"> na <\/span><b><a href=\"https:\/\/2016.bratislava.wordcamp.org\/miesto\/#wcba_wordcamp\">Fakulte informatiky a informa\u010dn\u00fdch technol\u00f3gi\u00ed Slovenskej technickej univerzity<\/a> <\/b><span style=\"font-weight: 400\">a pokra\u010dova\u0165 bude <\/span><b>v nede\u013eu 24. apr\u00edla 2016<\/b><span style=\"font-weight: 400\"> na <\/span><b><a href=\"https:\/\/2016.bratislava.wordcamp.org\/miesto\/#wcba_contribution_day\">Contributors day<\/a>.<\/b><\/p>\n<p><span style=\"font-weight: 400\">WordCamp bude tvoren\u00fd blokmi <a href=\"https:\/\/2016.bratislava.wordcamp.org\/program\/\">7 predn\u00e1\u0161ok s\u00fabe\u017ene<\/a> prebiehaj\u00facich v dvoch miestnostiach, ktor\u00e9 s\u00fa ur\u010den\u00e9 pre nov\u00e1\u010d\u00edkov, be\u017en\u00fdch pou\u017e\u00edvate\u013eov ako aj pre profesion\u00e1lov. Na konferencii vyst\u00fapia re\u010dn\u00edci zo Slovenska ako aj zo zahrani\u010dia.<\/span><\/p>\n<p><b>\u0160tefan \u010cudai<\/b><span style=\"font-weight: 400\">, hlavn\u00fd organiz\u00e1tor WordCamp Bratislava 2016: \u201e<\/span><i><span style=\"font-weight: 400\">Ve\u013emi sa te\u0161\u00edm, \u017ee som tento rok dostal pr\u00edle\u017eitos\u0165 t\u00fato konferenciu oganizova\u0165. Jedn\u00fdm z na\u0161\u00edch cie\u013eov bolo vytvori\u0165 bohat\u00fd program, aj preto sme pripravili program so 14 predn\u00e1\u0161kami.<\/span><\/i><span style=\"font-weight: 400\">\u201c<\/span><\/p>\n<p><b>Michal Kopeck\u00fd<\/b><span style=\"font-weight: 400\"> vysvetl\u00ed 7 krokov ako vytvori\u0165 popul\u00e1rny blog. <\/span><b>Alexandra Kov\u00e1\u010dov\u00e1<\/b><span style=\"font-weight: 400\"> povie ako postupova\u0165 pri hacknutom blogu a ako si chr\u00e1ni\u0165 svoj blog pred napadnut\u00edm. To ako vid\u00ed bud\u00facnos\u0165 WordPress na Slovensku porozpr\u00e1va zakladate\u013e slovenskej komunity <\/span><b>Peter Nem\u010dok<\/b><span style=\"font-weight: 400\">. R\u00fdchlokurz do programovania vlastn\u00fdch t\u00e9m pre neprogram\u00e1torov sprav\u00ed <\/span><b>Roman Hra\u0161ka<\/b><span style=\"font-weight: 400\">, zn\u00e1my svojim projektom <\/span><i><span style=\"font-weight: 400\">webrebel.sk<\/span><\/i><span style=\"font-weight: 400\">. <\/span><b>Karol V\u00f6r\u00f6s<\/b><span style=\"font-weight: 400\"> z firmy Webglobe-Yegon v\u00e1m pom\u00f4\u017ee zr\u00fdchli\u0165 v\u00e1\u0161 web. <\/span><b>Alexandra Draghici<\/b><span style=\"font-weight: 400\"> z CaptainForm d\u00e1 nieko\u013eko tipov a trikov ako n\u00e1js\u0165 dieru na preplnenom trhu WordPress modulov a zarobi\u0165.<\/span><\/p>\n<p><span style=\"font-weight: 400\">O z\u00e1kladoch komunik\u00e1cie s klientom, ktor\u00e9 sa z\u00eddu ka\u017ed\u00e9mu developerovi, povie <\/span><b>Tom\u00e1\u0161 Kocifaj<\/b><span style=\"font-weight: 400\">. U\u017eito\u010dn\u00e9 rady pre program\u00e1torov a ako vytvori\u0165 kvalitn\u00fa t\u00e9mu prezrad\u00ed <\/span><b>Juraj Kiss<\/b><span style=\"font-weight: 400\">. Na \u00favod do tvorby pluginov sa pozrie <\/span><b>Martin Krcho<\/b><span style=\"font-weight: 400\"> z <\/span><i><span style=\"font-weight: 400\">mojandroid.sk<\/span><\/i><span style=\"font-weight: 400\">. <\/span><b>J\u00e1n Bo\u010d\u00ednec<\/b><span style=\"font-weight: 400\"> z Webikonu sa zameria na WooCommerce pre developerov. \u010co to je VersionPress, ako funguje, ako vyzer\u00e1 typick\u00fd workflow lok\u00e1lneho v\u00fdvoja a prenos do produkcie n\u00e1m uk\u00e1\u017ee <\/span><b>Borek Bernard.<\/b> <b>Luca Sartoni<\/b><span style=\"font-weight: 400\"> z Automattic povie o sk\u00fasenostiach s implementa\u010dn\u00fdmi met\u00f3dami v distribuovan\u00fdch syst\u00e9moch.<\/span><\/p>\n<p><span style=\"font-weight: 400\">\u201e<\/span><i><span style=\"font-weight: 400\">Konferencia pon\u00faka \u0161irok\u00fd okruh t\u00e9m a ver\u00edme \u017ee ka\u017ed\u00fd \u00fa\u010dastn\u00edk si pr\u00edde na svoje.<\/span><\/i><span style=\"font-weight: 400\">\u201c<\/span> <span style=\"font-weight: 400\">pokra\u010duje\u00a0<\/span><b>\u0160tefan \u010cudai<\/b><span style=\"font-weight: 400\">,<\/span><i><span style=\"font-weight: 400\"> \u201eKe\u010f\u017ee akcia m\u00e1 podpori\u0165 vytv\u00e1ranie nov\u00fdch kontaktov, po predn\u00e1\u0161kach a ofici\u00e1lnom programe bude nasledova\u0165 afterparty.<\/span><\/i><span style=\"font-weight: 400\">\u201c<\/span><\/p>\n<p>Cena <a href=\"https:\/\/2016.bratislava.wordcamp.org\/vstup\/\">vstupenky <\/a>je 20\u20ac a zah\u0155\u0148a nielen vstup na konferenciu, ale aj ob\u010derstvenie, obed, dar\u010dek a vstup na afterparty.<\/p>\n<p><a href=\"https:\/\/2016.bratislava.wordcamp.org\/partneri\/\"><img loading=\"lazy\" decoding=\"async\" data-attachment-id=\"710\" data-permalink=\"https:\/\/bratislava.wordcamp.org\/2016\/tlacova-sprava-11-04-2016\/loga-2\/\" data-orig-file=\"https:\/\/bratislava.wordcamp.org\/2016\/files\/2016\/04\/Loga-1.png\" data-orig-size=\"660,400\" data-comments-opened=\"1\" data-image-meta=\"{&quot;aperture&quot;:&quot;0&quot;,&quot;credit&quot;:&quot;&quot;,&quot;camera&quot;:&quot;&quot;,&quot;caption&quot;:&quot;&quot;,&quot;created_timestamp&quot;:&quot;0&quot;,&quot;copyright&quot;:&quot;&quot;,&quot;focal_length&quot;:&quot;0&quot;,&quot;iso&quot;:&quot;0&quot;,&quot;shutter_speed&quot;:&quot;0&quot;,&quot;title&quot;:&quot;&quot;,&quot;orientation&quot;:&quot;0&quot;}\" data-image-title=\"Loga\" data-image-description=\"\" data-image-caption=\"\" data-medium-file=\"https:\/\/bratislava.wordcamp.org\/2016\/files\/2016\/04\/Loga-1-300x182.png\" data-large-file=\"https:\/\/bratislava.wordcamp.org\/2016\/files\/2016\/04\/Loga-1.png\" class=\"alignnone wp-image-710 size-full\" src=\"https:\/\/2016.bratislava.wordcamp.org\/files\/2016\/04\/Loga-1.png\" alt=\"Loga\" width=\"660\" height=\"400\" srcset=\"https:\/\/bratislava.wordcamp.org\/2016\/files\/2016\/04\/Loga-1.png 660w, https:\/\/bratislava.wordcamp.org\/2016\/files\/2016\/04\/Loga-1-150x91.png 150w, https:\/\/bratislava.wordcamp.org\/2016\/files\/2016\/04\/Loga-1-300x182.png 300w, https:\/\/bratislava.wordcamp.org\/2016\/files\/2016\/04\/Loga-1-495x300.png 495w, https:\/\/bratislava.wordcamp.org\/2016\/files\/2016\/04\/Loga-1-624x378.png 624w\" sizes=\"auto, (max-width: 660px) 100vw, 660px\" \/><\/a><\/p>\n<p><span style=\"font-weight: 400\">Viac inform\u00e1cii n\u00e1jdete na ofici\u00e1lnej web str\u00e1nke <\/span><a href=\"https:\/\/2016.bratislava.wordcamp.org\/\"><span style=\"font-weight: 400\">WordCamp Bratislava 2016.<\/span><\/a><br \/>\n<span style=\"font-weight: 400\">Fotky z minul\u00e9ho ro\u010dn\u00edka n\u00e1jdete v <\/span><a href=\"https:\/\/plus.google.com\/photos\/+Imagerelated\/albums\/6141755804016453425\"><span style=\"font-weight: 400\">nasledovnom s\u00fabore.<\/span><\/a><\/p>\n<p><span style=\"font-weight: 400\">Kontakt pre m\u00e9di\u00e1:<\/span><br \/>\n<span style=\"font-weight: 400\">Organiz\u00e1tori WordCamp Bratislava 2016:<\/span><br \/>\n<span style=\"font-weight: 400\"><strong>\u0160tefan \u010cudai<\/strong>, <\/span><span style=\"font-weight: 400\">wordcamp@wp.sk<\/span><br \/>\n<span style=\"font-weight: 400\"><strong>Katar\u00edna Novotn\u00e1<\/strong>, <\/span><span style=\"font-weight: 400\">wordcamp@wp.sk<\/span><\/p>\n<p>T\u00fato tla\u010dov\u00fa spr\u00e1vu m\u00f4\u017eete stiahnu\u0165 aj v <a href=\"https:\/\/2016.bratislava.wordcamp.org\/files\/2016\/04\/Tla\u010dov\u00e1-spr\u00e1va-11-04-2016.pdf\">PDF<\/a> form\u00e1te.<\/p>\n","protected":false},"excerpt":{"rendered":"<p>WordCamp Bratislava 2016 Pr\u00edpravy konferencie WordCamp Bratislava vrcholia a my m\u00e1me pre v\u00e1s aktu\u00e1lne novinky. Bratislava, 11.04. 2016 \u2013 Nad\u0161en\u00ed fan\u00fa\u0161ikovia najpou\u017e\u00edvanej\u0161ieho redak\u010dn\u00e9ho syst\u00e9mu WordPress sa pravidelne delia so svojimi sk\u00fasenos\u0165ami a vedomos\u0165ami na celosvetov\u00fdch neform\u00e1lnych konferenci\u00e1ch s n\u00e1zvom WordCamp. Bratislava u\u017e piaty rok nebude v\u00fdnimkou. WordPress pon\u00faka jednoduch\u00fa mo\u017enos\u0165 zriadenia funk\u010dnej web str\u00e1nky, blogu [&hellip;]<\/p>\n","protected":false},"author":13802142,"featured_media":0,"parent":0,"menu_order":0,"comment_status":"closed","ping_status":"closed","template":"","meta":{"jetpack_post_was_ever_published":false,"footnotes":""},"class_list":["post-624","page","type-page","status-publish","hentry"],"jetpack_sharing_enabled":true,"jetpack_shortlink":"https:\/\/wp.me\/P77Ksd-a4","_links":{"self":[{"href":"https:\/\/bratislava.wordcamp.org\/2016\/wp-json\/wp\/v2\/pages\/624","targetHints":{"allow":["GET"]}}],"collection":[{"href":"https:\/\/bratislava.wordcamp.org\/2016\/wp-json\/wp\/v2\/pages"}],"about":[{"href":"https:\/\/bratislava.wordcamp.org\/2016\/wp-json\/wp\/v2\/types\/page"}],"author":[{"embeddable":true,"href":"https:\/\/bratislava.wordcamp.org\/2016\/wp-json\/wp\/v2\/users\/13802142"}],"replies":[{"embeddable":true,"href":"https:\/\/bratislava.wordcamp.org\/2016\/wp-json\/wp\/v2\/comments?post=624"}],"version-history":[{"count":16,"href":"https:\/\/bratislava.wordcamp.org\/2016\/wp-json\/wp\/v2\/pages\/624\/revisions"}],"predecessor-version":[{"id":711,"href":"https:\/\/bratislava.wordcamp.org\/2016\/wp-json\/wp\/v2\/pages\/624\/revisions\/711"}],"wp:attachment":[{"href":"https:\/\/bratislava.wordcamp.org\/2016\/wp-json\/wp\/v2\/media?parent=624"}],"curies":[{"name":"wp","href":"https:\/\/api.w.org\/{rel}","templated":true}]}}