{"id":58,"date":"2016-01-22T22:31:28","date_gmt":"2016-01-22T22:31:28","guid":{"rendered":"https:\/\/2016.bratislava.wordcamp.org\/?page_id=58"},"modified":"2016-04-18T16:54:02","modified_gmt":"2016-04-18T15:54:02","slug":"o-wordcamp","status":"publish","type":"page","link":"https:\/\/bratislava.wordcamp.org\/2016\/o-wordcamp\/","title":{"rendered":"O WordCamp"},"content":{"rendered":"<p><a href=\"https:\/\/wordpress.org\/\" target=\"_blank\">WordPress<\/a> sp\u00e1ja \u013eud\u00ed na celom svete. Ka\u017ed\u00fd rok sa vo viacer\u00fdch v\u00e4\u010d\u0161\u00edch \u010di men\u0161ich mest\u00e1ch organizuje <strong>ob\u013e\u00faben\u00e1 <a href=\"http:\/\/central.wordcamp.org\/\" target=\"_blank\">WordPress konferencia<\/a><\/strong>, ktor\u00e1 nesie n\u00e1zov WordCamp a dop\u013a\u0148a ju n\u00e1zov mesta v ktorom sa kon\u00e1. Samozrejme, Slovenko nie je v\u00fdnimkou. WordPress je open source syst\u00e9m. Vznikol, rastie a neust\u00e1le sa zdokona\u013euje v\u010faka komunite \u013eud\u00ed, ktor\u00ed sa dobrovo\u013ene podie\u013eaj\u00fa \u010di u\u017e na jeho v\u00fdvoji, preklade a na tom, \u017ee WordPress \u0161\u00edria \u010falej. Konferencia WordCamp je dnes pre mnoh\u00fdch nad\u0161encov IT jedn\u00fdm z najv\u00fdznamnej\u0161\u00edch podujat\u00ed roka. \u010c\u00edsla hovoria za v\u0161etko. Ka\u017edoro\u010dne sa tejto konferencie z\u00fa\u010dastn\u00ed nieko\u013eko desiatok tis\u00edc WordPress nad\u0161encov. <strong>23 apr\u00edla 2016<\/strong> si sprav v kalend\u00e1ri miesto pre ve\u013ek\u00fa udalos\u0165. S podporou centr\u00e1ly WordCamp v USA a sponzorov <strong>chyst\u00e1me WordCamp Bratislava<\/strong>. Bude\u0161 si m\u00f4c\u0165 vychutna\u0165 \u010derstv\u00e9 novinky zo sveta WordPress, pom\u00f4c\u0165 s probl\u00e9mami pri pou\u017e\u00edvan\u00ed, roz\u0161\u00edri\u0165 povedomie o tomto redak\u010dnom syst\u00e9me a v neposlednom rade stretn\u00fa\u0165 sa so zauj\u00edmav\u00fdmi osobnos\u0165ami.<\/p>\n<p>Tohtoro\u010dn\u00fd WordCamp sa bude kona\u0165 na Slovensku <strong>u\u017e po piatykr\u00e1t<\/strong> a bude nies\u0165 n\u00e1zov WordCamp Bratislava 2016. O priestor sa postar\u00e1 Fakulta informatiky a informa\u010dn\u00fdch technol\u00f3gi\u00ed STU\u00a0v Bratislave.<\/p>\n<p>Konferencia bude prebieha\u0165 po\u010das cel\u00e9ho d\u0148a v neform\u00e1lnom a priate\u013eskom duchu. Osobne sa stretne\u0161 a porozpr\u00e1va\u0161 s popredn\u00fdmi expertami na WordPress. Vypo\u010duje\u0161 si ich predn\u00e1\u0161ky a nadvia\u017ee\u0161 nov\u00e9 kontakty. T\u00e9m na rozhovor bude ur\u010dite mnoho.<\/p>\n<p>Po\u010das celej soboty bude\u0161 ma\u0165 mo\u017enos\u0165 z\u00fa\u010dastni\u0165 sa viacer\u00fdch r\u00f4zne zameran\u00fdch predn\u00e1\u0161kach. <strong>Predn\u00e1\u0161ky<\/strong> bud\u00fa prebieha\u0165 <strong>v dvoch miestnostiach<\/strong>. Predn\u00e1\u0161ky bud\u00fa ur\u010den\u00e9 be\u017en\u00fdm pou\u017e\u00edvate\u013eom WordPress, ale aj profesion\u00e1lom. Pre nich sme vytvorili technicky laden\u00fd predn\u00e1\u0161kov\u00fd blok.<br \/>\nProgramov\u00e1 \u010das\u0165 sa bude sklada\u0165 z \u00faspe\u0161n\u00fdch podnikate\u013eov, ktor\u00fdch s\u00fa\u010das\u0165ou ich biznisu je aj WordPress, program\u00e1torov pracuj\u00facich s WordPress a\u00a0mnoho \u010fal\u0161\u00edch.<\/p>\n<p>\u010co rozhodne nesmie\u0161 preme\u0161ka\u0165 a \u010do nebude ch\u00fdba\u0165, je afterparty ako vyvrcholenie celej konferencie WordCamp Bratislava, ktor\u00e1 bude pokra\u010dova\u0165 do neskor\u00fdch no\u010dn\u00fdch alebo sk\u00f4r skor\u00fdch rann\u00fdch hod\u00edn.<br \/>\nAk bude\u0161 vl\u00e1da\u0165 a bude\u0161 ma\u0165 chu\u0165, <strong>pr\u00ed\u010f v nede\u013eu 24.4. na Contributor Day<\/strong>, kedy m\u00f4\u017ee\u0161 priamo prispie\u0165 k tvorbe WordPress a nezi\u0161tne tak nie\u010do vytvori\u0165 aj pre ostatn\u00fdch pou\u017e\u00edvate\u013eov WordPress. Minul\u00fd rok mal Contributor Day ve\u013ek\u00fd \u00faspech a aj v\u010faka nemu vznikli meetup skupiny, ktor\u00e9 v r\u00f4znych mest\u00e1ch po Slovensku organizuj\u00fa meetupy, na ktor\u00fdch sa rozpr\u00e1vaj\u00fa o spolo\u010dnej t\u00e9me &#8211; WordPress. Rozhodne si tak nenechaj ujs\u0165 aj tentoro\u010dn\u00fd Contributor Day a <strong>podpor komunitu WordPress<\/strong> napr\u00edklad aj tak\u00fdmto sp\u00f4sobom! <strong>Contributor Day nie je iba pre sk\u00fasen\u00fdch high level pou\u017e\u00edvate\u013eov WordPress a program\u00e1torov. Pr\u00e1ve naopak<\/strong>, aj menej sk\u00fasen\u00fd pou\u017e\u00edvate\u013e a fan\u00fa\u0161ik tohto open source syst\u00e9mu sa tu dozvie mnoh\u00e9 zauj\u00edmav\u00e9 a u\u017eito\u010dn\u00e9 inform\u00e1cie. Na Contributor Day si ka\u017ed\u00fd veberie skupiny pod\u013ea zamerania, v ktorej po\u010das d\u0148a spolo\u010dne prispievaj\u00fa do komunity rie\u0161en\u00edm aktu\u00e1lnych probl\u00e9mov. Skup\u00edn je viacero, ur\u010dite si medzi nimi n\u00e1jde\u0161 t\u00fa svoju, ako pr\u00edklad m\u00f4\u017eeme spomen\u00fa\u0165 (preklady, dokument\u00e1cia, design, t\u00e9my, moduly, jadro WordPress, podpora, at\u010f.).<\/p>\n<p>&nbsp;<\/p>\n<p><strong>WordCamp Bratislava: 23. 4. 2016<\/strong>\u00a0(sobota) od 9:00 do cca 17:00<br \/>\n<em>Miesto<\/em>: <strong>FIIT STU Bratislava<\/strong> (<a href=\"https:\/\/2016.bratislava.wordcamp.org\/miesto\/\" target=\"_blank\">mapa<\/a>), Ilkovi\u010dov\u00e1 6276<br \/>\n<em>Po\u010det \u00fa\u010dastn\u00edkov<\/em>: cca 300<br \/>\n<em>Vstup<\/em>: <strong>20 \u20ac<\/strong> (v cene je vstup, ob\u010derstvenie a prekvapenie). <a title=\"Registr\u00e1cia\" href=\"https:\/\/2016.bratislava.wordcamp.org\/vstup\/\"><br \/>\n<strong>Registr\u00e1cia je spusten\u00e1<\/strong><\/a> <strong>a bude akt\u00edvna do 21. 4. 2015.<\/strong> L\u00edstok si na mieste nebude mo\u017en\u00e9 k\u00fapi\u0165.<\/p>\n<p><strong>Afterparty<\/strong>\u00a0je samozrejmos\u0165ou. Viac info n\u00e1jdete <a href=\"https:\/\/2016.bratislava.wordcamp.org\/afterparty\/\">na str\u00e1nke afterparty<\/a> ;)<\/p>\n<p><strong>Contributor day<\/strong>\u00a0<strong>24. 4. 2016<\/strong>\u00a0(nede\u013ea) od cca\u00a0<strong>09:00<\/strong> do\u00a0cca <strong>17:00<\/strong><br \/>\n<em>Miesto: <\/em><strong>Impact HUB Bratislava<\/strong>\u00a0(<a href=\"https:\/\/goo.gl\/maps\/ZaZC3EHNKXH2\" target=\"_blank\">mapa<\/a>), Hviezdoslavovo n\u00e1mestie 20, Bratislava, 1. poschodie<em><br \/>\nPo\u010det \u00fa\u010dastn\u00edkov: <\/em>cca 60<em><br \/>\nVstup<\/em>: zdarma (v cene je aj obed) :D<\/p>\n<p>Pridajte sa na na\u0161u <strong><a href=\"https:\/\/www.facebook.com\/events\/186112585095054\/\">Facebook udalos\u0165<\/a><\/strong>!<\/p>\n","protected":false},"excerpt":{"rendered":"<p>WordPress sp\u00e1ja \u013eud\u00ed na celom svete. Ka\u017ed\u00fd rok sa vo viacer\u00fdch v\u00e4\u010d\u0161\u00edch \u010di men\u0161ich mest\u00e1ch organizuje ob\u013e\u00faben\u00e1 WordPress konferencia, ktor\u00e1 nesie n\u00e1zov WordCamp a dop\u013a\u0148a ju n\u00e1zov mesta v ktorom sa kon\u00e1. Samozrejme, Slovenko nie je v\u00fdnimkou. WordPress je open source syst\u00e9m. Vznikol, rastie a neust\u00e1le sa zdokona\u013euje v\u010faka komunite \u013eud\u00ed, ktor\u00ed sa dobrovo\u013ene podie\u013eaj\u00fa [&hellip;]<\/p>\n","protected":false},"author":14674811,"featured_media":0,"parent":0,"menu_order":0,"comment_status":"closed","ping_status":"closed","template":"","meta":{"jetpack_post_was_ever_published":false,"footnotes":""},"class_list":["post-58","page","type-page","status-publish","hentry"],"jetpack_sharing_enabled":true,"jetpack_shortlink":"https:\/\/wp.me\/P77Ksd-W","_links":{"self":[{"href":"https:\/\/bratislava.wordcamp.org\/2016\/wp-json\/wp\/v2\/pages\/58","targetHints":{"allow":["GET"]}}],"collection":[{"href":"https:\/\/bratislava.wordcamp.org\/2016\/wp-json\/wp\/v2\/pages"}],"about":[{"href":"https:\/\/bratislava.wordcamp.org\/2016\/wp-json\/wp\/v2\/types\/page"}],"author":[{"embeddable":true,"href":"https:\/\/bratislava.wordcamp.org\/2016\/wp-json\/wp\/v2\/users\/14674811"}],"replies":[{"embeddable":true,"href":"https:\/\/bratislava.wordcamp.org\/2016\/wp-json\/wp\/v2\/comments?post=58"}],"version-history":[{"count":15,"href":"https:\/\/bratislava.wordcamp.org\/2016\/wp-json\/wp\/v2\/pages\/58\/revisions"}],"predecessor-version":[{"id":877,"href":"https:\/\/bratislava.wordcamp.org\/2016\/wp-json\/wp\/v2\/pages\/58\/revisions\/877"}],"wp:attachment":[{"href":"https:\/\/bratislava.wordcamp.org\/2016\/wp-json\/wp\/v2\/media?parent=58"}],"curies":[{"name":"wp","href":"https:\/\/api.w.org\/{rel}","templated":true}]}}