{"id":483,"date":"2016-03-15T22:09:21","date_gmt":"2016-03-15T21:09:21","guid":{"rendered":"https:\/\/2016.bratislava.wordcamp.org\/?page_id=483"},"modified":"2016-04-10T21:55:36","modified_gmt":"2016-04-10T20:55:36","slug":"tlacova-sprava","status":"publish","type":"page","link":"https:\/\/bratislava.wordcamp.org\/2016\/o-wordcamp\/tlacova-sprava\/","title":{"rendered":"Tla\u010dov\u00e1 spr\u00e1va I."},"content":{"rendered":"<p><b>WordCamp Bratislava 2016 <\/b><b><br \/>\n<\/b><i><span style=\"font-weight: 400\">Otvoren\u00e1 konferencia WordCamp prich\u00e1dza na Slovensko u\u017e po piatykr\u00e1t<\/span><\/i><\/p>\n<p><b>Bratislava, 07.03. 2016 \u2013 <\/b><span style=\"font-weight: 400\">Nad\u0161en\u00ed fan\u00fa\u0161ikovia <\/span><a href=\"http:\/\/w3techs.com\/\"><span style=\"font-weight: 400\">najpou\u017e\u00edvanej\u0161ieho<\/span><\/a><span style=\"font-weight: 400\"> redak\u010dn\u00e9ho syst\u00e9mu WordPress sa pravidelne delia so svojimi sk\u00fasenos\u0165ami a vedomos\u0165ami na celosvetov\u00fdch neform\u00e1lnych konferenci\u00e1ch s n\u00e1zvom WordCamp. Bratislava u\u017e piaty rok nebude v\u00fdnimkou.<\/span><\/p>\n<p>WordPress pon\u00faka jednoduch\u00fa mo\u017enos\u0165 zriadenia funk\u010dnej web str\u00e1nky, blogu \u010di e-shopu, pri\u010dom ka\u017ed\u00fdm d\u0148om na svet prich\u00e1dzuj\u00fa nov\u00e9 moduly a t\u00e9my, v\u010faka ktor\u00fdm m\u00e1 ka\u017ed\u00fd pr\u00edle\u017eitos\u0165 prisp\u00f4sobi\u0165 si web str\u00e1nky pod\u013ea vlastn\u00fdch predst\u00e1v.<\/p>\n<p><span style=\"font-weight: 400\">Komunita \u013eud\u00ed, ktor\u00e1 sa okolo neho vytv\u00e1ra aj na Slovensku ka\u017ed\u00fdm rokom silnie, \u010doho d\u00f4kazom s\u00fa nielen pravideln\u00e9 stretnutia organizovan\u00e9 v mest\u00e1ch ako napr\u00edklad Nitra, \u017dilina, Bratislava a Bansk\u00e1 \u0160tiavnica, ale aj rozdelenie konferencie WordCamp Slovensko na WordCamp Ko\u0161ice, WordCamp \u017dilina a WordCamp Bratislava.<\/span><br \/>\n<span style=\"font-weight: 400\">Posledne menovan\u00fd <\/span><b>WordCamp Bratislava 2016.<\/b><span style=\"font-weight: 400\"> sa uskuto\u010dn\u00ed v sobotu <\/span><b>23. apr\u00edla 2016<\/b><span style=\"font-weight: 400\"> na <\/span><b>Fakulte informatiky a informa\u010dn\u00fdch technol\u00f3gi\u00ed Slovenskej technickej univerzity <\/b><span style=\"font-weight: 400\">a pokra\u010dova\u0165 bude <\/span><b>v nede\u013eu 24. apr\u00edla 2016<\/b><span style=\"font-weight: 400\"> na <\/span><b>Contributors day.<\/b><\/p>\n<p><b>\u0160tefan \u010cudai<\/b><span style=\"font-weight: 400\">, hlavn\u00fd organiz\u00e1tor WordCamp Bratislava 2016: \u201e<\/span><i><span style=\"font-weight: 400\">Ke\u010f som sa do\u010d\u00edtal \u017ee WordCamp konferencia tento rok v Bratislave nebude, c\u00edtil som, \u017ee s t\u00fdm nie\u010do treba spravi\u0165. Bola to pre m\u0148a udalos\u0165, na ktor\u00fa som sa ve\u013emi te\u0161il. WordCamp bol pre m\u0148a miestom, kde som sa \u00a0dozvedel nie\u010do nov\u00e9 a hlavne spoznal nov\u00fdch \u013eud\u00ed z komunity. Oslovil som teda organiz\u00e1torov z minul\u00fdch rokov, zvolali sme dobrovoln\u00edkov a pustili sa do organiz\u00e1cie.<\/span><\/i><span style=\"font-weight: 400\">\u201c<\/span><\/p>\n<p><span style=\"font-weight: 400\">WordCamp bude tvoren\u00fd blokmi 6 predn\u00e1\u0161ok s\u00fabe\u017ene prebiehaj\u00facich v\u00a0dvoch miestnostiach, ktor\u00e9 s\u00fa ur\u010den\u00e9 pre nov\u00e1\u010d\u00edkov, be\u017en\u00fdch pou\u017e\u00edvate\u013eov ako aj pre profesion\u00e1lov. V\u00fdber re\u010dn\u00edkov je v plnom pr\u00fade a n\u00e1v\u0161tevn\u00edci sa m\u00f4\u017eu te\u0161i\u0165 na predn\u00e1\u0161ky o marketingu, programovan\u00ed, blogovan\u00ed a\u00a0na nieko\u013eko men\u0161\u00edch\u00a0workshopov.<\/span><\/p>\n<p><span style=\"font-weight: 400\">\u201e<\/span><i><span style=\"font-weight: 400\">Taktie\u017e tento rok je cie\u013eom zv\u00fd\u0161i\u0165 povedomie o WordPress. R\u00e1d by som teda pril\u00e1kal nov\u00fdch \u013eud\u00ed, ktor\u00ed o WordPress bu\u010f e\u0161te nepo\u010duli, alebo vedia len z\u00e1kladn\u00e9 v\u0161eobecn\u00e9 inform\u00e1cie.\u201c <\/span><\/i><span style=\"font-weight: 400\">pokra\u010doval <\/span><b>\u0160tefan \u010cudai<\/b><span style=\"font-weight: 400\">,<\/span><i><span style=\"font-weight: 400\"> \u201esamozrejme sme mysleli aj na pokro\u010dil\u00fdch u\u017e\u00edvate\u013eov a program\u00e1torov, pre ktor\u00fdch pripravujeme predn\u00e1\u0161ky zameran\u00e9 na novinky vo WordPress. Pr\u00edjemn\u00e1 a neform\u00e1lna atmosf\u00e9ra po\u010das celej akcii m\u00e1 vytvori\u0165 vhodn\u00e9 podmienky pre networking medzi \u00fa\u010dastn\u00edkmi, pri ktorom si medzi sebou m\u00f4\u017eu vymeni\u0165 n\u00e1zory \u010di sk\u00fasenosti a na konci d\u0148a tak od\u00eds\u0165 s pocitom, \u017ee bud\u00faci rok sa radi vr\u00e1tia.<\/span><\/i><span style=\"font-weight: 400\">\u201c<\/span><\/p>\n<p><span style=\"font-weight: 400\">Z\u00e1kladn\u00e1 cena vstupenky je 20\u20ac. V tejto cene z\u00edska n\u00e1v\u0161tevn\u00edk konferencie nielen vstup na konferenciu, ale aj ob\u010derstvenie, obed, dar\u010dek a vstup na afterparty.<\/span><\/p>\n<p><span style=\"font-weight: 400\">Viac inform\u00e1cii n\u00e1jdete na ofici\u00e1lnej web str\u00e1nke <\/span><a href=\"https:\/\/2016.bratislava.wordcamp.org\/\"><span style=\"font-weight: 400\">WordCamp Bratislava 2016.<\/span><\/a><\/p>\n<p><span style=\"font-weight: 400\">Fotky z minul\u00e9ho ro\u010dn\u00edka n\u00e1jdete v <\/span><a href=\"https:\/\/plus.google.com\/photos\/+Imagerelated\/albums\/6141755804016453425\"><span style=\"font-weight: 400\">nasledovnom s\u00fabore.<\/span><\/a><\/p>\n<p><span style=\"font-weight: 400\">Kontakt pre m\u00e9di\u00e1:<\/span><br \/>\n<span style=\"font-weight: 400\">Organiz\u00e1tori WordCamp Bratislava 2016:<\/span><br \/>\n<span style=\"font-weight: 400\">\u0160tefan \u010cudai, <\/span><a href=\"mailto:wordcamp@wp.sk\"><span style=\"font-weight: 400\">wordcamp@wp.sk<\/span><\/a><br \/>\n<span style=\"font-weight: 400\">Monika Purgiov\u00e1, <\/span><a href=\"mailto:wordcamp@wp.sk\"><span style=\"font-weight: 400\">wordcamp@wp.sk<\/span><\/a><\/p>\n<p>T\u00fato tla\u010dov\u00fa spr\u00e1vu m\u00f4\u017eete stiahnu\u0165 aj v <a href=\"https:\/\/2016.bratislava.wordcamp.org\/files\/2016\/03\/Tlac\u030cova\u0301-spra\u0301va.pdf\">PDF<\/a> form\u00e1te.<\/p>\n","protected":false},"excerpt":{"rendered":"<p>WordCamp Bratislava 2016 Otvoren\u00e1 konferencia WordCamp prich\u00e1dza na Slovensko u\u017e po piatykr\u00e1t Bratislava, 07.03. 2016 \u2013 Nad\u0161en\u00ed fan\u00fa\u0161ikovia najpou\u017e\u00edvanej\u0161ieho redak\u010dn\u00e9ho syst\u00e9mu WordPress sa pravidelne delia so svojimi sk\u00fasenos\u0165ami a vedomos\u0165ami na celosvetov\u00fdch neform\u00e1lnych konferenci\u00e1ch s n\u00e1zvom WordCamp. Bratislava u\u017e piaty rok nebude v\u00fdnimkou. WordPress pon\u00faka jednoduch\u00fa mo\u017enos\u0165 zriadenia funk\u010dnej web str\u00e1nky, blogu \u010di e-shopu, pri\u010dom [&hellip;]<\/p>\n","protected":false},"author":13802142,"featured_media":0,"parent":58,"menu_order":0,"comment_status":"closed","ping_status":"closed","template":"","meta":{"jetpack_post_was_ever_published":false,"footnotes":""},"class_list":["post-483","page","type-page","status-publish","hentry"],"jetpack_sharing_enabled":true,"jetpack_shortlink":"https:\/\/wp.me\/P77Ksd-7N","_links":{"self":[{"href":"https:\/\/bratislava.wordcamp.org\/2016\/wp-json\/wp\/v2\/pages\/483","targetHints":{"allow":["GET"]}}],"collection":[{"href":"https:\/\/bratislava.wordcamp.org\/2016\/wp-json\/wp\/v2\/pages"}],"about":[{"href":"https:\/\/bratislava.wordcamp.org\/2016\/wp-json\/wp\/v2\/types\/page"}],"author":[{"embeddable":true,"href":"https:\/\/bratislava.wordcamp.org\/2016\/wp-json\/wp\/v2\/users\/13802142"}],"replies":[{"embeddable":true,"href":"https:\/\/bratislava.wordcamp.org\/2016\/wp-json\/wp\/v2\/comments?post=483"}],"version-history":[{"count":8,"href":"https:\/\/bratislava.wordcamp.org\/2016\/wp-json\/wp\/v2\/pages\/483\/revisions"}],"predecessor-version":[{"id":630,"href":"https:\/\/bratislava.wordcamp.org\/2016\/wp-json\/wp\/v2\/pages\/483\/revisions\/630"}],"up":[{"embeddable":true,"href":"https:\/\/bratislava.wordcamp.org\/2016\/wp-json\/wp\/v2\/pages\/58"}],"wp:attachment":[{"href":"https:\/\/bratislava.wordcamp.org\/2016\/wp-json\/wp\/v2\/media?parent=483"}],"curies":[{"name":"wp","href":"https:\/\/api.w.org\/{rel}","templated":true}]}}