{"id":12,"date":"2016-01-13T19:33:54","date_gmt":"2016-01-13T19:33:54","guid":{"rendered":"https:\/\/2016.bratislava.wordcamp.org\/organizers\/"},"modified":"2016-02-23T21:30:38","modified_gmt":"2016-02-23T20:30:38","slug":"organizers","status":"publish","type":"page","link":"https:\/\/bratislava.wordcamp.org\/2016\/organizers\/","title":{"rendered":"Organiz\u00e1tori"},"content":{"rendered":"\t<div class=\"wcorg-organizers\">\n\n\t\t\n\t\t\t<div class=\"wcorg-organizer\">\n\t\t\t\t<h2>\u0160tefan \u010cudai<\/h2>\n\t\t\t\t<div class=\"wcorg-organizer-description\">\n\t\t\t\t\t\t\t\t\t\t<img alt='' src='https:\/\/secure.gravatar.com\/avatar\/2156451ffd780697ae46a476cc6d84b7b9272ff2a97b3a41863e728a25c7daea?s=100&#038;d=mm&#038;r=g' srcset='https:\/\/secure.gravatar.com\/avatar\/2156451ffd780697ae46a476cc6d84b7b9272ff2a97b3a41863e728a25c7daea?s=200&#038;d=mm&#038;r=g 2x' class='avatar avatar-100 photo' height='100' width='100' \/>\t\t\t\t\t<p>Java developer so slabos\u0165ou pre WordPress. Venuje sa tvorbe n\u00e1strojov u\u013eah\u010duj\u00facich pr\u00e1cu s WooCommerce e-shopmi. Pou\u017e\u00edva\u00a0WooCommerce REST API a Java technol\u00f3gie. Z\u00fa\u010dast\u0148uje sa WordPress meetupov v Bratislava a organizuje meetupy v Nitre.<br \/>\n<a href=\"https:\/\/twitter.com\/stcudai\" target=\"_blank\">@stcudai<\/a><\/p>\n\t\t\t\t<\/div>\n\t\t\t<\/div>\n\n\t\t\n\t\t\t<div class=\"wcorg-organizer\">\n\t\t\t\t<h2>Katar\u00edna Novotn\u00e1<\/h2>\n\t\t\t\t<div class=\"wcorg-organizer-description\">\n\t\t\t\t\t\t\t\t\t\t<img alt='' src='https:\/\/secure.gravatar.com\/avatar\/934752bbd79f5288010f8e937ff2b65744bcc36b3b9aae279b55173ca207c6a6?s=100&#038;d=mm&#038;r=g' srcset='https:\/\/secure.gravatar.com\/avatar\/934752bbd79f5288010f8e937ff2b65744bcc36b3b9aae279b55173ca207c6a6?s=200&#038;d=mm&#038;r=g 2x' class='avatar avatar-100 photo' height='100' width='100' \/>\t\t\t\t\t<p>Venujem sa WordPressu u\u017e nejak\u00fd ten piatok. M\u00f4\u017eete ma stretn\u00fa\u0165 na pravideln\u00fdch WordPress meetupoch v Bratislave, ktor\u00e9 pom\u00e1ham aj organizova\u0165.<\/p>\n\t\t\t\t<\/div>\n\t\t\t<\/div>\n\n\t\t\n\t\t\t<div class=\"wcorg-organizer\">\n\t\t\t\t<h2>Peter Per\u017eo<\/h2>\n\t\t\t\t<div class=\"wcorg-organizer-description\">\n\t\t\t\t\t\t\t\t\t\t<img alt='' src='https:\/\/secure.gravatar.com\/avatar\/235e7899c3bed9b11cf45124b874906b4fba94c02e7161fe9619faf9b37ff8e5?s=100&#038;d=mm&#038;r=g' srcset='https:\/\/secure.gravatar.com\/avatar\/235e7899c3bed9b11cf45124b874906b4fba94c02e7161fe9619faf9b37ff8e5?s=200&#038;d=mm&#038;r=g 2x' class='avatar avatar-100 photo' height='100' width='100' \/>\t\t\t\t\t<p class=\"p1\"><span class=\"s1\">Online market\u00e9r, ktor\u00fd m\u00e1 r\u00e1d r\u00fdchle aut\u00e1, k\u013eukat\u00e9 cesty a v\u00f4\u0148u sp\u00e1len\u00e9ho benz\u00ednu. Na WordPress\u00a0pr\u00e1ve pripravuje nov\u00fd web o aut\u00e1ch.<\/span><\/p>\n\t\t\t\t<\/div>\n\t\t\t<\/div>\n\n\t\t\n\t\t\t<div class=\"wcorg-organizer\">\n\t\t\t\t<h2>Milan Majtan<\/h2>\n\t\t\t\t<div class=\"wcorg-organizer-description\">\n\t\t\t\t\t\t\t\t\t\t<img alt='' src='https:\/\/secure.gravatar.com\/avatar\/47611c07309a87258d2737cf07287efea3836bc3ff40940483eadaf4d13c4525?s=100&#038;d=mm&#038;r=g' srcset='https:\/\/secure.gravatar.com\/avatar\/47611c07309a87258d2737cf07287efea3836bc3ff40940483eadaf4d13c4525?s=200&#038;d=mm&#038;r=g 2x' class='avatar avatar-100 photo' height='100' width='100' \/>\t\t\t\t\t<p>Bc. Milan Majt\u00e1n BSBA &#8211; sk\u00fasenost\u00ed sila, venuje sa marketingu so zameran\u00edm na copywriting. Budovaniu port\u00e1lu pomocvobchode.sk, ktor\u00e9ho \u00falohou je pom\u00e1ha\u0165 mal\u00fdm obchodom pre\u017ei\u0165 v konkurencii super a hypermarketov. Najv\u00e4\u010d\u0161\u00ed \u017eivotn\u00fd \u00faspech &#8211; montovanie Bentley :)<\/p>\n\t\t\t\t<\/div>\n\t\t\t<\/div>\n\n\t\t\n\t\t\t<div class=\"wcorg-organizer\">\n\t\t\t\t<h2>Monika Purgiov\u00e1<\/h2>\n\t\t\t\t<div class=\"wcorg-organizer-description\">\n\t\t\t\t\t\t\t\t\t\t<img alt='' src='https:\/\/secure.gravatar.com\/avatar\/f0c42db58c8e9cc642139d89541b1e0d13fb745c2b2bd766c0c6fda3ec6188d3?s=100&#038;d=mm&#038;r=g' srcset='https:\/\/secure.gravatar.com\/avatar\/f0c42db58c8e9cc642139d89541b1e0d13fb745c2b2bd766c0c6fda3ec6188d3?s=200&#038;d=mm&#038;r=g 2x' class='avatar avatar-100 photo' height='100' width='100' \/>\t\t\t\t\t<p>Milovn\u00ed\u010dka dobr\u00e9ho v\u00edna a hudby.<\/p>\n\t\t\t\t<\/div>\n\t\t\t<\/div>\n\n\t\t\n\t\t\t<div class=\"wcorg-organizer\">\n\t\t\t\t<h2>Patr\u00edcia Somorovsk\u00e1<\/h2>\n\t\t\t\t<div class=\"wcorg-organizer-description\">\n\t\t\t\t\t\t\t\t\t\t<img alt='' src='https:\/\/secure.gravatar.com\/avatar\/9540bcc6ab835a60ba44c9e6fef9a4666bf06b22d43164b892860647b17f60b0?s=100&#038;d=mm&#038;r=g' srcset='https:\/\/secure.gravatar.com\/avatar\/9540bcc6ab835a60ba44c9e6fef9a4666bf06b22d43164b892860647b17f60b0?s=200&#038;d=mm&#038;r=g 2x' class='avatar avatar-100 photo' height='100' width='100' \/>\t\t\t\t\t<p>\u0160tudentka marketingovej komunik\u00e1cie sa okrem marketingu a copywritingu venuje aj ma\u013eovaniu a foteniu. Viac ako kino ju bavia gal\u00e9rie a cestovanie.<\/p>\n\t\t\t\t<\/div>\n\t\t\t<\/div>\n\n\t\t\n\t\t\t<div class=\"wcorg-organizer\">\n\t\t\t\t<h2>Martin Tom\u00e1\u0161ek<\/h2>\n\t\t\t\t<div class=\"wcorg-organizer-description\">\n\t\t\t\t\t\t\t\t\t\t<img alt='' src='https:\/\/secure.gravatar.com\/avatar\/4b99eef60cb923204ebfe2a51e5582cdcd31a2e06f5c5da8e264984c6f315128?s=100&#038;d=mm&#038;r=g' srcset='https:\/\/secure.gravatar.com\/avatar\/4b99eef60cb923204ebfe2a51e5582cdcd31a2e06f5c5da8e264984c6f315128?s=200&#038;d=mm&#038;r=g 2x' class='avatar avatar-100 photo' height='100' width='100' \/>\t\t\t\t\t<p class=\"p1\"><span class=\"s1\">\u0160tuduje aplikovan\u00fa informatiku v Nitre, popritom sa venuje WordPressu, grafike a webdizajnu. Z\u00fa\u010dast\u0148uje sa WordPress meetupov v Nitre a ka\u017ed\u00e9mu odpor\u00fa\u010da pr\u00eds\u0165 z\u00fa\u010dastni\u0165 sa WordCamp konferencie :)<\/span><\/p>\n\t\t\t\t<\/div>\n\t\t\t<\/div>\n\n\t\t\n\t\t\t<div class=\"wcorg-organizer\">\n\t\t\t\t<h2>Tom\u00e1\u0161 Dexter<\/h2>\n\t\t\t\t<div class=\"wcorg-organizer-description\">\n\t\t\t\t\t\t\t\t\t\t<img alt='' src='https:\/\/secure.gravatar.com\/avatar\/df7b9b5c5865e6c9e31d69baf7905191a25b08f90734f988c570ff339b41a0b3?s=100&#038;d=mm&#038;r=g' srcset='https:\/\/secure.gravatar.com\/avatar\/df7b9b5c5865e6c9e31d69baf7905191a25b08f90734f988c570ff339b41a0b3?s=200&#038;d=mm&#038;r=g 2x' class='avatar avatar-100 photo' height='100' width='100' \/>\t\t\t\t\t<p> WordPress samouk<\/p>\n\t\t\t\t<\/div>\n\t\t\t<\/div>\n\n\t\t\n\t<\/div><!-- .wcorg-organizers -->\n\t\n","protected":false},"excerpt":{"rendered":"","protected":false},"author":13802142,"featured_media":0,"parent":0,"menu_order":0,"comment_status":"closed","ping_status":"closed","template":"","meta":{"jetpack_post_was_ever_published":false,"footnotes":""},"class_list":["post-12","page","type-page","status-publish","hentry"],"jetpack_sharing_enabled":true,"jetpack_shortlink":"https:\/\/wp.me\/P77Ksd-c","_links":{"self":[{"href":"https:\/\/bratislava.wordcamp.org\/2016\/wp-json\/wp\/v2\/pages\/12","targetHints":{"allow":["GET"]}}],"collection":[{"href":"https:\/\/bratislava.wordcamp.org\/2016\/wp-json\/wp\/v2\/pages"}],"about":[{"href":"https:\/\/bratislava.wordcamp.org\/2016\/wp-json\/wp\/v2\/types\/page"}],"author":[{"embeddable":true,"href":"https:\/\/bratislava.wordcamp.org\/2016\/wp-json\/wp\/v2\/users\/13802142"}],"replies":[{"embeddable":true,"href":"https:\/\/bratislava.wordcamp.org\/2016\/wp-json\/wp\/v2\/comments?post=12"}],"version-history":[{"count":2,"href":"https:\/\/bratislava.wordcamp.org\/2016\/wp-json\/wp\/v2\/pages\/12\/revisions"}],"predecessor-version":[{"id":228,"href":"https:\/\/bratislava.wordcamp.org\/2016\/wp-json\/wp\/v2\/pages\/12\/revisions\/228"}],"wp:attachment":[{"href":"https:\/\/bratislava.wordcamp.org\/2016\/wp-json\/wp\/v2\/media?parent=12"}],"curies":[{"name":"wp","href":"https:\/\/api.w.org\/{rel}","templated":true}]}}