{"id":11,"date":"2016-01-13T19:33:54","date_gmt":"2016-01-13T19:33:54","guid":{"rendered":"https:\/\/2016.bratislava.wordcamp.org\/location\/"},"modified":"2016-04-22T08:46:04","modified_gmt":"2016-04-22T07:46:04","slug":"miesto","status":"publish","type":"page","link":"https:\/\/bratislava.wordcamp.org\/2016\/miesto\/","title":{"rendered":"Miesto"},"content":{"rendered":"<h2 id=\"wcba_wordcamp\">WordCamp Bratislava 23.4.2016<\/h2>\n<h3>Slovensk\u00e1 technick\u00e1 univerzita<br \/>\nFakulta informatiky a informa\u010dn\u00fdch technol\u00f3gi\u00ed<\/h3>\n<p><em>Ilkovi\u010dova 6276, Bratislava, 841 04<\/em><br \/>\n(FIIT STU) v Bratislave<\/p>\n<p><strong>Pripravili sme si pre teba podrobn\u00e9 inform\u00e1cie, <a href=\"https:\/\/2016.bratislava.wordcamp.org\/ako-nas-najdete\/\">ako n\u00e1s n\u00e1jde\u0161<\/a>.<\/strong><br \/>\n\u010ci u\u017e p\u00f4jde\u0161 pe\u0161o, autobusom, vlakom alebo autom. S t\u00fdmito in\u0161trukciami sa ur\u010dite nestrat\u00ed\u0161. Dokonca k n\u00e1m traf\u00ed\u0161 aj z letiska. Mysleli sme na v\u0161etko.<\/p>\n<div class=\"googlemaps\">\n\t\t\t\t<iframe loading=\"lazy\" width=\"600\" height=\"450\" frameborder=\"0\" scrolling=\"no\" marginheight=\"0\" marginwidth=\"0\"  src=\"https:\/\/www.google.com\/maps\/embed?pb=!1m18!1m12!1m3!1d1051.7817162218587!2d17.07066584748624!3d48.15294653795087!2m3!1f0!2f0!3f0!3m2!1i1024!2i768!4f13.1!3m3!1m2!1s0x0000000000000000:0x626e6a195d502530!2sIT%20-%20CROWD%20s.r.o.%20|%20Kari\u00e9rne%20centrum%20FIIT%20STU!5e1!3m2!1ssk!2ssk!4v1453326457761\"><\/iframe>\n\t\t\t<\/div>\n<p>&nbsp;<\/p>\n<h2 id=\"wcba_contribution_day\">After party\u00a023.4.2016<\/h2>\n<h3>Patr\u00f3nsky pivovar<\/h3>\n<p>Brnianska 57<br \/>\n811 04 Bratislava<br \/>\n<a href=\"https:\/\/goo.gl\/maps\/iYfFy6nZgSv\">Google maps<\/a><\/p>\n<div class=\"googlemaps\">\n\t\t\t\t<iframe loading=\"lazy\" width=\"600\" height=\"450\" frameborder=\"0\" scrolling=\"no\" marginheight=\"0\" marginwidth=\"0\"  src=\"https:\/\/www.google.com\/maps\/embed?pb=!1m18!1m12!1m3!1d2661.106779238331!2d17.078375415891536!3d48.16602325715788!2m3!1f0!2f0!3f0!3m2!1i1024!2i768!4f13.1!3m3!1m2!1s0x476c8c0a83a71ff1:0x7f62397d5bb039b2!2sBrnianska%203732\/57,%20811%2004%20Bratislava!5e0!3m2!1ssk!2ssk!4v1460992196254\"><\/iframe>\n\t\t\t<\/div>\n<p>&nbsp;<\/p>\n<h2 id=\"wcba_contribution_day\">Contributors day 24.4.2016<\/h2>\n<h3>Impact HUB Bratislava<\/h3>\n<p>Hviezdoslavovo n\u00e1mestie 20<br \/>\n811 02 Bratislava<\/p>\n<p>&nbsp;<\/p>\n<div class=\"googlemaps\">\n\t\t\t\t<iframe loading=\"lazy\" width=\"600\" height=\"450\" frameborder=\"0\" scrolling=\"no\" marginheight=\"0\" marginwidth=\"0\"  src=\"https:\/\/www.google.com\/maps\/embed?pb=!1m18!1m12!1m3!1d2175.0230170698574!2d17.10740971342632!3d48.142161118345975!2m3!1f0!2f0!3f0!3m2!1i1024!2i768!4f13.1!3m3!1m2!1s0x476c8942bda9af2b:0x55db68304171fc6f!2sHviezdoslavovo%20n\u00e1mestie%20176\/20,%20811%2002%20Bratislava!5e0!3m2!1ssk!2ssk!4v1455540390401\"><\/iframe>\n\t\t\t<\/div>\n","protected":false},"excerpt":{"rendered":"<p>WordCamp Bratislava 23.4.2016 Slovensk\u00e1 technick\u00e1 univerzita Fakulta informatiky a informa\u010dn\u00fdch technol\u00f3gi\u00ed Ilkovi\u010dova 6276, Bratislava, 841 04 (FIIT STU) v Bratislave Pripravili sme si pre teba podrobn\u00e9 inform\u00e1cie, ako n\u00e1s n\u00e1jde\u0161. \u010ci u\u017e p\u00f4jde\u0161 pe\u0161o, autobusom, vlakom alebo autom. S t\u00fdmito in\u0161trukciami sa ur\u010dite nestrat\u00ed\u0161. Dokonca k n\u00e1m traf\u00ed\u0161 aj z letiska. Mysleli sme na v\u0161etko. [&hellip;]<\/p>\n","protected":false},"author":13802142,"featured_media":0,"parent":0,"menu_order":0,"comment_status":"closed","ping_status":"closed","template":"","meta":{"jetpack_post_was_ever_published":false,"footnotes":""},"class_list":["post-11","page","type-page","status-publish","hentry"],"jetpack_sharing_enabled":true,"jetpack_shortlink":"https:\/\/wp.me\/P77Ksd-b","_links":{"self":[{"href":"https:\/\/bratislava.wordcamp.org\/2016\/wp-json\/wp\/v2\/pages\/11","targetHints":{"allow":["GET"]}}],"collection":[{"href":"https:\/\/bratislava.wordcamp.org\/2016\/wp-json\/wp\/v2\/pages"}],"about":[{"href":"https:\/\/bratislava.wordcamp.org\/2016\/wp-json\/wp\/v2\/types\/page"}],"author":[{"embeddable":true,"href":"https:\/\/bratislava.wordcamp.org\/2016\/wp-json\/wp\/v2\/users\/13802142"}],"replies":[{"embeddable":true,"href":"https:\/\/bratislava.wordcamp.org\/2016\/wp-json\/wp\/v2\/comments?post=11"}],"version-history":[{"count":15,"href":"https:\/\/bratislava.wordcamp.org\/2016\/wp-json\/wp\/v2\/pages\/11\/revisions"}],"predecessor-version":[{"id":999,"href":"https:\/\/bratislava.wordcamp.org\/2016\/wp-json\/wp\/v2\/pages\/11\/revisions\/999"}],"wp:attachment":[{"href":"https:\/\/bratislava.wordcamp.org\/2016\/wp-json\/wp\/v2\/media?parent=11"}],"curies":[{"name":"wp","href":"https:\/\/api.w.org\/{rel}","templated":true}]}}